{"id":20216182,"date":"2024-11-07T20:02:56","date_gmt":"2024-11-07T19:02:56","guid":{"rendered":"https:\/\/javataste.de\/?post_type=product&#038;p=20216182"},"modified":"2026-02-24T12:32:22","modified_gmt":"2026-02-24T11:32:22","slug":"nesia-melindjo-pedas-nusschips-150g","status":"publish","type":"product","link":"https:\/\/javataste.de\/en\/product\/nesia-melindjo-pedas-nusschips-150g\/","title":{"rendered":"Nesia Melindjo Pedas \u2013 scharfe Nusschips 150g"},"content":{"rendered":"<p>Melinjo Pedas sind w\u00fcrzige Nuss-Chips. Diese Chips sind bereits vorgefertigt und m\u00fcssen nicht gebacken werden. K\u00f6stlich s\u00fc\u00df und w\u00fcrzig.<\/p>\n<p>Melinjo oder emping Belinjo genannt, ist ein Snack aus der indonesischen K\u00fcche. Emping bedeutet Chips, Belinjo ist der Name f\u00fcr die Nuss. Die Nuss stammt vom indonesischen Gnetum-Gnemon-Baum. Die Nuss wird aus den orange-roten Fr\u00fcchten gewonnen. Die Fr\u00fcchte werden ger\u00f6stet, die Haut l\u00e4sst sich dann leicht entfernen. Der wei\u00dfe Kern wird flach geklopft und in der Sonne getrocknet. Ein Emping besteht aus drei bis f\u00fcnf N\u00fcssen, die getrockneten N\u00fcsse werden vor der Verwendung zu luftig-knusprigen Chips frittiert. Der Geschmack ist speziell, da er ziemlich bitter ist, muss man sich erst daran gew\u00f6hnen. Aber wenn man sich erst einmal daran gew\u00f6hnt hat, kann es s\u00fcchtig machend lecker sein. Dieses Produkt ist zu 100 % halal. Emping wird mit einer Prise Salz einfach als Snack gegessen, als Teil eines Reistisches oder unter anderem mit Gado Gado.<\/p>\n<p><b><strong>Zutaten:<\/strong><\/b><\/p>\n<p>Melindjo, Zucker, Chili, Pflanzen\u00f6l, Salz<\/p>\n<p>&nbsp;<\/p>\n<p>Melinjo Pedas is a spicy nut chips. These chips are already ready to eat and do not need to be baked. Deliciously sweet and spicy.<\/p>\n<p>Melinjo or called emping Belinjo, is a snack from Indonesian cuisine. Emping means chips, Belinjo is the name for the nut. The nut comes from the Indonesian gnetum gnemon tree. The nut is extracted from the orange-red fruits. The fruit is roasted, the skin is then easily removed. The white seed this then remains is beaten flat and dried in the sun. One Emping consists of three to five nuts.Before use, the dried nuts are fried to an airy crispy chips. The taste is special, since it is fairly bitter one will have to get used to it. But once one gets used to it then it can be addictively delicious. This product in 100% halal. Emping is eaten with a pinch of salt simply as a snack, as part of a rice table or with gado gado, among others.<\/p>\n<p><b><strong>Ingredients:<\/strong><\/b><\/p>\n<p>Melindjo, sugar, chilli, vegetable oil, salt<\/p>","protected":false},"excerpt":{"rendered":"<p>Melinjo Pedas sind w\u00fcrzige Nuss-Chips. Diese Chips sind bereits vorgefertigt und m\u00fcssen nicht gebacken werden. K\u00f6stlich s\u00fc\u00df und w\u00fcrzig.<\/p>","protected":false},"featured_media":20216183,"comment_status":"open","ping_status":"closed","template":"","meta":{"om_disable_all_campaigns":false,"_monsterinsights_skip_tracking":false,"_monsterinsights_sitenote_active":false,"_monsterinsights_sitenote_note":"","_monsterinsights_sitenote_category":0},"product_brand":[],"product_cat":[81],"product_tag":[],"class_list":{"0":"post-20216182","1":"product","2":"type-product","3":"status-publish","4":"has-post-thumbnail","6":"product_cat-snacks","8":"first","9":"instock","10":"shipping-taxable","11":"purchasable","12":"product-type-simple"},"aioseo_notices":[],"_links":{"self":[{"href":"https:\/\/javataste.de\/en\/wp-json\/wp\/v2\/product\/20216182","targetHints":{"allow":["GET"]}}],"collection":[{"href":"https:\/\/javataste.de\/en\/wp-json\/wp\/v2\/product"}],"about":[{"href":"https:\/\/javataste.de\/en\/wp-json\/wp\/v2\/types\/product"}],"replies":[{"embeddable":true,"href":"https:\/\/javataste.de\/en\/wp-json\/wp\/v2\/comments?post=20216182"}],"wp:featuredmedia":[{"embeddable":true,"href":"https:\/\/javataste.de\/en\/wp-json\/wp\/v2\/media\/20216183"}],"wp:attachment":[{"href":"https:\/\/javataste.de\/en\/wp-json\/wp\/v2\/media?parent=20216182"}],"wp:term":[{"taxonomy":"product_brand","embeddable":true,"href":"https:\/\/javataste.de\/en\/wp-json\/wp\/v2\/product_brand?post=20216182"},{"taxonomy":"product_cat","embeddable":true,"href":"https:\/\/javataste.de\/en\/wp-json\/wp\/v2\/product_cat?post=20216182"},{"taxonomy":"product_tag","embeddable":true,"href":"https:\/\/javataste.de\/en\/wp-json\/wp\/v2\/product_tag?post=20216182"}],"curies":[{"name":"wp","href":"https:\/\/api.w.org\/{rel}","templated":true}]}}