{"id":20216180,"date":"2024-11-06T20:55:53","date_gmt":"2024-11-06T19:55:53","guid":{"rendered":"https:\/\/javataste.de\/?post_type=product&#038;p=20216180"},"modified":"2026-02-24T14:38:45","modified_gmt":"2026-02-24T13:38:45","slug":"dua-belibis-sauce-tomate-340ml","status":"publish","type":"product","link":"https:\/\/javataste.de\/en\/product\/dua-belibis-sauce-tomate-340ml\/","title":{"rendered":"Dua BELIBIS Sauce Tomate 340ml [MHD 04.3.2026]"},"content":{"rendered":"<p>Der frische Tomatengeschmack mit der richtigen Mischung aus s\u00fc\u00dfem und saurem Geschmack macht Dua Belibis Tomatensauce zu etwas ganz Besonderem.<\/p>\n<p>Vorteile der Tomatenso\u00dfe (Unique Selling Point):<\/p>\n<ol>\n<li>Hergestellt aus hochwertigen und erstklassigen Zutaten<\/li>\n<li>Frischer Tomatengeschmack mit der richtigen Mischung aus s\u00fc\u00dfem und saurem Geschmack<\/li>\n<li>BPOM-, HALAL-, ISO 2000- und HACCP-Zertifizierung<\/li>\n<li>Erf\u00fcllt GMP- und Lebensmittelsicherheitsstandards 5. Erh\u00e4ltlich in verschiedenen Verpackungsarten, die an Ihre Bed\u00fcrfnisse angepasst werden k\u00f6nnen<\/li>\n<\/ol>\n<p>&nbsp;<\/p>\n<p>The fresh tomato flavor with the right blend of sour and sweet flavors makes Dua Belibis tomato sauce even more special.<\/p>\n<p>Tomato Sauce Advantages (Unique Selling Point):<\/p>\n<ol>\n<li>Produced from quality and premium ingredients<\/li>\n<li>Fresh tomato flavor with the right blend of sour and sweet flavors<\/li>\n<li>BPOM, HALAL, ISO 2000 and HACCP certifications<\/li>\n<li>Meets GMP and Food Safety standards 5. Available in various types of packaging that can be customized according to your needs<\/li>\n<\/ol>","protected":false},"excerpt":{"rendered":"<p>Der frische Tomatengeschmack mit der richtigen Mischung aus s\u00fc\u00dfem und saurem Geschmack macht Dua Belibis Tomatensauce zu etwas ganz Besonderem.<\/p>","protected":false},"featured_media":20216181,"comment_status":"open","ping_status":"closed","template":"","meta":{"om_disable_all_campaigns":false,"_monsterinsights_skip_tracking":false,"_monsterinsights_sitenote_active":false,"_monsterinsights_sitenote_note":"","_monsterinsights_sitenote_category":0},"product_brand":[],"product_cat":[256,339,88],"product_tag":[181,400,401],"class_list":{"0":"post-20216180","1":"product","2":"type-product","3":"status-publish","4":"has-post-thumbnail","6":"product_cat-chilisauce","7":"product_cat-sauce","8":"product_cat-angebote","9":"product_tag-dua-belibis","10":"product_tag-saos","11":"product_tag-sauce","13":"first","14":"instock","15":"sale","16":"purchasable","17":"product-type-simple"},"aioseo_notices":[],"_links":{"self":[{"href":"https:\/\/javataste.de\/en\/wp-json\/wp\/v2\/product\/20216180","targetHints":{"allow":["GET"]}}],"collection":[{"href":"https:\/\/javataste.de\/en\/wp-json\/wp\/v2\/product"}],"about":[{"href":"https:\/\/javataste.de\/en\/wp-json\/wp\/v2\/types\/product"}],"replies":[{"embeddable":true,"href":"https:\/\/javataste.de\/en\/wp-json\/wp\/v2\/comments?post=20216180"}],"wp:featuredmedia":[{"embeddable":true,"href":"https:\/\/javataste.de\/en\/wp-json\/wp\/v2\/media\/20216181"}],"wp:attachment":[{"href":"https:\/\/javataste.de\/en\/wp-json\/wp\/v2\/media?parent=20216180"}],"wp:term":[{"taxonomy":"product_brand","embeddable":true,"href":"https:\/\/javataste.de\/en\/wp-json\/wp\/v2\/product_brand?post=20216180"},{"taxonomy":"product_cat","embeddable":true,"href":"https:\/\/javataste.de\/en\/wp-json\/wp\/v2\/product_cat?post=20216180"},{"taxonomy":"product_tag","embeddable":true,"href":"https:\/\/javataste.de\/en\/wp-json\/wp\/v2\/product_tag?post=20216180"}],"curies":[{"name":"wp","href":"https:\/\/api.w.org\/{rel}","templated":true}]}}