{"id":20216174,"date":"2024-11-06T20:20:31","date_gmt":"2024-11-06T19:20:31","guid":{"rendered":"https:\/\/javataste.de\/?post_type=product&#038;p=20216174"},"modified":"2026-02-11T12:27:14","modified_gmt":"2026-02-11T11:27:14","slug":"bango-kecap-manis-620ml","status":"publish","type":"product","link":"https:\/\/javataste.de\/en\/product\/bango-kecap-manis-620ml\/","title":{"rendered":"Bango Kecap Manis 620ml"},"content":{"rendered":"<p>Bango wird vollst\u00e4ndig aus einer Mischung von 4 hochwertigen nat\u00fcrlichen Zutaten hergestellt: schwarze Mallika-Sojabohnen, Zucker, Salz und Wasser. Kreieren Sie den echten Geschmack von Sojasauce. Denn Bango ist seit 1928 der Schl\u00fcssel zu k\u00f6stlicher K\u00fcche. Bango Kecap wurde 1928 von Herrn Tjoa Pit im Gro\u00dfraum Jakarta gegr\u00fcndet. Der Name Bango wurde gew\u00e4hlt, um seinen Wunsch darzustellen, dass die s\u00fc\u00dfe Sojasauce, die er mit ganzem Herzen zubereitete, wie ein Vogel hoch und weit fliegen k\u00f6nnte. Durch harte Arbeit und Konsequenz ist es dem Bango-Sojasaucengesch\u00e4ft gelungen, schnell zu wachsen, insbesondere unter der F\u00fchrung der dritten Generation des Eigent\u00fcmers. Im Jahr 2001 erwarb Unilever die Marke und das Unternehmen und seitdem ist das Wachstum vielversprechend. Der Slogan \u201eAbsolut Sojasauce\u201c und der Jargon \u201eDer Geschmack l\u00fcgt nie\u201c wurden 2001 eingef\u00fchrt, um Bangos Position als hochwertige Sojasauce zu festigen, die einen in Indonesien einzigartigen Geschmack bietet. Die schwarze Sojasauce von Bango wird nur aus 4 ausgew\u00e4hlten, hochwertigen Zutaten hergestellt: schwarzen \u201eMallika\u201c-Sojabohnen, Kokosbl\u00fctenzucker, Salz und Wasser, die in einem speziellen Verfahren gut vermischt werden und den besten Geschmack ergeben, der die Sojasauce von Bango von anderen Produkten unterscheidet. Unsere Marke hat au\u00dferdem das hehre Ziel, stets danach zu streben, den \u00f6kologischen Fu\u00dfabdruck zu reduzieren und positive Vorteile f\u00fcr die Gesellschaft zu erzielen.<\/p>","protected":false},"excerpt":{"rendered":"<p>S\u00fc\u00df statt salzig: Ketjap Manis<br \/>\nUnser Ketjap Manis hat nichts mit Tomatenketchup zu tun, sondern <b>beschreibt eine s\u00fc\u00dfe Sojasauce aus Indonesien<\/b>. Genau genommen handelt es sich um eine leicht dickfl\u00fcssige Sauce mit einem intensiv-s\u00fc\u00dflichem Aroma, die ideal zu Reis, Fisch, Fleisch und Gem\u00fcse passt.<\/p>\n<p>Zutaten: Zucker, Wasser, nat\u00fcrlicher Karamellfarbstoff III, verarbeitetes Ammoniak (enth\u00e4lt <strong>Sulfit<\/strong>), Kaliumchlorid, Salz, pflanzlicher Stabilisator aus <strong>schwarzen Sojabohnen (1,5 %)<\/strong>, Geschmacksverst\u00e4rker (Mononatriumglutamat, Dinatriuminosinat und Guanylat), hydrolysiertes Pflanzenprotein (enth\u00e4lt <strong>Sojabohnen<\/strong> und Geschmacksverst\u00e4rker 5&#8242;-Ribonukleotide), S\u00e4ureregulatoren und Konservierungsmittel (enth\u00e4lt Natriumbenzoat und Sorbat).<br \/>\nEnth\u00e4lt Allergene, siehe fettgedruckte Inhaltstoffe.<br \/>\nKann Sp\u00fcren von Gluten, Fisch, Tintenfisch, Austern und Senf enthalten.<\/p>","protected":false},"featured_media":20216175,"comment_status":"open","ping_status":"closed","template":"","meta":{"om_disable_all_campaigns":false,"_monsterinsights_skip_tracking":false,"_monsterinsights_sitenote_active":false,"_monsterinsights_sitenote_note":"","_monsterinsights_sitenote_category":0},"product_brand":[],"product_cat":[79],"product_tag":[163,327],"class_list":{"0":"post-20216174","1":"product","2":"type-product","3":"status-publish","4":"has-post-thumbnail","6":"product_cat-lebensmittel","7":"product_tag-bango","8":"product_tag-kecap","9":"product_shipping_class-bis-10kg","11":"first","12":"instock","13":"purchasable","14":"product-type-simple"},"aioseo_notices":[],"_links":{"self":[{"href":"https:\/\/javataste.de\/en\/wp-json\/wp\/v2\/product\/20216174","targetHints":{"allow":["GET"]}}],"collection":[{"href":"https:\/\/javataste.de\/en\/wp-json\/wp\/v2\/product"}],"about":[{"href":"https:\/\/javataste.de\/en\/wp-json\/wp\/v2\/types\/product"}],"replies":[{"embeddable":true,"href":"https:\/\/javataste.de\/en\/wp-json\/wp\/v2\/comments?post=20216174"}],"wp:featuredmedia":[{"embeddable":true,"href":"https:\/\/javataste.de\/en\/wp-json\/wp\/v2\/media\/20216175"}],"wp:attachment":[{"href":"https:\/\/javataste.de\/en\/wp-json\/wp\/v2\/media?parent=20216174"}],"wp:term":[{"taxonomy":"product_brand","embeddable":true,"href":"https:\/\/javataste.de\/en\/wp-json\/wp\/v2\/product_brand?post=20216174"},{"taxonomy":"product_cat","embeddable":true,"href":"https:\/\/javataste.de\/en\/wp-json\/wp\/v2\/product_cat?post=20216174"},{"taxonomy":"product_tag","embeddable":true,"href":"https:\/\/javataste.de\/en\/wp-json\/wp\/v2\/product_tag?post=20216174"}],"curies":[{"name":"wp","href":"https:\/\/api.w.org\/{rel}","templated":true}]}}