{"id":20216167,"date":"2024-11-06T19:37:15","date_gmt":"2024-11-06T18:37:15","guid":{"rendered":"https:\/\/javataste.de\/?post_type=product&#038;p=20216167"},"modified":"2026-04-21T19:57:51","modified_gmt":"2026-04-21T17:57:51","slug":"salonpas-hisamitsu-schmerzlinderung-waermepflaster-10x2","status":"publish","type":"product","link":"https:\/\/javataste.de\/en\/product\/salonpas-hisamitsu-schmerzlinderung-waermepflaster-10x2\/","title":{"rendered":"SALONPAS Hisamitsu Schmerzlinderung W\u00e4rmepflaster 10&#215;2"},"content":{"rendered":"<p><strong>Gro\u00dfes, unparf\u00fcmiertes Schmerzpflaster mit stimulierendem Capsaicin<\/strong><\/p>\n<p><sup>Salonpas\u00ae<\/sup> enth\u00e4lt Capsaicin, ein unparf\u00fcmiertes topisches Analgetikum. Es wird aus Chilischoten gewonnen und sorgt f\u00fcr ein w\u00e4rmendes Gef\u00fchl zur Schmerzlinderung. <sup>Salonpas\u00ae<\/sup> kann bis zu 8 Stunden lang angewendet werden.<\/p>\n<p>&nbsp;<\/p>\n<p><strong>Large, unscented pain relief patch with stimulating capsaicin<\/strong><\/p>\n<p>Salonpas<sup>\u00ae<\/sup> contains Capsaicin, an unscented topical analgesic. It is derived from chili peppers and provides a warming sensation to relieve pain. Salonpas<sup>\u00ae<\/sup> can be applied for up to 8 hours.<\/p>","protected":false},"excerpt":{"rendered":"<p><strong>Gro\u00dfes, unparf\u00fcmiertes Schmerzpflaster mit stimulierendem Capsaicin<\/strong><\/p>\n<p>&nbsp;<\/p>","protected":false},"featured_media":20216168,"comment_status":"open","ping_status":"closed","template":"","meta":{"om_disable_all_campaigns":false,"_monsterinsights_skip_tracking":false,"_monsterinsights_sitenote_active":false,"_monsterinsights_sitenote_note":"","_monsterinsights_sitenote_category":0},"product_brand":[],"product_cat":[257,153],"product_tag":[295,191,297,190,296],"class_list":{"0":"post-20216167","1":"product","2":"type-product","3":"status-publish","4":"has-post-thumbnail","6":"product_cat-drogerie","7":"product_cat-sonstiges","8":"product_tag-hisamitsu","9":"product_tag-koyo","10":"product_tag-pflaster","11":"product_tag-salonpas","12":"product_tag-schmerzlinderung","14":"first","15":"outofstock","16":"purchasable","17":"product-type-simple"},"aioseo_notices":[],"_links":{"self":[{"href":"https:\/\/javataste.de\/en\/wp-json\/wp\/v2\/product\/20216167","targetHints":{"allow":["GET"]}}],"collection":[{"href":"https:\/\/javataste.de\/en\/wp-json\/wp\/v2\/product"}],"about":[{"href":"https:\/\/javataste.de\/en\/wp-json\/wp\/v2\/types\/product"}],"replies":[{"embeddable":true,"href":"https:\/\/javataste.de\/en\/wp-json\/wp\/v2\/comments?post=20216167"}],"wp:featuredmedia":[{"embeddable":true,"href":"https:\/\/javataste.de\/en\/wp-json\/wp\/v2\/media\/20216168"}],"wp:attachment":[{"href":"https:\/\/javataste.de\/en\/wp-json\/wp\/v2\/media?parent=20216167"}],"wp:term":[{"taxonomy":"product_brand","embeddable":true,"href":"https:\/\/javataste.de\/en\/wp-json\/wp\/v2\/product_brand?post=20216167"},{"taxonomy":"product_cat","embeddable":true,"href":"https:\/\/javataste.de\/en\/wp-json\/wp\/v2\/product_cat?post=20216167"},{"taxonomy":"product_tag","embeddable":true,"href":"https:\/\/javataste.de\/en\/wp-json\/wp\/v2\/product_tag?post=20216167"}],"curies":[{"name":"wp","href":"https:\/\/api.w.org\/{rel}","templated":true}]}}