{"id":20216057,"date":"2024-04-18T11:49:12","date_gmt":"2024-04-18T09:49:12","guid":{"rendered":"https:\/\/javataste.de\/?post_type=product&#038;p=20216057"},"modified":"2025-01-27T10:33:14","modified_gmt":"2025-01-27T09:33:14","slug":"abc-sambal-terasi-18g","status":"publish","type":"product","link":"https:\/\/javataste.de\/en\/product\/abc-sambal-terasi-18g\/","title":{"rendered":"ABC Sambal Terasi 18g"},"content":{"rendered":"<div>ABC Traditional Sambal wird aus einer perfekten Mischung hochwertiger, ausgew\u00e4hlter Chilis mit einer Vielzahl authentischer indonesischer Gew\u00fcrze hergestellt, die einen unverwechselbar scharfen Geschmack erzeugen.<\/div>\n<div><\/div>\n<div>Produkt-Zutaten:<\/div>\n<div>Chili (44%), Zucker, Pflanzen\u00f6l, Garnelenpaste (6%), Salz, Geschmacksverst\u00e4rker (Mononatriumglutamat und Natriuminosinat), pflanzlicher Stabilisator, S\u00e4ureregulator, synthetisches Aroma (enth\u00e4lt Geschmacksverst\u00e4rker Mononatriumglutamat, Natriumribonukleotid und Natriuminosinat), Konservierungsmittel (Kaliumsorbat und Natriummetabisulfit), Wasser, nat\u00fcrlicher S\u00fc\u00dfstoff Steviolglykoside.<\/div>","protected":false},"excerpt":{"rendered":"<p>ABC Traditional Sambal wird aus einer perfekten Mischung hochwertiger, ausgew\u00e4hlter Chilis mit einer Vielzahl authentischer indonesischer Gew\u00fcrze hergestellt, die einen unverwechselbar scharfen Geschmack erzeugen.<\/p>","protected":false},"featured_media":20216059,"comment_status":"open","ping_status":"closed","template":"","meta":{"om_disable_all_campaigns":false,"_monsterinsights_skip_tracking":false,"_monsterinsights_sitenote_active":false,"_monsterinsights_sitenote_note":"","_monsterinsights_sitenote_category":0},"product_brand":[],"product_cat":[256],"product_tag":[112,394,373,312,393],"class_list":{"0":"post-20216057","1":"product","2":"type-product","3":"status-publish","4":"has-post-thumbnail","6":"product_cat-chilisauce","7":"product_tag-abc","8":"product_tag-chili","9":"product_tag-pedas","10":"product_tag-sambal","11":"product_tag-schaerfe","13":"first","14":"outofstock","15":"shipping-taxable","16":"purchasable","17":"product-type-simple"},"aioseo_notices":[],"_links":{"self":[{"href":"https:\/\/javataste.de\/en\/wp-json\/wp\/v2\/product\/20216057","targetHints":{"allow":["GET"]}}],"collection":[{"href":"https:\/\/javataste.de\/en\/wp-json\/wp\/v2\/product"}],"about":[{"href":"https:\/\/javataste.de\/en\/wp-json\/wp\/v2\/types\/product"}],"replies":[{"embeddable":true,"href":"https:\/\/javataste.de\/en\/wp-json\/wp\/v2\/comments?post=20216057"}],"wp:featuredmedia":[{"embeddable":true,"href":"https:\/\/javataste.de\/en\/wp-json\/wp\/v2\/media\/20216059"}],"wp:attachment":[{"href":"https:\/\/javataste.de\/en\/wp-json\/wp\/v2\/media?parent=20216057"}],"wp:term":[{"taxonomy":"product_brand","embeddable":true,"href":"https:\/\/javataste.de\/en\/wp-json\/wp\/v2\/product_brand?post=20216057"},{"taxonomy":"product_cat","embeddable":true,"href":"https:\/\/javataste.de\/en\/wp-json\/wp\/v2\/product_cat?post=20216057"},{"taxonomy":"product_tag","embeddable":true,"href":"https:\/\/javataste.de\/en\/wp-json\/wp\/v2\/product_tag?post=20216057"}],"curies":[{"name":"wp","href":"https:\/\/api.w.org\/{rel}","templated":true}]}}