{"id":20216054,"date":"2024-04-18T11:44:45","date_gmt":"2024-04-18T09:44:45","guid":{"rendered":"https:\/\/javataste.de\/?post_type=product&#038;p=20216054"},"modified":"2026-04-03T11:30:09","modified_gmt":"2026-04-03T09:30:09","slug":"finna-sambal-pedas-uleg-18g","status":"publish","type":"product","link":"https:\/\/javataste.de\/en\/product\/finna-sambal-pedas-uleg-18g\/","title":{"rendered":"Finna Sambal Pedas Uleg 18g"},"content":{"rendered":"<div>\n<div>ULEG verwaltet die nat\u00fcrlichen Ressourcen Indonesiens, insbesondere ausgew\u00e4hlte Chilis und Gew\u00fcrze, die in der richtigen Zusammensetzung und mit hochwertigen Gew\u00fcrzen verarbeitet werden, damit der Geschmack von ULEG Sambal im Herzen bleibt. ULEG versteht Ihre Geschmacksnerven.<\/div>\n<div><\/div>\n<div>Zutaten : Chili (49,80%), Pflanzen\u00f6l, rote Zwiebel, Kandelnuss (6,75%), Knoblauch, Wasser, Salz, Zucker, pflanzliches Verdickungsmittel, Essigs\u00e4ure als S\u00e4ureregulator, Geschmacksverst\u00e4rker Mononatrium L-Glutamat, Konservierungsmittel (Natriumbenzoat und Kaliumsorbat).<\/div>\n<div><\/div>\n<div>Kann als Begleiter f\u00fcr verschiedene Arten von Lebensmitteln verwendet werden, wie z. B. Chilisauce f\u00fcr Soto, pikanter gebratener Reis, H\u00fchnergeprek, Grundzutaten zum Kochen usw.<\/div>\n<\/div>","protected":false},"excerpt":{"rendered":"<p>ULEG verwaltet die nat\u00fcrlichen Ressourcen Indonesiens, insbesondere ausgew\u00e4hlte Chilis und Gew\u00fcrze, die in der richtigen Zusammensetzung und mit hochwertigen Gew\u00fcrzen verarbeitet werden, damit der Geschmack von ULEG Sambal im Herzen bleibt. ULEG versteht Ihre Geschmacksnerven.<\/p>","protected":false},"featured_media":20216056,"comment_status":"open","ping_status":"closed","template":"","meta":{"om_disable_all_campaigns":false,"_monsterinsights_skip_tracking":false,"_monsterinsights_sitenote_active":false,"_monsterinsights_sitenote_note":"","_monsterinsights_sitenote_category":0},"product_brand":[],"product_cat":[256,79,88],"product_tag":[394,126,373,312,393],"class_list":{"0":"post-20216054","1":"product","2":"type-product","3":"status-publish","4":"has-post-thumbnail","6":"product_cat-chilisauce","7":"product_cat-lebensmittel","8":"product_cat-angebote","9":"product_tag-chili","10":"product_tag-finna","11":"product_tag-pedas","12":"product_tag-sambal","13":"product_tag-schaerfe","15":"first","16":"instock","17":"sale","18":"shipping-taxable","19":"purchasable","20":"product-type-simple"},"aioseo_notices":[],"_links":{"self":[{"href":"https:\/\/javataste.de\/en\/wp-json\/wp\/v2\/product\/20216054","targetHints":{"allow":["GET"]}}],"collection":[{"href":"https:\/\/javataste.de\/en\/wp-json\/wp\/v2\/product"}],"about":[{"href":"https:\/\/javataste.de\/en\/wp-json\/wp\/v2\/types\/product"}],"replies":[{"embeddable":true,"href":"https:\/\/javataste.de\/en\/wp-json\/wp\/v2\/comments?post=20216054"}],"wp:featuredmedia":[{"embeddable":true,"href":"https:\/\/javataste.de\/en\/wp-json\/wp\/v2\/media\/20216056"}],"wp:attachment":[{"href":"https:\/\/javataste.de\/en\/wp-json\/wp\/v2\/media?parent=20216054"}],"wp:term":[{"taxonomy":"product_brand","embeddable":true,"href":"https:\/\/javataste.de\/en\/wp-json\/wp\/v2\/product_brand?post=20216054"},{"taxonomy":"product_cat","embeddable":true,"href":"https:\/\/javataste.de\/en\/wp-json\/wp\/v2\/product_cat?post=20216054"},{"taxonomy":"product_tag","embeddable":true,"href":"https:\/\/javataste.de\/en\/wp-json\/wp\/v2\/product_tag?post=20216054"}],"curies":[{"name":"wp","href":"https:\/\/api.w.org\/{rel}","templated":true}]}}