{"id":20216040,"date":"2024-04-18T11:27:10","date_gmt":"2024-04-18T09:27:10","guid":{"rendered":"https:\/\/javataste.de\/?post_type=product&#038;p=20216040"},"modified":"2026-04-04T17:50:19","modified_gmt":"2026-04-04T15:50:19","slug":"finna-sambal-geprek-uleg-18g","status":"publish","type":"product","link":"https:\/\/javataste.de\/en\/product\/finna-sambal-geprek-uleg-18g\/","title":{"rendered":"Finna Sambal Geprek Uleg 17g"},"content":{"rendered":"<div>Finna pr\u00e4sentiert ein hausgemachtes Sambal Geprek aus ausgew\u00e4hlten frischen Chilis, kombiniert mit Garnelen und hochwertigen Gew\u00fcrzen, um Familienmahlzeiten noch angenehmer zu gestalten.<\/div>\n<div><\/div>\n<div>Zutaten: Chili (66,5%), Knoblauch (10%), Pflanzen\u00f6l, Zucker, Salz, Geschmacksverst\u00e4rker (Mononatrium L-Glutamat, Dinatrium 5&#8242;-Ribonukleotid), Konservierungsmittel (Kaliumsorbat und Natriumbenzoat).<\/div>\n<div>Kann als Beilage zu einer Vielzahl von Lebensmitteln verwendet werden, z. B. als Chilisauce f\u00fcr gebratenen Fisch, gebratenes H\u00e4hnchen, gebratenen Tofu und Tempeh, sowie als Grundzutat zum Kochen usw.<\/div>\n<div><\/div>\n<div>Verpackungsgr\u00f6\u00dfe: 6,5 X 0,5 X 8 cm<\/div>\n<div><\/div>\n<div><\/div>","protected":false},"excerpt":{"rendered":"<p>Finna pr\u00e4sentiert ein hausgemachtes Sambal Geprek aus ausgew\u00e4hlten frischen Chilis, kombiniert mit Garnelen und hochwertigen Gew\u00fcrzen, um Familienmahlzeiten noch angenehmer zu gestalten.<\/p>","protected":false},"featured_media":20216051,"comment_status":"open","ping_status":"closed","template":"","meta":{"om_disable_all_campaigns":false,"_monsterinsights_skip_tracking":false,"_monsterinsights_sitenote_active":false,"_monsterinsights_sitenote_note":"","_monsterinsights_sitenote_category":0},"product_brand":[],"product_cat":[256],"product_tag":[394,126,395,312,393],"class_list":{"0":"post-20216040","1":"product","2":"type-product","3":"status-publish","4":"has-post-thumbnail","6":"product_cat-chilisauce","7":"product_tag-chili","8":"product_tag-finna","9":"product_tag-geprek","10":"product_tag-sambal","11":"product_tag-schaerfe","13":"first","14":"instock","15":"shipping-taxable","16":"purchasable","17":"product-type-simple"},"aioseo_notices":[],"_links":{"self":[{"href":"https:\/\/javataste.de\/en\/wp-json\/wp\/v2\/product\/20216040","targetHints":{"allow":["GET"]}}],"collection":[{"href":"https:\/\/javataste.de\/en\/wp-json\/wp\/v2\/product"}],"about":[{"href":"https:\/\/javataste.de\/en\/wp-json\/wp\/v2\/types\/product"}],"replies":[{"embeddable":true,"href":"https:\/\/javataste.de\/en\/wp-json\/wp\/v2\/comments?post=20216040"}],"wp:featuredmedia":[{"embeddable":true,"href":"https:\/\/javataste.de\/en\/wp-json\/wp\/v2\/media\/20216051"}],"wp:attachment":[{"href":"https:\/\/javataste.de\/en\/wp-json\/wp\/v2\/media?parent=20216040"}],"wp:term":[{"taxonomy":"product_brand","embeddable":true,"href":"https:\/\/javataste.de\/en\/wp-json\/wp\/v2\/product_brand?post=20216040"},{"taxonomy":"product_cat","embeddable":true,"href":"https:\/\/javataste.de\/en\/wp-json\/wp\/v2\/product_cat?post=20216040"},{"taxonomy":"product_tag","embeddable":true,"href":"https:\/\/javataste.de\/en\/wp-json\/wp\/v2\/product_tag?post=20216040"}],"curies":[{"name":"wp","href":"https:\/\/api.w.org\/{rel}","templated":true}]}}