{"id":20216038,"date":"2024-04-18T11:10:41","date_gmt":"2024-04-18T09:10:41","guid":{"rendered":"https:\/\/javataste.de\/?post_type=product&#038;p=20216038"},"modified":"2025-01-26T18:10:16","modified_gmt":"2025-01-26T17:10:16","slug":"nesia-bamboo-rice-basket","status":"publish","type":"product","link":"https:\/\/javataste.de\/en\/product\/nesia-bamboo-rice-basket\/","title":{"rendered":"NESIA BAMBOO RICE BASKET"},"content":{"rendered":"<p>ein sch\u00f6ner Reisplatz mit einem Hauch von indonesischer \u00c4sthetik, der eine traditionelle Atmosph\u00e4re wie in Indonesien vermitteln kann<\/p>","protected":false},"excerpt":{"rendered":"<p>ein sch\u00f6ner Reisplatz mit einem Hauch von indonesischer \u00c4sthetik, der eine traditionelle Atmosph\u00e4re wie in Indonesien vermitteln kann<\/p>","protected":false},"featured_media":20216049,"comment_status":"open","ping_status":"closed","template":"","meta":{"om_disable_all_campaigns":false,"_monsterinsights_skip_tracking":false,"_monsterinsights_sitenote_active":false,"_monsterinsights_sitenote_note":"","_monsterinsights_sitenote_category":0},"product_brand":[],"product_cat":[152],"product_tag":[391,390,392,389],"class_list":{"0":"post-20216038","1":"product","2":"type-product","3":"status-publish","4":"has-post-thumbnail","6":"product_cat-zubehoer","7":"product_tag-estetik","8":"product_tag-gekochte-reis-bewahrun","9":"product_tag-indonesiag","10":"product_tag-tempat-nasi","11":"product_shipping_class-bis-5kg","13":"first","14":"instock","15":"shipping-taxable","16":"purchasable","17":"product-type-simple"},"aioseo_notices":[],"_links":{"self":[{"href":"https:\/\/javataste.de\/en\/wp-json\/wp\/v2\/product\/20216038","targetHints":{"allow":["GET"]}}],"collection":[{"href":"https:\/\/javataste.de\/en\/wp-json\/wp\/v2\/product"}],"about":[{"href":"https:\/\/javataste.de\/en\/wp-json\/wp\/v2\/types\/product"}],"replies":[{"embeddable":true,"href":"https:\/\/javataste.de\/en\/wp-json\/wp\/v2\/comments?post=20216038"}],"wp:featuredmedia":[{"embeddable":true,"href":"https:\/\/javataste.de\/en\/wp-json\/wp\/v2\/media\/20216049"}],"wp:attachment":[{"href":"https:\/\/javataste.de\/en\/wp-json\/wp\/v2\/media?parent=20216038"}],"wp:term":[{"taxonomy":"product_brand","embeddable":true,"href":"https:\/\/javataste.de\/en\/wp-json\/wp\/v2\/product_brand?post=20216038"},{"taxonomy":"product_cat","embeddable":true,"href":"https:\/\/javataste.de\/en\/wp-json\/wp\/v2\/product_cat?post=20216038"},{"taxonomy":"product_tag","embeddable":true,"href":"https:\/\/javataste.de\/en\/wp-json\/wp\/v2\/product_tag?post=20216038"}],"curies":[{"name":"wp","href":"https:\/\/api.w.org\/{rel}","templated":true}]}}