{"id":20216031,"date":"2024-03-14T03:51:37","date_gmt":"2024-03-14T02:51:37","guid":{"rendered":"https:\/\/javataste.de\/?post_type=product&#038;p=20216031"},"modified":"2026-02-23T11:58:01","modified_gmt":"2026-02-23T10:58:01","slug":"haan-pondan-chiffon-cake-mix-380g","status":"publish","type":"product","link":"https:\/\/javataste.de\/en\/product\/haan-pondan-chiffon-cake-mix-380g\/","title":{"rendered":"Haan Pandan Chiffon Cake Mix 380g"},"content":{"rendered":"<div>Ein Chiffon-Kuchen ist ein sehr leichter Kuchen, der mit Pflanzen\u00f6l, Eiern, Zucker, Mehl, Backpulver und Aromastoffen hergestellt wird. Durch die Verwendung von Pflanzen\u00f6l anstelle eines herk\u00f6mmlichen festen Fetts wie Butter oder Backfett ist es einfacher, Luft in den Teig zu schlagen. Daher erhalten Chiffon-Kuchen (ebenso wie Engelskuchen und andere Schaumkuchen) eine fluffige Textur, indem das Eiwei\u00df separat steif geschlagen und dann vor dem Backen unter den Kuchenteig gehoben wird. Die Bel\u00fcftungseigenschaften h\u00e4ngen sowohl von der Qualit\u00e4t des Baisers als auch von den chemischen Backtriebmitteln ab.<\/div>\n<div><\/div>\n<div>Ein Chiffon-Kuchen kombiniert Methoden, die bei Biskuitkuchen und herk\u00f6mmlichen Kuchen verwendet werden. Er enth\u00e4lt Backpulver und Pflanzen\u00f6l, aber die Eier werden getrennt und das Eiwei\u00df wird geschlagen, bevor es unter den Teig gehoben wird, so dass ein reichhaltiger Geschmack wie bei einem \u00d6lkuchen, aber eine leichtere Textur wie bei einem Biskuit entsteht.<\/div>\n<div><\/div>\n<div>Mit diesem Instan-Pulver k\u00f6nnen Sie diesen Chiffon-Kuchen ganz einfach zu Hause zubereiten und Ihrer Familie und Ihren Freunden diesen sch\u00f6nen und k\u00f6stlichen Sponge-Kuchen servieren.<\/div>","protected":false},"excerpt":{"rendered":"<p>Mit diesem Instan-Pulver k\u00f6nnen Sie diesen Chiffon-Kuchen ganz einfach zu Hause zubereiten und Ihrer Familie und Ihren Freunden diesen sch\u00f6nen und k\u00f6stlichen Sponge-Kuchen servieren.<\/p>","protected":false},"featured_media":20216032,"comment_status":"open","ping_status":"closed","template":"","meta":{"om_disable_all_campaigns":false,"_monsterinsights_skip_tracking":false,"_monsterinsights_sitenote_active":false,"_monsterinsights_sitenote_note":"","_monsterinsights_sitenote_category":0},"product_brand":[],"product_cat":[79],"product_tag":[323,322,387,388,386],"class_list":{"0":"post-20216031","1":"product","2":"type-product","3":"status-publish","4":"has-post-thumbnail","6":"product_cat-lebensmittel","7":"product_tag-cake","8":"product_tag-chiffon","9":"product_tag-instan-pulver","10":"product_tag-kuchen","11":"product_tag-tepung-instant","13":"first","14":"instock","15":"shipping-taxable","16":"purchasable","17":"product-type-simple"},"aioseo_notices":[],"_links":{"self":[{"href":"https:\/\/javataste.de\/en\/wp-json\/wp\/v2\/product\/20216031","targetHints":{"allow":["GET"]}}],"collection":[{"href":"https:\/\/javataste.de\/en\/wp-json\/wp\/v2\/product"}],"about":[{"href":"https:\/\/javataste.de\/en\/wp-json\/wp\/v2\/types\/product"}],"replies":[{"embeddable":true,"href":"https:\/\/javataste.de\/en\/wp-json\/wp\/v2\/comments?post=20216031"}],"wp:featuredmedia":[{"embeddable":true,"href":"https:\/\/javataste.de\/en\/wp-json\/wp\/v2\/media\/20216032"}],"wp:attachment":[{"href":"https:\/\/javataste.de\/en\/wp-json\/wp\/v2\/media?parent=20216031"}],"wp:term":[{"taxonomy":"product_brand","embeddable":true,"href":"https:\/\/javataste.de\/en\/wp-json\/wp\/v2\/product_brand?post=20216031"},{"taxonomy":"product_cat","embeddable":true,"href":"https:\/\/javataste.de\/en\/wp-json\/wp\/v2\/product_cat?post=20216031"},{"taxonomy":"product_tag","embeddable":true,"href":"https:\/\/javataste.de\/en\/wp-json\/wp\/v2\/product_tag?post=20216031"}],"curies":[{"name":"wp","href":"https:\/\/api.w.org\/{rel}","templated":true}]}}