{"id":20216012,"date":"2024-03-13T20:11:37","date_gmt":"2024-03-13T19:11:37","guid":{"rendered":"https:\/\/javataste.de\/?post_type=product&#038;p=20216012"},"modified":"2026-04-21T19:39:38","modified_gmt":"2026-04-21T17:39:38","slug":"keripik-kentang-manis-pedas-200g","status":"publish","type":"product","link":"https:\/\/javataste.de\/en\/product\/keripik-kentang-manis-pedas-200g\/","title":{"rendered":"Keripik Kentang Manis Pedas 200g"},"content":{"rendered":"<p>S\u00fc\u00df-Scharf w\u00fcrzige Kartoffelchips sind ein Snack aus d\u00fcnn geschnittenen Kartoffeln, die knusprig frittiert werden. Typischerweise werden pikante S\u00fc\u00dfkartoffelchips mit einer Mischung aus scharfen Gew\u00fcrzen wie Chili- oder Paprikapulver sowie Salz und manchmal Zucker gew\u00fcrzt, um ihnen eine ausgewogene S\u00fc\u00dfe zu verleihen. Pikante S\u00fc\u00dfkartoffelchips sind oft ein beliebter Snack f\u00fcr alle, die ein s\u00fc\u00dfes und scharfes Geschmackserlebnis in einem Bissen lieben.<\/p>","protected":false},"excerpt":{"rendered":"<p>S\u00fc\u00df-Scharf w\u00fcrzige Kartoffelchips sind ein Snack aus d\u00fcnn geschnittenen Kartoffeln, die knusprig frittiert werden.<\/p>","protected":false},"featured_media":20216013,"comment_status":"open","ping_status":"closed","template":"","meta":{"om_disable_all_campaigns":false,"_monsterinsights_skip_tracking":false,"_monsterinsights_sitenote_active":false,"_monsterinsights_sitenote_note":"","_monsterinsights_sitenote_category":0},"product_brand":[],"product_cat":[398,81],"product_tag":[379,346,378,380],"class_list":{"0":"post-20216012","1":"product","2":"type-product","3":"status-publish","4":"has-post-thumbnail","6":"product_cat-krupuk","7":"product_cat-snacks","8":"product_tag-kartoffelchips","9":"product_tag-keripik","10":"product_tag-keripik-kentang-pedas-manis","11":"product_tag-suess-scharf","13":"first","14":"instock","15":"shipping-taxable","16":"purchasable","17":"product-type-simple"},"aioseo_notices":[],"_links":{"self":[{"href":"https:\/\/javataste.de\/en\/wp-json\/wp\/v2\/product\/20216012","targetHints":{"allow":["GET"]}}],"collection":[{"href":"https:\/\/javataste.de\/en\/wp-json\/wp\/v2\/product"}],"about":[{"href":"https:\/\/javataste.de\/en\/wp-json\/wp\/v2\/types\/product"}],"replies":[{"embeddable":true,"href":"https:\/\/javataste.de\/en\/wp-json\/wp\/v2\/comments?post=20216012"}],"wp:featuredmedia":[{"embeddable":true,"href":"https:\/\/javataste.de\/en\/wp-json\/wp\/v2\/media\/20216013"}],"wp:attachment":[{"href":"https:\/\/javataste.de\/en\/wp-json\/wp\/v2\/media?parent=20216012"}],"wp:term":[{"taxonomy":"product_brand","embeddable":true,"href":"https:\/\/javataste.de\/en\/wp-json\/wp\/v2\/product_brand?post=20216012"},{"taxonomy":"product_cat","embeddable":true,"href":"https:\/\/javataste.de\/en\/wp-json\/wp\/v2\/product_cat?post=20216012"},{"taxonomy":"product_tag","embeddable":true,"href":"https:\/\/javataste.de\/en\/wp-json\/wp\/v2\/product_tag?post=20216012"}],"curies":[{"name":"wp","href":"https:\/\/api.w.org\/{rel}","templated":true}]}}