{"id":20216010,"date":"2024-03-13T19:43:19","date_gmt":"2024-03-13T18:43:19","guid":{"rendered":"https:\/\/javataste.de\/?post_type=product&#038;p=20216010"},"modified":"2026-04-21T19:57:53","modified_gmt":"2026-04-21T17:57:53","slug":"kobe-tepung-bumbu-special-70g","status":"publish","type":"product","link":"https:\/\/javataste.de\/en\/product\/kobe-tepung-bumbu-special-70g\/","title":{"rendered":"KOBE Tepung Bumbu Special 70g"},"content":{"rendered":"<div>Kobe Tepung Serbaguna Special wird aus ausgew\u00e4hlten Gew\u00fcrzen mit einem pikanten Knoblaucharoma hergestellt. Die Kombination kompletter Gew\u00fcrze in der richtigen Menge macht jedes Gericht wie Brath\u00e4hnchen, Tempeh, Meeresfr\u00fcchte und andere gebratene Speisen praktischer und k\u00f6stlicher.<\/div>\n<div><\/div>\n<div>F\u00fcr M\u00fctter, die die indonesische K\u00fcche lieben, ist Kobe Tepung Serbaguna Special die richtige Wahl f\u00fcr Freunde, die verschiedene indonesische Gerichte kochen. Um den Geschmack von Knoblauch zu erhalten, muss Mama jetzt nicht mehr m\u00fchsam Knoblauch sch\u00e4len. Mit nur einem speziellen Mehrzweckmehl k\u00f6nnen Sie gesunde, k\u00f6stliche, knusprige und duftende Gerichte servieren.<\/div>","protected":false},"excerpt":{"rendered":"<p>Kobe Tepung Serbaguna Special wird aus ausgew\u00e4hlten Gew\u00fcrzen mit einem pikanten Knoblaucharoma hergestellt.<\/p>","protected":false},"featured_media":20216011,"comment_status":"open","ping_status":"closed","template":"","meta":{"om_disable_all_campaigns":false,"_monsterinsights_skip_tracking":false,"_monsterinsights_sitenote_active":false,"_monsterinsights_sitenote_note":"","_monsterinsights_sitenote_category":0},"product_brand":[],"product_cat":[79,88],"product_tag":[361,376,377,362,375,360,363],"class_list":{"0":"post-20216010","1":"product","2":"type-product","3":"status-publish","4":"has-post-thumbnail","6":"product_cat-lebensmittel","7":"product_cat-angebote","8":"product_tag-flour","9":"product_tag-gorengan","10":"product_tag-knuesprig","11":"product_tag-mehl","12":"product_tag-tempung-gorengan","13":"product_tag-tepung","14":"product_tag-tepung-serbaguna","16":"first","17":"outofstock","18":"shipping-taxable","19":"purchasable","20":"product-type-simple"},"aioseo_notices":[],"_links":{"self":[{"href":"https:\/\/javataste.de\/en\/wp-json\/wp\/v2\/product\/20216010","targetHints":{"allow":["GET"]}}],"collection":[{"href":"https:\/\/javataste.de\/en\/wp-json\/wp\/v2\/product"}],"about":[{"href":"https:\/\/javataste.de\/en\/wp-json\/wp\/v2\/types\/product"}],"replies":[{"embeddable":true,"href":"https:\/\/javataste.de\/en\/wp-json\/wp\/v2\/comments?post=20216010"}],"wp:featuredmedia":[{"embeddable":true,"href":"https:\/\/javataste.de\/en\/wp-json\/wp\/v2\/media\/20216011"}],"wp:attachment":[{"href":"https:\/\/javataste.de\/en\/wp-json\/wp\/v2\/media?parent=20216010"}],"wp:term":[{"taxonomy":"product_brand","embeddable":true,"href":"https:\/\/javataste.de\/en\/wp-json\/wp\/v2\/product_brand?post=20216010"},{"taxonomy":"product_cat","embeddable":true,"href":"https:\/\/javataste.de\/en\/wp-json\/wp\/v2\/product_cat?post=20216010"},{"taxonomy":"product_tag","embeddable":true,"href":"https:\/\/javataste.de\/en\/wp-json\/wp\/v2\/product_tag?post=20216010"}],"curies":[{"name":"wp","href":"https:\/\/api.w.org\/{rel}","templated":true}]}}