{"id":20216008,"date":"2024-03-13T19:37:19","date_gmt":"2024-03-13T18:37:19","guid":{"rendered":"https:\/\/javataste.de\/?post_type=product&#038;p=20216008"},"modified":"2026-03-07T14:57:37","modified_gmt":"2026-03-07T13:57:37","slug":"kobe-kentucky-super-crispy-70g","status":"publish","type":"product","link":"https:\/\/javataste.de\/en\/product\/kobe-kentucky-super-crispy-70g\/","title":{"rendered":"KOBE Kentucky Super Crispy 70g"},"content":{"rendered":"<p>Probieren Sie das Rezept f\u00fcr Super Crispy Fried Chicken aus und genie\u00dfen Sie die unvergleichliche K\u00f6stlichkeit. Um knusprige Brath\u00e4hnchen zuzubereiten, die praktisch sind und garantiert gelingen, verwenden Sie einfach Kobe Flour Kentucky Super Crispy. Das knusprige H\u00e4hnchen h\u00e4lt sich bis zu 8 Stunden! Es ist nachweislich das knusprigste, das Sie kennen. Dieses Super Crispy Fried Chicken Men\u00fc eignet sich sehr gut als t\u00e4gliches Gericht, das sicherlich von der Familie bevorzugt wird. Vor allem f\u00fcr die Kleinen ist dieses Gericht sicherlich ein Favorit, da es geschmacklich dem Kentucky Chicken in Restaurants in nichts nachsteht. Sie k\u00f6nnen es nicht abwarten, das verlockend herzhafte Knusperh\u00fchnchen zu genie\u00dfen? Dann kochen Sie das Rezept f\u00fcr das super knusprige Brath\u00e4hnchen sofort nach!<\/p>","protected":false},"excerpt":{"rendered":"<p>Probieren Sie das Rezept f\u00fcr Super Crispy Fried Chicken aus und genie\u00dfen Sie die unvergleichliche K\u00f6stlichkeit.<\/p>","protected":false},"featured_media":20216009,"comment_status":"open","ping_status":"closed","template":"","meta":{"om_disable_all_campaigns":false,"_monsterinsights_skip_tracking":false,"_monsterinsights_sitenote_active":false,"_monsterinsights_sitenote_note":"","_monsterinsights_sitenote_category":0},"product_brand":[],"product_cat":[79,88],"product_tag":[369,361,364,362,373,360,370],"class_list":{"0":"post-20216008","1":"product","2":"type-product","3":"status-publish","4":"has-post-thumbnail","6":"product_cat-lebensmittel","7":"product_cat-angebote","8":"product_tag-ayam-goreng","9":"product_tag-flour","10":"product_tag-kobe","11":"product_tag-mehl","12":"product_tag-pedas","13":"product_tag-tepung","14":"product_tag-tepung-ayam-goreng","16":"first","17":"instock","18":"shipping-taxable","19":"purchasable","20":"product-type-simple"},"aioseo_notices":[],"_links":{"self":[{"href":"https:\/\/javataste.de\/en\/wp-json\/wp\/v2\/product\/20216008","targetHints":{"allow":["GET"]}}],"collection":[{"href":"https:\/\/javataste.de\/en\/wp-json\/wp\/v2\/product"}],"about":[{"href":"https:\/\/javataste.de\/en\/wp-json\/wp\/v2\/types\/product"}],"replies":[{"embeddable":true,"href":"https:\/\/javataste.de\/en\/wp-json\/wp\/v2\/comments?post=20216008"}],"wp:featuredmedia":[{"embeddable":true,"href":"https:\/\/javataste.de\/en\/wp-json\/wp\/v2\/media\/20216009"}],"wp:attachment":[{"href":"https:\/\/javataste.de\/en\/wp-json\/wp\/v2\/media?parent=20216008"}],"wp:term":[{"taxonomy":"product_brand","embeddable":true,"href":"https:\/\/javataste.de\/en\/wp-json\/wp\/v2\/product_brand?post=20216008"},{"taxonomy":"product_cat","embeddable":true,"href":"https:\/\/javataste.de\/en\/wp-json\/wp\/v2\/product_cat?post=20216008"},{"taxonomy":"product_tag","embeddable":true,"href":"https:\/\/javataste.de\/en\/wp-json\/wp\/v2\/product_tag?post=20216008"}],"curies":[{"name":"wp","href":"https:\/\/api.w.org\/{rel}","templated":true}]}}