{"id":20216006,"date":"2024-03-13T19:28:49","date_gmt":"2024-03-13T18:28:49","guid":{"rendered":"https:\/\/javataste.de\/?post_type=product&#038;p=20216006"},"modified":"2026-04-11T16:25:34","modified_gmt":"2026-04-11T14:25:34","slug":"kobe-tepung-bumbu-tempe-goreng-70g","status":"publish","type":"product","link":"https:\/\/javataste.de\/en\/product\/kobe-tepung-bumbu-tempe-goreng-70g\/","title":{"rendered":"KOBE Tepung Bumbu Tempe Goreng 70g"},"content":{"rendered":"<p>Rezept und Zubereitung von knusprig gebratenem Tempeh nach Kobe-Mehl-Art, das k\u00f6stlich und lang anhaltend knusprig ist. Tempeh ist eine Quelle f\u00fcr pflanzliches Eiwei\u00df und gilt weltweit als gesundes Lebensmittel. Wenn Sie ein Fan von gebratenem Tempeh als t\u00e4gliche Mahlzeit sind, m\u00fcssen Sie unbedingt diese Tempeh-Mehl-Kreation probieren. Das Kochen von Tempeh mit Kobe Tepung Tempe Kriuk ergibt einen herzhaften und w\u00fcrzigen Tempeh-Geschmack. Denn Kobe Tepung Tempe Kriuk wird aus hochwertigen Naturgew\u00fcrzen hergestellt. Die Mischung aus Koriander, Knoblauch, Salz und anderen Zutaten ergibt die richtige Mischung, um k\u00f6stliches Tempeh herzustellen. Wenn Sie super knusprige Ergebnisse erzielen m\u00f6chten, vergessen Sie nicht, das Tempeh in d\u00fcnne Scheiben zu schneiden, um ein perfektes knusprig gebratenes Tempeh zu erhalten. Wenn Sie mehr Geschmack w\u00fcnschen, k\u00f6nnen Sie Fr\u00fchlingszwiebeln oder Schnittlauch hinzuf\u00fcgen. Probieren Sie das Rezept f\u00fcr knusprig gebratenen Tempeh nach Kobe-Mehl-Art, das k\u00f6stlich schmeckt und der knusprige Champion ist!<\/p>","protected":false},"excerpt":{"rendered":"<p>Rezept und Zubereitung von knusprig gebratenem Tempeh nach Kobe-Mehl-Art, das k\u00f6stlich und lang anhaltend knusprig ist.<\/p>","protected":false},"featured_media":20216007,"comment_status":"open","ping_status":"closed","template":"","meta":{"om_disable_all_campaigns":false,"_monsterinsights_skip_tracking":false,"_monsterinsights_sitenote_active":false,"_monsterinsights_sitenote_note":"","_monsterinsights_sitenote_category":0},"product_brand":[],"product_cat":[79],"product_tag":[361,364,362,373,374,360],"class_list":{"0":"post-20216006","1":"product","2":"type-product","3":"status-publish","4":"has-post-thumbnail","6":"product_cat-lebensmittel","7":"product_tag-flour","8":"product_tag-kobe","9":"product_tag-mehl","10":"product_tag-pedas","11":"product_tag-tempe-goreng","12":"product_tag-tepung","14":"first","15":"instock","16":"shipping-taxable","17":"purchasable","18":"product-type-simple"},"aioseo_notices":[],"_links":{"self":[{"href":"https:\/\/javataste.de\/en\/wp-json\/wp\/v2\/product\/20216006","targetHints":{"allow":["GET"]}}],"collection":[{"href":"https:\/\/javataste.de\/en\/wp-json\/wp\/v2\/product"}],"about":[{"href":"https:\/\/javataste.de\/en\/wp-json\/wp\/v2\/types\/product"}],"replies":[{"embeddable":true,"href":"https:\/\/javataste.de\/en\/wp-json\/wp\/v2\/comments?post=20216006"}],"wp:featuredmedia":[{"embeddable":true,"href":"https:\/\/javataste.de\/en\/wp-json\/wp\/v2\/media\/20216007"}],"wp:attachment":[{"href":"https:\/\/javataste.de\/en\/wp-json\/wp\/v2\/media?parent=20216006"}],"wp:term":[{"taxonomy":"product_brand","embeddable":true,"href":"https:\/\/javataste.de\/en\/wp-json\/wp\/v2\/product_brand?post=20216006"},{"taxonomy":"product_cat","embeddable":true,"href":"https:\/\/javataste.de\/en\/wp-json\/wp\/v2\/product_cat?post=20216006"},{"taxonomy":"product_tag","embeddable":true,"href":"https:\/\/javataste.de\/en\/wp-json\/wp\/v2\/product_tag?post=20216006"}],"curies":[{"name":"wp","href":"https:\/\/api.w.org\/{rel}","templated":true}]}}