{"id":20216003,"date":"2024-03-13T19:16:06","date_gmt":"2024-03-13T18:16:06","guid":{"rendered":"https:\/\/javataste.de\/?post_type=product&#038;p=20216003"},"modified":"2025-08-15T20:17:18","modified_gmt":"2025-08-15T18:17:18","slug":"kobe-kentucky-hot-150g","status":"publish","type":"product","link":"https:\/\/javataste.de\/en\/product\/kobe-kentucky-hot-150g\/","title":{"rendered":"KOBE Kentucky HOT 150g"},"content":{"rendered":"<div>Kentucky Floured Chicken HOT ist eine scharfe Variante des Mehlbrath\u00e4hnchen-Rezepts, bei der eine Mischung aus Mehl und den ber\u00fchmten Kentucky-Gew\u00fcrzen verwendet wird. Bei diesem Rezept werden in der Regel Gew\u00fcrze wie Paprika, Knoblauchpulver, Zwiebelpulver, Pfeffer, Salz und andere Gew\u00fcrze verwendet. Das H\u00e4hnchen wird dann in einer Eier-Milch-Mischung mariniert, bevor es in die gew\u00fcrzte Mehlmischung getaucht und gebraten wird, bis es braun und knusprig ist.<\/div>\n<div><\/div>\n<div><\/div>\n<p>Zutaten: Zutaten:WEIZENMEHL(91%),Salz,Knoblauchpulver(Maltodextrin,Knoblauchpulver,Knoblaucharoma,Trennmittel(E551)).Zucker(enth\u00e4lt SULPHITE),Geschmacksverst\u00e4rker(E621),Zweibelpulver,wei\u00dfes Pfefferpulver,Chilipulver.<\/p>\n<p>N\u00e4hrwertangaben: N\u00e4hrwerte pro 100 g: Energie 1432Kj Fett:1,3g davon ges\u00e4ttigte Fetts\u00e4uren:0,46g Kohlenhydrate:73,25g davon Zucker:4,65g Eiwei\u00df:8,13g Salz:5,32g.<\/p>\n<p>Lagerung: Trocken lagern und vor Sonnenlicht sowie W\u00e4rme sch\u00fctzen.<\/p>","protected":false},"excerpt":{"rendered":"<p>Kentucky Floured Chicken HOT ist eine scharfe Variante des Mehlbrath\u00e4hnchen-Rezepts, bei der eine Mischung aus Mehl und den ber\u00fchmten Kentucky-Gew\u00fcrzen verwendet wird.<\/p>","protected":false},"featured_media":20216004,"comment_status":"open","ping_status":"closed","template":"","meta":{"om_disable_all_campaigns":false,"_monsterinsights_skip_tracking":false,"_monsterinsights_sitenote_active":false,"_monsterinsights_sitenote_note":"","_monsterinsights_sitenote_category":0},"product_brand":[],"product_cat":[79],"product_tag":[369,361,372,371,364,362,373,360,370,368],"class_list":{"0":"post-20216003","1":"product","2":"type-product","3":"status-publish","4":"has-post-thumbnail","6":"product_cat-lebensmittel","7":"product_tag-ayam-goreng","8":"product_tag-flour","9":"product_tag-hot","10":"product_tag-kentucky-flour","11":"product_tag-kobe","12":"product_tag-mehl","13":"product_tag-pedas","14":"product_tag-tepung","15":"product_tag-tepung-ayam-goreng","16":"product_tag-tepung-kentucky","18":"first","19":"outofstock","20":"shipping-taxable","21":"purchasable","22":"product-type-simple"},"aioseo_notices":[],"_links":{"self":[{"href":"https:\/\/javataste.de\/en\/wp-json\/wp\/v2\/product\/20216003","targetHints":{"allow":["GET"]}}],"collection":[{"href":"https:\/\/javataste.de\/en\/wp-json\/wp\/v2\/product"}],"about":[{"href":"https:\/\/javataste.de\/en\/wp-json\/wp\/v2\/types\/product"}],"replies":[{"embeddable":true,"href":"https:\/\/javataste.de\/en\/wp-json\/wp\/v2\/comments?post=20216003"}],"wp:featuredmedia":[{"embeddable":true,"href":"https:\/\/javataste.de\/en\/wp-json\/wp\/v2\/media\/20216004"}],"wp:attachment":[{"href":"https:\/\/javataste.de\/en\/wp-json\/wp\/v2\/media?parent=20216003"}],"wp:term":[{"taxonomy":"product_brand","embeddable":true,"href":"https:\/\/javataste.de\/en\/wp-json\/wp\/v2\/product_brand?post=20216003"},{"taxonomy":"product_cat","embeddable":true,"href":"https:\/\/javataste.de\/en\/wp-json\/wp\/v2\/product_cat?post=20216003"},{"taxonomy":"product_tag","embeddable":true,"href":"https:\/\/javataste.de\/en\/wp-json\/wp\/v2\/product_tag?post=20216003"}],"curies":[{"name":"wp","href":"https:\/\/api.w.org\/{rel}","templated":true}]}}