{"id":20215998,"date":"2024-03-13T18:55:05","date_gmt":"2024-03-13T17:55:05","guid":{"rendered":"https:\/\/javataste.de\/?post_type=product&#038;p=20215998"},"modified":"2026-01-04T17:51:24","modified_gmt":"2026-01-04T16:51:24","slug":"kobe-tepung-pisang-goreng-70g","status":"publish","type":"product","link":"https:\/\/javataste.de\/en\/product\/kobe-tepung-pisang-goreng-70g\/","title":{"rendered":"KOBE Tepung Pisang Goreng 70g"},"content":{"rendered":"<div>Kobe Crispy Fried Banana Flour ist eines der am meisten empfohlenen Mehle f\u00fcr die Herstellung von knusprig gebratenen Bananen. Dieses Mehl f\u00fcr gebratene Bananen wird aus 100% nat\u00fcrlichen Zutaten ohne Konservierungsstoffe hergestellt und mit der richtigen Zusammensetzung von Zutaten und nat\u00fcrlichem Vanillearoma angereichert.<\/div>\n<div><\/div>\n<div>Dieses Mehl wird aus einer Mischung aus Mehl und ausgew\u00e4hlten nat\u00fcrlichen Zutaten hergestellt. Die nat\u00fcrlichen Zutaten sorgen f\u00fcr k\u00f6stliche und knusprige Bananenkrapfen. Dar\u00fcber hinaus kann dieses Qualit\u00e4tsmehl auch daf\u00fcr sorgen, dass verarbeitete Bananen einen knusprigen und flauschigen Mehl\u00fcberzug erhalten, aber dennoch weich, s\u00fc\u00df und knusprig auf der Zunge schmecken.<\/div>\n<div><\/div>\n<div>Dieses Mehl eignet sich nicht nur f\u00fcr frittierte Bananen, sondern auch f\u00fcr die Zubereitung verschiedener k\u00f6stlicher Desserts und verschiedener Fr\u00fcchte wie Jackfrucht, \u00c4pfel, S\u00fc\u00dfkartoffeln, Band oder Taro. Probieren Sie es jetzt aus und servieren Sie die Lieblingssnacks Ihrer Familie.<\/div>\n<div><\/div>\n<div><\/div>","protected":false},"excerpt":{"rendered":"<p>Kobe Crispy Fried Banana Flour ist eines der am meisten empfohlenen Mehle f\u00fcr die Herstellung von knusprig gebratenen Bananen.<\/p>","protected":false},"featured_media":20215999,"comment_status":"open","ping_status":"closed","template":"","meta":{"om_disable_all_campaigns":false,"_monsterinsights_skip_tracking":false,"_monsterinsights_sitenote_active":false,"_monsterinsights_sitenote_note":"","_monsterinsights_sitenote_category":0},"product_brand":[],"product_cat":[79,88],"product_tag":[367,366,361,364,362,365,360],"class_list":{"0":"post-20215998","1":"product","2":"type-product","3":"status-publish","4":"has-post-thumbnail","6":"product_cat-lebensmittel","7":"product_cat-angebote","8":"product_tag-banana-flour","9":"product_tag-banana-mehl","10":"product_tag-flour","11":"product_tag-kobe","12":"product_tag-mehl","13":"product_tag-pisang-goreng","14":"product_tag-tepung","16":"first","17":"outofstock","18":"sale","19":"shipping-taxable","20":"purchasable","21":"product-type-simple"},"aioseo_notices":[],"_links":{"self":[{"href":"https:\/\/javataste.de\/en\/wp-json\/wp\/v2\/product\/20215998","targetHints":{"allow":["GET"]}}],"collection":[{"href":"https:\/\/javataste.de\/en\/wp-json\/wp\/v2\/product"}],"about":[{"href":"https:\/\/javataste.de\/en\/wp-json\/wp\/v2\/types\/product"}],"replies":[{"embeddable":true,"href":"https:\/\/javataste.de\/en\/wp-json\/wp\/v2\/comments?post=20215998"}],"wp:featuredmedia":[{"embeddable":true,"href":"https:\/\/javataste.de\/en\/wp-json\/wp\/v2\/media\/20215999"}],"wp:attachment":[{"href":"https:\/\/javataste.de\/en\/wp-json\/wp\/v2\/media?parent=20215998"}],"wp:term":[{"taxonomy":"product_brand","embeddable":true,"href":"https:\/\/javataste.de\/en\/wp-json\/wp\/v2\/product_brand?post=20215998"},{"taxonomy":"product_cat","embeddable":true,"href":"https:\/\/javataste.de\/en\/wp-json\/wp\/v2\/product_cat?post=20215998"},{"taxonomy":"product_tag","embeddable":true,"href":"https:\/\/javataste.de\/en\/wp-json\/wp\/v2\/product_tag?post=20215998"}],"curies":[{"name":"wp","href":"https:\/\/api.w.org\/{rel}","templated":true}]}}