{"id":20215996,"date":"2024-03-13T18:54:15","date_gmt":"2024-03-13T17:54:15","guid":{"rendered":"https:\/\/javataste.de\/?post_type=product&#038;p=20215996"},"modified":"2026-04-05T23:15:01","modified_gmt":"2026-04-05T21:15:01","slug":"kobe-tepung-bumbu-flour-70g","status":"publish","type":"product","link":"https:\/\/javataste.de\/en\/product\/kobe-tepung-bumbu-flour-70g\/","title":{"rendered":"KOBE Tepung Bumbu Flour 70g"},"content":{"rendered":"<div>Kobe White Crystal Seasoning Flour ist zur\u00fcck als Pionier mit dem Konzept des modernen Gew\u00fcrzmehls und einzigartigen Vorteilen. Die neue Verpackung und die innovative Rezeptur lassen sich an der unterschiedlichen Textur des Mehls erkennen. Crystal Flour, ein knuspriges Mehlkorn, sorgt f\u00fcr einen knusprigeren und dickeren Belag. Dar\u00fcber hinaus bleibt die Knusprigkeit l\u00e4nger erhalten. Die Spezialit\u00e4t des koreanischen Brath\u00e4hnchens l\u00e4sst sich mit Kobe White Seasoned Flour leicht zubereiten. Neben dem K-Pop-H\u00e4hnchen kann eine Auswahl an verschiedenen Rohstoffen in der K\u00fcche verarbeitet werden.<\/div>\n<div><\/div>\n<div><\/div>","protected":false},"excerpt":{"rendered":"<p>Kobe White Crystal Seasoning Flour ist zur\u00fcck als Pionier mit dem Konzept des modernen Gew\u00fcrzmehls und einzigartigen Vorteilen<\/p>","protected":false},"featured_media":20215997,"comment_status":"open","ping_status":"closed","template":"","meta":{"om_disable_all_campaigns":false,"_monsterinsights_skip_tracking":false,"_monsterinsights_sitenote_active":false,"_monsterinsights_sitenote_note":"","_monsterinsights_sitenote_category":0},"product_brand":[],"product_cat":[79,88],"product_tag":[361,364,362,360,363],"class_list":{"0":"post-20215996","1":"product","2":"type-product","3":"status-publish","4":"has-post-thumbnail","6":"product_cat-lebensmittel","7":"product_cat-angebote","8":"product_tag-flour","9":"product_tag-kobe","10":"product_tag-mehl","11":"product_tag-tepung","12":"product_tag-tepung-serbaguna","14":"first","15":"instock","16":"shipping-taxable","17":"purchasable","18":"product-type-simple"},"aioseo_notices":[],"_links":{"self":[{"href":"https:\/\/javataste.de\/en\/wp-json\/wp\/v2\/product\/20215996","targetHints":{"allow":["GET"]}}],"collection":[{"href":"https:\/\/javataste.de\/en\/wp-json\/wp\/v2\/product"}],"about":[{"href":"https:\/\/javataste.de\/en\/wp-json\/wp\/v2\/types\/product"}],"replies":[{"embeddable":true,"href":"https:\/\/javataste.de\/en\/wp-json\/wp\/v2\/comments?post=20215996"}],"wp:featuredmedia":[{"embeddable":true,"href":"https:\/\/javataste.de\/en\/wp-json\/wp\/v2\/media\/20215997"}],"wp:attachment":[{"href":"https:\/\/javataste.de\/en\/wp-json\/wp\/v2\/media?parent=20215996"}],"wp:term":[{"taxonomy":"product_brand","embeddable":true,"href":"https:\/\/javataste.de\/en\/wp-json\/wp\/v2\/product_brand?post=20215996"},{"taxonomy":"product_cat","embeddable":true,"href":"https:\/\/javataste.de\/en\/wp-json\/wp\/v2\/product_cat?post=20215996"},{"taxonomy":"product_tag","embeddable":true,"href":"https:\/\/javataste.de\/en\/wp-json\/wp\/v2\/product_tag?post=20215996"}],"curies":[{"name":"wp","href":"https:\/\/api.w.org\/{rel}","templated":true}]}}