{"id":20215994,"date":"2024-03-13T18:09:26","date_gmt":"2024-03-13T17:09:26","guid":{"rendered":"https:\/\/javataste.de\/?post_type=product&#038;p=20215994"},"modified":"2026-01-06T18:23:04","modified_gmt":"2026-01-06T17:23:04","slug":"boncabe-makaroni-snack-level-10-150g","status":"publish","type":"product","link":"https:\/\/javataste.de\/en\/product\/boncabe-makaroni-snack-level-10-150g\/","title":{"rendered":"BonCabe Makaroni Snack Level 10 150g"},"content":{"rendered":"<p>Die leckere Kombination<\/p>","protected":false},"excerpt":{"rendered":"<p>Bon Cabe Makaroni Krispi Snack ist ein feurig w\u00fcrziger Snack in Makkaroni-Form. In verschiedenen Sch\u00e4rfegraden erh\u00e4ltlich. Bei uns derzeit in Level 15<\/p>","protected":false},"featured_media":20215995,"comment_status":"open","ping_status":"closed","template":"","meta":{"om_disable_all_campaigns":false,"_monsterinsights_skip_tracking":false,"_monsterinsights_sitenote_active":false,"_monsterinsights_sitenote_note":"","_monsterinsights_sitenote_category":0},"product_brand":[],"product_cat":[81],"product_tag":[156],"class_list":{"0":"post-20215994","1":"product","2":"type-product","3":"status-publish","4":"has-post-thumbnail","6":"product_cat-snacks","7":"product_tag-bon-cabe","9":"first","10":"outofstock","11":"purchasable","12":"product-type-simple"},"aioseo_notices":[],"_links":{"self":[{"href":"https:\/\/javataste.de\/en\/wp-json\/wp\/v2\/product\/20215994","targetHints":{"allow":["GET"]}}],"collection":[{"href":"https:\/\/javataste.de\/en\/wp-json\/wp\/v2\/product"}],"about":[{"href":"https:\/\/javataste.de\/en\/wp-json\/wp\/v2\/types\/product"}],"replies":[{"embeddable":true,"href":"https:\/\/javataste.de\/en\/wp-json\/wp\/v2\/comments?post=20215994"}],"wp:featuredmedia":[{"embeddable":true,"href":"https:\/\/javataste.de\/en\/wp-json\/wp\/v2\/media\/20215995"}],"wp:attachment":[{"href":"https:\/\/javataste.de\/en\/wp-json\/wp\/v2\/media?parent=20215994"}],"wp:term":[{"taxonomy":"product_brand","embeddable":true,"href":"https:\/\/javataste.de\/en\/wp-json\/wp\/v2\/product_brand?post=20215994"},{"taxonomy":"product_cat","embeddable":true,"href":"https:\/\/javataste.de\/en\/wp-json\/wp\/v2\/product_cat?post=20215994"},{"taxonomy":"product_tag","embeddable":true,"href":"https:\/\/javataste.de\/en\/wp-json\/wp\/v2\/product_tag?post=20215994"}],"curies":[{"name":"wp","href":"https:\/\/api.w.org\/{rel}","templated":true}]}}