{"id":20215980,"date":"2024-03-04T16:40:57","date_gmt":"2024-03-04T15:40:57","guid":{"rendered":"https:\/\/javataste.de\/?post_type=product&#038;p=20215980"},"modified":"2025-01-27T10:34:48","modified_gmt":"2025-01-27T09:34:48","slug":"kopiko-coffee-candy-sugar-free-75-g","status":"publish","type":"product","link":"https:\/\/javataste.de\/en\/product\/kopiko-coffee-candy-sugar-free-75-g\/","title":{"rendered":"KOPIKO COFFEE CANDY SUGAR FREE 75 G"},"content":{"rendered":"<p>Erleben Sie den Geschmack von k\u00f6stlichem, frisch gebr\u00fchtem Kaffee, jederzeit und \u00fcberall. Die mit Kaffeeextrakt hergestellten Kopiko Kaffeebonbons (zuckerfrei) sind einzeln verpackte Kaffeebonbons, die Ihren Kaffeehunger erf\u00fcllen.<\/p>\n<p>&nbsp;<\/p>\n<p>Experience the taste of delicious freshly brewed coffee anytime, anywhere. Made with coffee extract, Kopiko Coffee Candy (Sugar Free) offers individually wrapped coffee confectionary that resolves your coffee cravings.<\/p>","protected":false},"excerpt":{"rendered":"<p>Erleben Sie den Geschmack von k\u00f6stlichem, frisch gebr\u00fchtem Kaffee, jederzeit und \u00fcberall<\/p>","protected":false},"featured_media":20215981,"comment_status":"open","ping_status":"closed","template":"","meta":{"om_disable_all_campaigns":false,"_monsterinsights_skip_tracking":false,"_monsterinsights_sitenote_active":false,"_monsterinsights_sitenote_note":"","_monsterinsights_sitenote_category":0},"product_brand":[],"product_cat":[81],"product_tag":[349,350,352,351],"class_list":{"0":"post-20215980","1":"product","2":"type-product","3":"status-publish","4":"has-post-thumbnail","6":"product_cat-snacks","7":"product_tag-bon-bon","8":"product_tag-candy","9":"product_tag-kopiko","10":"product_tag-permen","12":"first","13":"outofstock","14":"shipping-taxable","15":"purchasable","16":"product-type-simple"},"aioseo_notices":[],"_links":{"self":[{"href":"https:\/\/javataste.de\/en\/wp-json\/wp\/v2\/product\/20215980","targetHints":{"allow":["GET"]}}],"collection":[{"href":"https:\/\/javataste.de\/en\/wp-json\/wp\/v2\/product"}],"about":[{"href":"https:\/\/javataste.de\/en\/wp-json\/wp\/v2\/types\/product"}],"replies":[{"embeddable":true,"href":"https:\/\/javataste.de\/en\/wp-json\/wp\/v2\/comments?post=20215980"}],"wp:featuredmedia":[{"embeddable":true,"href":"https:\/\/javataste.de\/en\/wp-json\/wp\/v2\/media\/20215981"}],"wp:attachment":[{"href":"https:\/\/javataste.de\/en\/wp-json\/wp\/v2\/media?parent=20215980"}],"wp:term":[{"taxonomy":"product_brand","embeddable":true,"href":"https:\/\/javataste.de\/en\/wp-json\/wp\/v2\/product_brand?post=20215980"},{"taxonomy":"product_cat","embeddable":true,"href":"https:\/\/javataste.de\/en\/wp-json\/wp\/v2\/product_cat?post=20215980"},{"taxonomy":"product_tag","embeddable":true,"href":"https:\/\/javataste.de\/en\/wp-json\/wp\/v2\/product_tag?post=20215980"}],"curies":[{"name":"wp","href":"https:\/\/api.w.org\/{rel}","templated":true}]}}