{"id":20215938,"date":"2023-12-02T12:51:59","date_gmt":"2023-12-02T11:51:59","guid":{"rendered":"https:\/\/javataste.de\/?post_type=product&#038;p=20215938"},"modified":"2025-01-27T10:34:58","modified_gmt":"2025-01-27T09:34:58","slug":"lemonilo-rendang-instant-noodle-77g","status":"publish","type":"product","link":"https:\/\/javataste.de\/en\/product\/lemonilo-rendang-instant-noodle-77g\/","title":{"rendered":"LEMONILO Rendang \u2014 Instant Noodle 77g"},"content":{"rendered":"<p>NEUE Geschmacksrichtungen und BESONDERE \u00dcberraschungen f\u00fcr Sie!<\/p>\n<p>Lemonilo Rendang Flavour Instant Nudeln, k\u00f6stlich ohne Konservierungsstoffe, Geschmacksverst\u00e4rker und k\u00fcnstliche Farbstoffe. Die gr\u00fcne Farbe wird mit pflanzlicher Essenz hergestellt. Au\u00dferdem durchlaufen die Nudeln keinen Frittierprozess, sodass das abgekochte Wasser klar ist.<\/p>\n<p>Kommen Sie, sp\u00fcren Sie den Genuss dieses neuen Geschmacks!<\/p>","protected":false},"excerpt":{"rendered":"<p>Zutaten:<\/p>\n<p>&#8211; Nuddeln:\u00a0<strong>Weizenmehl<\/strong>, Mocafmehl (1,81%), Salz, Spinatpulver (0,04%), Chlorophyll, Stabilisator (Gummi Arabicum), Natriumcarbonatentwickler.<br \/>\n&#8211;\u00a0Gew\u00fcrze: Zucker, Salz, Rindfleischpulver, Hefeextrakt, Stabilisator Kaliumchlorid, Maltodextrin, Knoblauchpulver (0,28%), Zwiebelpulver (0,21%), Korianderpulver (0,14%), nat\u00fcrliches Kokosmilcharoma<br \/>\n&#8211;\u00a0Chilipulver: Chilipulver (0,62%)<br \/>\n&#8211;\u00a0Rendang-\u00d6l: Pflanzen\u00f6l, Zwiebel (0,5%), Lorbeerblatt, Koriander, nat\u00fcrliches Aroma Paprika-Oleoresin, Kreuzk\u00fcmmel, Kurkuma (0,06%)<br \/>\n&#8211;\u00a0S\u00fc\u00dfe Sojasauce: Zucker, Wasser, Salz, <b>schwarze<\/b><strong>\u00a0Sojabohne<\/strong><\/p>\n<p>Enth\u00e4lt Allergene, siehe fettgedruckte Inhaltstoffe.<\/p>\n<p>OHNE KONSERVIERUNGSSTOFFE, SYNTHETISCHE FARBSTOFFE UND GESCHMACKSVERST\u00c4RKER<\/p>","protected":false},"featured_media":20215939,"comment_status":"open","ping_status":"closed","template":"","meta":{"om_disable_all_campaigns":false,"_monsterinsights_skip_tracking":false,"_monsterinsights_sitenote_active":false,"_monsterinsights_sitenote_note":"","_monsterinsights_sitenote_category":0},"product_brand":[],"product_cat":[261,79],"product_tag":[186,275,276,287],"class_list":{"0":"post-20215938","1":"product","2":"type-product","3":"status-publish","4":"has-post-thumbnail","6":"product_cat-nuddel","7":"product_cat-lebensmittel","8":"product_tag-lemonilo","9":"product_tag-mie","10":"product_tag-noodle","11":"product_tag-nuddeln","13":"first","14":"outofstock","15":"purchasable","16":"product-type-simple"},"aioseo_notices":[],"_links":{"self":[{"href":"https:\/\/javataste.de\/en\/wp-json\/wp\/v2\/product\/20215938","targetHints":{"allow":["GET"]}}],"collection":[{"href":"https:\/\/javataste.de\/en\/wp-json\/wp\/v2\/product"}],"about":[{"href":"https:\/\/javataste.de\/en\/wp-json\/wp\/v2\/types\/product"}],"replies":[{"embeddable":true,"href":"https:\/\/javataste.de\/en\/wp-json\/wp\/v2\/comments?post=20215938"}],"wp:featuredmedia":[{"embeddable":true,"href":"https:\/\/javataste.de\/en\/wp-json\/wp\/v2\/media\/20215939"}],"wp:attachment":[{"href":"https:\/\/javataste.de\/en\/wp-json\/wp\/v2\/media?parent=20215938"}],"wp:term":[{"taxonomy":"product_brand","embeddable":true,"href":"https:\/\/javataste.de\/en\/wp-json\/wp\/v2\/product_brand?post=20215938"},{"taxonomy":"product_cat","embeddable":true,"href":"https:\/\/javataste.de\/en\/wp-json\/wp\/v2\/product_cat?post=20215938"},{"taxonomy":"product_tag","embeddable":true,"href":"https:\/\/javataste.de\/en\/wp-json\/wp\/v2\/product_tag?post=20215938"}],"curies":[{"name":"wp","href":"https:\/\/api.w.org\/{rel}","templated":true}]}}