{"id":20215862,"date":"2023-07-14T19:20:15","date_gmt":"2023-07-14T17:20:15","guid":{"rendered":"https:\/\/javataste.de\/?post_type=product&#038;p=20215862"},"modified":"2025-01-27T10:37:11","modified_gmt":"2025-01-27T09:37:11","slug":"trs-mungbohnen-kacang-hijau-1kg","status":"publish","type":"product","link":"https:\/\/javataste.de\/en\/product\/trs-mungbohnen-kacang-hijau-1kg\/","title":{"rendered":"TRS Mungbohnen \u2014 Kacang Hijau 1kg"},"content":{"rendered":"<p>TRS hat sich seit seiner Gr\u00fcndung vor mehr als 50 Jahren zu einem der gr\u00f6\u00dften Anbieter von ethnischen Lebensmitteln auf dem europ\u00e4ischen Markt entwickelt. Dank des Einsatzes modernster Lager- und Vertriebstechnologie wird sichergestellt, dass s\u00e4mtliche Waren die Kunden in Top-Zustand erreichen. Bei TRS steht Qualit\u00e4t an erster Stelle, weshalb bei jedem Schritt strenge Kontrollen durchgef\u00fchrt werden &#8211; von der Beschaffung und Ankunft der Rohstoffe bis zum weltweiten Versand der fertigen Produkte.<\/p>\n<p>\u2014<\/p>\n<p>Mung-Bohnen gelten als schmackhaft und sehr gesund, weil sie einen hohen Gehalt an Ballaststoffen und wichtigen Proteinen aufweisen. Sie sind reich an N\u00e4hrstoffen und gelten als eine der besten pflanzlichen Proteinquellen.<\/p>\n<p>Das zeichnet unsere TRS Mung-Bohnen aus:<br \/>\n&#8211; hoher Gehalt an Ballaststoffen und Proteinen<br \/>\n&#8211; reich an essentiellen Amins\u00e4uren<br \/>\n&#8211; kalorienarm und leicht verdaulich<\/p>\n<p>Landestypische Gerichte mit TRS Mung-Bohnen:<\/p>\n<p>Kacang Hijau ist ein beliebtes Lebensmittel in Indonesien und anderen Teilen S\u00fcdostasiens. Es handelt sich um gr\u00fcne Mungobohnen, die roh oder gekocht verzehrt werden k\u00f6nnen und oft in der indonesischen K\u00fcche verwendet werden.<\/p>\n<p>Kacang Hijau ist reich an N\u00e4hrstoffen wie Proteinen, Ballaststoffen und Vitaminen und eignet sich hervorragend als gesunder Snack oder als Zutat in verschiedenen Gerichten wie Suppen, Eint\u00f6pfen und Desserts. In Indonesien wird es auch oft als Zutat in s\u00fc\u00dfen Getr\u00e4nken wie Es Cendol und Es Doger verwendet.<\/p>\n<p>In der Zubereitung sind der Fantasie keine Grenzen gesetzt: Kacang Hijau kann gekocht, ger\u00f6stet, gebraten oder auch als Mehl verarbeitet werden. Es ist auch eine gro\u00dfartige pflanzliche Proteinquelle f\u00fcr Vegetarier und Veganer.<\/p>","protected":false},"excerpt":{"rendered":"<p>Mung Beans 1kg<\/p>\n<p>Dies ist TRS Mungbohnen ganz, mit gr\u00fcner Schale. Auch bekannt als gr\u00fcne Gramm-, Linsen-, Mung- oder Moongbohnen, sind die kleinen gr\u00fcnen runden Bohnen auf der ganzen Welt beliebt. Eine Sch\u00fcssel dieser gekochten Linsen hilft nicht nur beim Abnehmen, sondern h\u00e4lt auch lange satt. Moongbohnen gelten als eines der besten vegetarischen Lebensmittelprodukte.<\/p>","protected":false},"featured_media":20215863,"comment_status":"open","ping_status":"closed","template":"","meta":{"om_disable_all_campaigns":false,"_monsterinsights_skip_tracking":false,"_monsterinsights_sitenote_active":false,"_monsterinsights_sitenote_note":"","_monsterinsights_sitenote_category":0},"product_brand":[],"product_cat":[79],"product_tag":[318,317],"class_list":{"0":"post-20215862","1":"product","2":"type-product","3":"status-publish","4":"has-post-thumbnail","6":"product_cat-lebensmittel","7":"product_tag-kacang-ijo","8":"product_tag-trs","10":"first","11":"outofstock","12":"purchasable","13":"product-type-simple"},"aioseo_notices":[],"_links":{"self":[{"href":"https:\/\/javataste.de\/en\/wp-json\/wp\/v2\/product\/20215862","targetHints":{"allow":["GET"]}}],"collection":[{"href":"https:\/\/javataste.de\/en\/wp-json\/wp\/v2\/product"}],"about":[{"href":"https:\/\/javataste.de\/en\/wp-json\/wp\/v2\/types\/product"}],"replies":[{"embeddable":true,"href":"https:\/\/javataste.de\/en\/wp-json\/wp\/v2\/comments?post=20215862"}],"wp:featuredmedia":[{"embeddable":true,"href":"https:\/\/javataste.de\/en\/wp-json\/wp\/v2\/media\/20215863"}],"wp:attachment":[{"href":"https:\/\/javataste.de\/en\/wp-json\/wp\/v2\/media?parent=20215862"}],"wp:term":[{"taxonomy":"product_brand","embeddable":true,"href":"https:\/\/javataste.de\/en\/wp-json\/wp\/v2\/product_brand?post=20215862"},{"taxonomy":"product_cat","embeddable":true,"href":"https:\/\/javataste.de\/en\/wp-json\/wp\/v2\/product_cat?post=20215862"},{"taxonomy":"product_tag","embeddable":true,"href":"https:\/\/javataste.de\/en\/wp-json\/wp\/v2\/product_tag?post=20215862"}],"curies":[{"name":"wp","href":"https:\/\/api.w.org\/{rel}","templated":true}]}}