{"id":20215860,"date":"2023-07-14T18:10:41","date_gmt":"2023-07-14T16:10:41","guid":{"rendered":"https:\/\/javataste.de\/?post_type=product&#038;p=20215860"},"modified":"2026-04-21T19:16:32","modified_gmt":"2026-04-21T17:16:32","slug":"indofood-racik-sayur-sop","status":"publish","type":"product","link":"https:\/\/javataste.de\/en\/product\/indofood-racik-sayur-sop\/","title":{"rendered":"Indofood Racik Sayur Sop"},"content":{"rendered":"<p>Die indonesische Rezeptmischung Nummer 1 ist eine praktische L\u00f6sung f\u00fcr M\u00fctter, um leckere Tagesgerichte auf einfache und praktische Weise zu servieren. Hergestellt aus ausgew\u00e4hlten nat\u00fcrlichen Kr\u00e4utern und Gew\u00fcrzen, die ohne Konservierungsstoffe und Farbstoffe getrocknet wurden.<\/p>\n<p>Sop\/Suppe ist eine indonesische Rind- oder H\u00fchnersuppe mit niederl\u00e4ndischem Einfluss. Die beliebteste Variante dieser Suppe ist die Ochsenschwanzsuppe.<\/p>","protected":false},"excerpt":{"rendered":"<p>Sayur Sop \u2014 Instant Seasoning for Vegetable Soup \u2014\u00a0Instant-Gew\u00fcrz f\u00fcr Gem\u00fcsesuppe 20g<\/p>\n<p>Zutaten: Salz, Geschmacksverst\u00e4rker (Mononatriumglutamat, Dinatriuminosinat und Guanylat), Zucker, Dextrin, Gew\u00fcrze (enth\u00e4lt Antioxidansmittel a-Tocopherol, <b>Milch<\/b>, <b>Sojabohnen<\/b> und <b>Ei<\/b>), Gew\u00fcrze (enth\u00e4lt Knoblauch 3,5% (enth\u00e4lt <b>Gluten<\/b>), wei\u00dfer Pfeffer 1,5% und <b>Sellerie<\/b> 1,5%) und synthetischer Geschmack.<\/p>\n<p>Enth\u00e4lt Allergene, siehe fettgedruckte Inhaltsstoffe.<\/p>\n<p>Kann Sp\u00fcren von Erdn\u00fcsse, Krebstiere, Fisch, (Baum-)N\u00fcsse, Sesam und Senf enthalten.<\/p>\n<p>KEINE KONSERVIERUNGSSTOFFE, KEINE SYNTHETISCHEN FARBSTOFFE<\/p>","protected":false},"featured_media":20215861,"comment_status":"open","ping_status":"closed","template":"","meta":{"om_disable_all_campaigns":false,"_monsterinsights_skip_tracking":false,"_monsterinsights_sitenote_active":false,"_monsterinsights_sitenote_note":"","_monsterinsights_sitenote_category":0},"product_brand":[],"product_cat":[80],"product_tag":[288,304,316],"class_list":{"0":"post-20215860","1":"product","2":"type-product","3":"status-publish","4":"has-post-thumbnail","6":"product_cat-gewuerze","7":"product_tag-bumbu","8":"product_tag-indofood","9":"product_tag-racik","11":"first","12":"outofstock","13":"purchasable","14":"product-type-simple"},"aioseo_notices":[],"_links":{"self":[{"href":"https:\/\/javataste.de\/en\/wp-json\/wp\/v2\/product\/20215860","targetHints":{"allow":["GET"]}}],"collection":[{"href":"https:\/\/javataste.de\/en\/wp-json\/wp\/v2\/product"}],"about":[{"href":"https:\/\/javataste.de\/en\/wp-json\/wp\/v2\/types\/product"}],"replies":[{"embeddable":true,"href":"https:\/\/javataste.de\/en\/wp-json\/wp\/v2\/comments?post=20215860"}],"wp:featuredmedia":[{"embeddable":true,"href":"https:\/\/javataste.de\/en\/wp-json\/wp\/v2\/media\/20215861"}],"wp:attachment":[{"href":"https:\/\/javataste.de\/en\/wp-json\/wp\/v2\/media?parent=20215860"}],"wp:term":[{"taxonomy":"product_brand","embeddable":true,"href":"https:\/\/javataste.de\/en\/wp-json\/wp\/v2\/product_brand?post=20215860"},{"taxonomy":"product_cat","embeddable":true,"href":"https:\/\/javataste.de\/en\/wp-json\/wp\/v2\/product_cat?post=20215860"},{"taxonomy":"product_tag","embeddable":true,"href":"https:\/\/javataste.de\/en\/wp-json\/wp\/v2\/product_tag?post=20215860"}],"curies":[{"name":"wp","href":"https:\/\/api.w.org\/{rel}","templated":true}]}}