{"id":20215858,"date":"2023-07-14T17:51:07","date_gmt":"2023-07-14T15:51:07","guid":{"rendered":"https:\/\/javataste.de\/?post_type=product&#038;p=20215858"},"modified":"2025-09-03T19:57:47","modified_gmt":"2025-09-03T17:57:47","slug":"indofood-racik-tepung-bumbu-serbaguna","status":"publish","type":"product","link":"https:\/\/javataste.de\/en\/product\/indofood-racik-tepung-bumbu-serbaguna\/","title":{"rendered":"Indofood Racik Tepung Bumbu Serbaguna"},"content":{"rendered":"<p>Die indonesische Rezeptmischung Nummer 1 ist eine praktische L\u00f6sung f\u00fcr M\u00fctter, um leckere Tagesgerichte auf einfache und praktische Weise zu servieren. Hergestellt aus ausgew\u00e4hlten nat\u00fcrlichen Kr\u00e4utern und Gew\u00fcrzen, die ohne Konservierungsstoffe und Farbstoffe getrocknet wurden.<\/p>","protected":false},"excerpt":{"rendered":"<p>Multi-Purpose Seasoned Flour \u2014Mehrzweck-gew\u00fcrztes Mehl 75g<\/p>\n<p>Zutaten:\u00a0<b>Weizenmehl<\/b>, Tapiokamehl, Reismehl, Geschmacksverst\u00e4rker Mononatriumglutamat, Salz, Backtriebmittel Natriumhydrogencarbonat, Gew\u00fcrze (enthalten Koriander 1,2%, wei\u00dfer Pfeffer 0,5% und Knoblauch 0,15%), Stabilisator Natriumtripolyphosphat und Zucker.<\/p>\n<p>Enth\u00e4lt Allergene, siehe fettgedruckte Inhaltsstoffe.<\/p>\n<p>Kann Sp\u00fcren von Erdn\u00fcsse, Krebstiere, Fisch, Ei, (Baum-)N\u00fcsse, Milch, Sojabohnen, Gluten, Sellerie, Sesam, Senf und Weichtiere enthalten.<\/p>\n<p>KEINE KONSERVIERUNGSSTOFFE, KEINE SYNTHETISCHEN FARBSTOFFE<\/p>","protected":false},"featured_media":20215859,"comment_status":"open","ping_status":"closed","template":"","meta":{"om_disable_all_campaigns":false,"_monsterinsights_skip_tracking":false,"_monsterinsights_sitenote_active":false,"_monsterinsights_sitenote_note":"","_monsterinsights_sitenote_category":0},"product_brand":[],"product_cat":[80],"product_tag":[288,304,316],"class_list":{"0":"post-20215858","1":"product","2":"type-product","3":"status-publish","4":"has-post-thumbnail","6":"product_cat-gewuerze","7":"product_tag-bumbu","8":"product_tag-indofood","9":"product_tag-racik","11":"first","12":"instock","13":"purchasable","14":"product-type-simple"},"aioseo_notices":[],"_links":{"self":[{"href":"https:\/\/javataste.de\/en\/wp-json\/wp\/v2\/product\/20215858","targetHints":{"allow":["GET"]}}],"collection":[{"href":"https:\/\/javataste.de\/en\/wp-json\/wp\/v2\/product"}],"about":[{"href":"https:\/\/javataste.de\/en\/wp-json\/wp\/v2\/types\/product"}],"replies":[{"embeddable":true,"href":"https:\/\/javataste.de\/en\/wp-json\/wp\/v2\/comments?post=20215858"}],"wp:featuredmedia":[{"embeddable":true,"href":"https:\/\/javataste.de\/en\/wp-json\/wp\/v2\/media\/20215859"}],"wp:attachment":[{"href":"https:\/\/javataste.de\/en\/wp-json\/wp\/v2\/media?parent=20215858"}],"wp:term":[{"taxonomy":"product_brand","embeddable":true,"href":"https:\/\/javataste.de\/en\/wp-json\/wp\/v2\/product_brand?post=20215858"},{"taxonomy":"product_cat","embeddable":true,"href":"https:\/\/javataste.de\/en\/wp-json\/wp\/v2\/product_cat?post=20215858"},{"taxonomy":"product_tag","embeddable":true,"href":"https:\/\/javataste.de\/en\/wp-json\/wp\/v2\/product_tag?post=20215858"}],"curies":[{"name":"wp","href":"https:\/\/api.w.org\/{rel}","templated":true}]}}