{"id":20215856,"date":"2023-07-12T19:58:18","date_gmt":"2023-07-12T17:58:18","guid":{"rendered":"https:\/\/javataste.de\/?post_type=product&#038;p=20215856"},"modified":"2025-01-27T10:38:15","modified_gmt":"2025-01-27T09:38:15","slug":"indofood-racik-nasi-goreng-spesial-sosis","status":"publish","type":"product","link":"https:\/\/javataste.de\/en\/product\/indofood-racik-nasi-goreng-spesial-sosis\/","title":{"rendered":"Indofood Racik Nasi Goreng Spesial Sosis"},"content":{"rendered":"<p>Die indonesische Rezeptmischung Nummer 1 ist eine praktische L\u00f6sung f\u00fcr M\u00fctter, um leckere Tagesgerichte auf einfache und praktische Weise zu servieren. Hergestellt aus ausgew\u00e4hlten nat\u00fcrlichen Kr\u00e4utern und Gew\u00fcrzen, die ohne Konservierungsstoffe und Farbstoffe getrocknet wurden.<\/p>\n<p>Nasi Goreng bedeutet auf Indonesisch w\u00f6rtlich \u201egebratener Reis\u201c. Es ist ein sehr beliebtes Gericht, das \u00fcberall verkauft wird, vom tragbaren Imbisswagen auf der Stra\u00dfe bis zum gehobenen Restaurant. Es wird mit Gew\u00fcrzen zubereitet und mit Ei und Garnelen oder H\u00fchnchen serviert. Im Jahr 2011 wurde es von CNN zum zweitgr\u00f6\u00dften Gericht der 50 k\u00f6stlichsten Lebensmittel der Welt gek\u00fcrt.<\/p>","protected":false},"excerpt":{"rendered":"<p>Instant Seasoning for Special Fried Rice with Sausagw \u2014 Instant-Gew\u00fcrz f\u00fcr speziellen gebratenen Reis mit Wurst 20g<\/p>\n<p>Zutaten: Salz, Zucker,\u00a0Geschmacksverst\u00e4rker (Mononatriumglutamat, Dinatriuminosinat und Guanylat), Rostzwiebeln 8%, Wurst 8% (enth\u00e4lt <b>Sojabohnen<\/b>, <b>Milch<\/b>, nat\u00fcrlicher Farbstoff Karmin CI Nr. 75470 und Antioxidantionsmittel Tocopherol), Lauch, nat\u00fcrlicher Farbstoff Karamell I, synthetisches Aroma (enth\u00e4lt <b>Garnelen<\/b>, Geschmacksverst\u00e4rker Glutamins\u00e4ure, Antioxidationsmittel a-Tocopherol und Antioxidationsmittel Ascorbins\u00e4ure) und Chilipulver 1%.<\/p>\n<p>Enth\u00e4lt Allergene, siehe fettgedruckte Inhaltsstoffe.<\/p>\n<p>Kann Sp\u00fcren von Erdn\u00fcsse, Fisch, Ei, Gluten, (Baum-)N\u00fcsse, Sellerie, Sesam, Weichtiere und Senf enthalten.<\/p>\n<p>KEINE KONSERVIERUNGSSTOFFE, KEINE SYNTHETISCHEN FARBSTOFFE<\/p>","protected":false},"featured_media":20215857,"comment_status":"open","ping_status":"closed","template":"","meta":{"om_disable_all_campaigns":false,"_monsterinsights_skip_tracking":false,"_monsterinsights_sitenote_active":false,"_monsterinsights_sitenote_note":"","_monsterinsights_sitenote_category":0},"product_brand":[],"product_cat":[80,88],"product_tag":[288,304,316],"class_list":{"0":"post-20215856","1":"product","2":"type-product","3":"status-publish","4":"has-post-thumbnail","6":"product_cat-gewuerze","7":"product_cat-angebote","8":"product_tag-bumbu","9":"product_tag-indofood","10":"product_tag-racik","12":"first","13":"outofstock","14":"sale","15":"purchasable","16":"product-type-simple"},"aioseo_notices":[],"_links":{"self":[{"href":"https:\/\/javataste.de\/en\/wp-json\/wp\/v2\/product\/20215856","targetHints":{"allow":["GET"]}}],"collection":[{"href":"https:\/\/javataste.de\/en\/wp-json\/wp\/v2\/product"}],"about":[{"href":"https:\/\/javataste.de\/en\/wp-json\/wp\/v2\/types\/product"}],"replies":[{"embeddable":true,"href":"https:\/\/javataste.de\/en\/wp-json\/wp\/v2\/comments?post=20215856"}],"wp:featuredmedia":[{"embeddable":true,"href":"https:\/\/javataste.de\/en\/wp-json\/wp\/v2\/media\/20215857"}],"wp:attachment":[{"href":"https:\/\/javataste.de\/en\/wp-json\/wp\/v2\/media?parent=20215856"}],"wp:term":[{"taxonomy":"product_brand","embeddable":true,"href":"https:\/\/javataste.de\/en\/wp-json\/wp\/v2\/product_brand?post=20215856"},{"taxonomy":"product_cat","embeddable":true,"href":"https:\/\/javataste.de\/en\/wp-json\/wp\/v2\/product_cat?post=20215856"},{"taxonomy":"product_tag","embeddable":true,"href":"https:\/\/javataste.de\/en\/wp-json\/wp\/v2\/product_tag?post=20215856"}],"curies":[{"name":"wp","href":"https:\/\/api.w.org\/{rel}","templated":true}]}}