{"id":20215851,"date":"2023-07-11T21:27:57","date_gmt":"2023-07-11T19:27:57","guid":{"rendered":"https:\/\/javataste.de\/?post_type=product&#038;p=20215851"},"modified":"2025-01-27T10:38:39","modified_gmt":"2025-01-27T09:38:39","slug":"indofood-racik-tepung-bumbu-ayam-krispi-kentucky","status":"publish","type":"product","link":"https:\/\/javataste.de\/en\/product\/indofood-racik-tepung-bumbu-ayam-krispi-kentucky\/","title":{"rendered":"Indofood Racik Tepung Bumbu Ayam Krispi \u2014 Kentucky"},"content":{"rendered":"<p>Die indonesische Rezeptmischung Nummer 1 ist eine praktische L\u00f6sung f\u00fcr M\u00fctter, um leckere Tagesgerichte auf einfache und praktische Weise zu servieren. Hergestellt aus ausgew\u00e4hlten nat\u00fcrlichen Kr\u00e4utern und Gew\u00fcrzen, die ohne Konservierungsstoffe und Farbstoffe getrocknet wurden.<\/p>\n<p>Gew\u00fcrztes Mehl f\u00fcr knusprig gebratenes H\u00e4hnchen.<\/p>","protected":false},"excerpt":{"rendered":"<p>Crispy Chicken (Kentucky) Seasoned Flour \u2014\u00a0Gew\u00fcrztes Mehl f\u00fcr knusprig gebratenes H\u00e4hnchen 75g<\/p>\n<p>Zutaten:\u00a0<b>Weizenmehl<\/b>, Tapiokamehl, Geschmacksverst\u00e4rker (Mononatriumglutamat, Dinatriuminosinat und Guanylat),\u00a0Salz, Reismehl, Gew\u00fcrze (enthalten Koriander 1%, Knoblauch 0,7%\u00a0und\u00a0wei\u00dfer Pfeffer 0,3%), synthetisches H\u00fchneraroma, Backtriebmittel Natriumhydrogencarbonat, Stabilisator Natriumtripolyphosphat und Zucker.<\/p>\n<p>Enth\u00e4lt Allergene, siehe fettgedruckte Inhaltsstoffe.<\/p>\n<p>Kann Sp\u00fcren von Erdn\u00fcsse, Krebstiere, Fisch, Ei, (Baum-)N\u00fcsse, Milch, Sojabohnen, Gluten, Sellerie, Sesam, Senf und Weichtiere enthalten.<\/p>\n<p>KEINE KONSERVIERUNGSSTOFFE, KEINE SYNTHETISCHEN FARBSTOFFE<\/p>","protected":false},"featured_media":20215852,"comment_status":"open","ping_status":"closed","template":"","meta":{"om_disable_all_campaigns":false,"_monsterinsights_skip_tracking":false,"_monsterinsights_sitenote_active":false,"_monsterinsights_sitenote_note":"","_monsterinsights_sitenote_category":0},"product_brand":[],"product_cat":[80],"product_tag":[288,304,316],"class_list":{"0":"post-20215851","1":"product","2":"type-product","3":"status-publish","4":"has-post-thumbnail","6":"product_cat-gewuerze","7":"product_tag-bumbu","8":"product_tag-indofood","9":"product_tag-racik","11":"first","12":"outofstock","13":"purchasable","14":"product-type-simple"},"aioseo_notices":[],"_links":{"self":[{"href":"https:\/\/javataste.de\/en\/wp-json\/wp\/v2\/product\/20215851","targetHints":{"allow":["GET"]}}],"collection":[{"href":"https:\/\/javataste.de\/en\/wp-json\/wp\/v2\/product"}],"about":[{"href":"https:\/\/javataste.de\/en\/wp-json\/wp\/v2\/types\/product"}],"replies":[{"embeddable":true,"href":"https:\/\/javataste.de\/en\/wp-json\/wp\/v2\/comments?post=20215851"}],"wp:featuredmedia":[{"embeddable":true,"href":"https:\/\/javataste.de\/en\/wp-json\/wp\/v2\/media\/20215852"}],"wp:attachment":[{"href":"https:\/\/javataste.de\/en\/wp-json\/wp\/v2\/media?parent=20215851"}],"wp:term":[{"taxonomy":"product_brand","embeddable":true,"href":"https:\/\/javataste.de\/en\/wp-json\/wp\/v2\/product_brand?post=20215851"},{"taxonomy":"product_cat","embeddable":true,"href":"https:\/\/javataste.de\/en\/wp-json\/wp\/v2\/product_cat?post=20215851"},{"taxonomy":"product_tag","embeddable":true,"href":"https:\/\/javataste.de\/en\/wp-json\/wp\/v2\/product_tag?post=20215851"}],"curies":[{"name":"wp","href":"https:\/\/api.w.org\/{rel}","templated":true}]}}