{"id":20215849,"date":"2023-07-11T14:02:31","date_gmt":"2023-07-11T12:02:31","guid":{"rendered":"https:\/\/javataste.de\/?post_type=product&#038;p=20215849"},"modified":"2025-10-25T20:08:11","modified_gmt":"2025-10-25T18:08:11","slug":"indofood-racik-ayam-goreng-26g","status":"publish","type":"product","link":"https:\/\/javataste.de\/en\/product\/indofood-racik-ayam-goreng-26g\/","title":{"rendered":"Indofood Racik Ayam Goreng 26g"},"content":{"rendered":"<p>Die indonesische Rezeptmischung Nummer 1 ist eine praktische L\u00f6sung f\u00fcr M\u00fctter, um leckere Tagesgerichte auf einfache und praktische Weise zu servieren. Hergestellt aus ausgew\u00e4hlten nat\u00fcrlichen Kr\u00e4utern und Gew\u00fcrzen, die ohne Konservierungsstoffe und Farbstoffe getrocknet wurden.<\/p>\n<p>Ayam Goreng\/indonesisches Brath\u00e4hnchen ist in ganz Indonesien beliebt und wird normalerweise mit Reis gegessen. Es ist neben anderen Gerichten auch ein beliebtes Gericht f\u00fcr aufw\u00e4ndige Mahlzeiten wie Rijstaffel oder Nasi Kuning (gelber Reis). Die Methode, indonesisches Ayam Goreng zuzubereiten, besteht darin, das Huhn und die Gew\u00fcrzmischung in kochendem Wasser zu kochen, bis das Huhn zart, die So\u00dfe eingedickt und die Gew\u00fcrze absorbiert sind. Dann das H\u00e4hnchen frittieren, bis es goldbraun ist.<\/p>","protected":false},"excerpt":{"rendered":"<p>Ayam Goreng \u2014 Instant Seasoning for Fried Chicken \u2014 Instant-Gew\u00fcrze f\u00fcr Brath\u00e4hnchen 26g<\/p>\n<p>Zutaten: Salz, Gew\u00fcrze (enthalten Koriander 16%, Knoblauch 13% (enthalten <b>Gluten<\/b>) und\u00a0Kurkuma 8%), Geschmacksverst\u00e4rker (Mononatriumglutamat, Dinatriuminosinat und Guanylat), Zucker, Dextrin, S\u00e4ureregulator, k\u00fcnstliches Aroma (enth\u00e4lt Antioxidans Tocopherol) und synthetisches Aroma (enth\u00e4lt <b>Ei<\/b>).<\/p>\n<p>Enth\u00e4lt Allergene, siehe fettgedruckte Inhaltsstoffe.<\/p>\n<p>Kann Sp\u00fcren von Erdn\u00fcsse, Krebstiere, Fisch, (Baum-)N\u00fcsse, Milch, Sojabohnen, Sellerie, Sesam und Senf enthalten.<\/p>\n<p>KEINE KONSERVIERUNGSSTOFFE, KEINE SYNTHETISCHEN FARBSTOFFE<\/p>","protected":false},"featured_media":20215850,"comment_status":"open","ping_status":"closed","template":"","meta":{"om_disable_all_campaigns":false,"_monsterinsights_skip_tracking":false,"_monsterinsights_sitenote_active":false,"_monsterinsights_sitenote_note":"","_monsterinsights_sitenote_category":0},"product_brand":[],"product_cat":[80],"product_tag":[288,304,316],"class_list":{"0":"post-20215849","1":"product","2":"type-product","3":"status-publish","4":"has-post-thumbnail","6":"product_cat-gewuerze","7":"product_tag-bumbu","8":"product_tag-indofood","9":"product_tag-racik","11":"first","12":"outofstock","13":"purchasable","14":"product-type-simple"},"aioseo_notices":[],"_links":{"self":[{"href":"https:\/\/javataste.de\/en\/wp-json\/wp\/v2\/product\/20215849","targetHints":{"allow":["GET"]}}],"collection":[{"href":"https:\/\/javataste.de\/en\/wp-json\/wp\/v2\/product"}],"about":[{"href":"https:\/\/javataste.de\/en\/wp-json\/wp\/v2\/types\/product"}],"replies":[{"embeddable":true,"href":"https:\/\/javataste.de\/en\/wp-json\/wp\/v2\/comments?post=20215849"}],"wp:featuredmedia":[{"embeddable":true,"href":"https:\/\/javataste.de\/en\/wp-json\/wp\/v2\/media\/20215850"}],"wp:attachment":[{"href":"https:\/\/javataste.de\/en\/wp-json\/wp\/v2\/media?parent=20215849"}],"wp:term":[{"taxonomy":"product_brand","embeddable":true,"href":"https:\/\/javataste.de\/en\/wp-json\/wp\/v2\/product_brand?post=20215849"},{"taxonomy":"product_cat","embeddable":true,"href":"https:\/\/javataste.de\/en\/wp-json\/wp\/v2\/product_cat?post=20215849"},{"taxonomy":"product_tag","embeddable":true,"href":"https:\/\/javataste.de\/en\/wp-json\/wp\/v2\/product_tag?post=20215849"}],"curies":[{"name":"wp","href":"https:\/\/api.w.org\/{rel}","templated":true}]}}