{"id":20215845,"date":"2023-07-09T18:11:30","date_gmt":"2023-07-09T16:11:30","guid":{"rendered":"https:\/\/javataste.de\/?post_type=product&#038;p=20215845"},"modified":"2026-04-21T19:16:34","modified_gmt":"2026-04-21T17:16:34","slug":"indofood-racik-kare-45g","status":"publish","type":"product","link":"https:\/\/javataste.de\/en\/product\/indofood-racik-kare-45g\/","title":{"rendered":"Indofood Racik Kare 45g"},"content":{"rendered":"<p>Die indonesische Rezeptmischung Nummer 1 ist eine praktische L\u00f6sung f\u00fcr M\u00fctter, um leckere Tagesgerichte auf einfache und praktische Weise zu servieren. Hergestellt aus ausgew\u00e4hlten nat\u00fcrlichen Kr\u00e4utern und Gew\u00fcrzen, die ohne Konservierungsstoffe und Farbstoffe getrocknet wurden.<\/p>\n<p>Kare\/Curry ist eine indonesische gelbe Currysuppe, gekocht mit Kokosmilch. Hauptzutaten sind Gefl\u00fcgel, Rind oder Hammelfleisch. Kann mit Tofu, Tempeh oder Auberginen und anderem Gem\u00fcse zu einem vegetarischen Gericht verarbeitet werden. Es ist besonders w\u00e4hrend der muslimischen Neujahrsfeiertage beliebt. Kare-Zutaten sind wei\u00dfer Pfeffer, Koriander, Kreuzk\u00fcmmel, Zitronengras, Ingwer, Kurkuma, Chili, Schalotte und Ingwer. Geeignet f\u00fcr vegetarische Gerichte.<\/p>","protected":false},"excerpt":{"rendered":"<p>Kare \u2014 Curry 45g<\/p>\n<p>Zutaten: Kr\u00e4uter und Gew\u00fcrze 33% (enth\u00e4lt Kurkuma 5%, Schalotte 4%, Knoblauch 4% und\u00a0<b>Kerzennuss 4%<\/b>), Kokosmilch, Wasser, Salz, Geschmacksverst\u00e4rker (Mononatriumglutamat, Dinatriuminosinat und Guanylat), Zucker, Pflanzen\u00f6l, Chili und\u00a0S\u00e4ureregulatoren.<\/p>\n<p>Enth\u00e4lt Allergene, siehe fettgedruckte Inhaltsstoffe.<\/p>\n<p>KEINE KONSERVIERUNGSSTOFFE, KEINE SYNTHETISCHEN FARBSTOFFE<\/p>","protected":false},"featured_media":20215846,"comment_status":"open","ping_status":"closed","template":"","meta":{"om_disable_all_campaigns":false,"_monsterinsights_skip_tracking":false,"_monsterinsights_sitenote_active":false,"_monsterinsights_sitenote_note":"","_monsterinsights_sitenote_category":0},"product_brand":[],"product_cat":[80],"product_tag":[288,304,316],"class_list":{"0":"post-20215845","1":"product","2":"type-product","3":"status-publish","4":"has-post-thumbnail","6":"product_cat-gewuerze","7":"product_tag-bumbu","8":"product_tag-indofood","9":"product_tag-racik","11":"first","12":"outofstock","13":"purchasable","14":"product-type-simple"},"aioseo_notices":[],"_links":{"self":[{"href":"https:\/\/javataste.de\/en\/wp-json\/wp\/v2\/product\/20215845","targetHints":{"allow":["GET"]}}],"collection":[{"href":"https:\/\/javataste.de\/en\/wp-json\/wp\/v2\/product"}],"about":[{"href":"https:\/\/javataste.de\/en\/wp-json\/wp\/v2\/types\/product"}],"replies":[{"embeddable":true,"href":"https:\/\/javataste.de\/en\/wp-json\/wp\/v2\/comments?post=20215845"}],"wp:featuredmedia":[{"embeddable":true,"href":"https:\/\/javataste.de\/en\/wp-json\/wp\/v2\/media\/20215846"}],"wp:attachment":[{"href":"https:\/\/javataste.de\/en\/wp-json\/wp\/v2\/media?parent=20215845"}],"wp:term":[{"taxonomy":"product_brand","embeddable":true,"href":"https:\/\/javataste.de\/en\/wp-json\/wp\/v2\/product_brand?post=20215845"},{"taxonomy":"product_cat","embeddable":true,"href":"https:\/\/javataste.de\/en\/wp-json\/wp\/v2\/product_cat?post=20215845"},{"taxonomy":"product_tag","embeddable":true,"href":"https:\/\/javataste.de\/en\/wp-json\/wp\/v2\/product_tag?post=20215845"}],"curies":[{"name":"wp","href":"https:\/\/api.w.org\/{rel}","templated":true}]}}