{"id":20215843,"date":"2023-07-09T17:44:24","date_gmt":"2023-07-09T15:44:24","guid":{"rendered":"https:\/\/javataste.de\/?post_type=product&#038;p=20215843"},"modified":"2025-01-27T10:39:11","modified_gmt":"2025-01-27T09:39:11","slug":"indofood-racik-soto-ayam-45g","status":"publish","type":"product","link":"https:\/\/javataste.de\/en\/product\/indofood-racik-soto-ayam-45g\/","title":{"rendered":"Indofood Racik Soto Ayam 45g"},"content":{"rendered":"<p>Die indonesische Rezeptmischung Nummer 1 ist eine praktische L\u00f6sung f\u00fcr M\u00fctter, um leckere Tagesgerichte auf einfache und praktische Weise zu servieren. Hergestellt aus ausgew\u00e4hlten nat\u00fcrlichen Kr\u00e4utern und Gew\u00fcrzen, die ohne Konservierungsstoffe und Farbstoffe getrocknet wurden.<\/p>\n<p>Soto Ayam ist eine gelbe H\u00fchnersuppe, die urspr\u00fcnglich aus Java stammt. Diese Suppe ist in Indonesien sehr beliebt. Warm serviert gilt es bei den Indonesiern als Wohlf\u00fchlessen. Die gelbe Suppenbr\u00fche wird auf Sch\u00fcsseln mit zerkleinertem H\u00e4hnchenfleisch, Fadennudeln, gebratenen Kartoffelscheiben und hartgekochten Eiern gegossen.<\/p>","protected":false},"excerpt":{"rendered":"<p>Soto Ayam \u2014 Yellow Clear Chicken Soup \u2014\u00a0Gelbe klare H\u00fchnersuppe 45g<\/p>\n<p>Zutaten: Kr\u00e4uter und Gew\u00fcrze 39% (enth\u00e4lt Knoblauch 12%, <b>Kerzennuss 8%<\/b>, Schalotte 5% und Galgant 1%), Salz, Wasser, Geschmacksverst\u00e4rker (Mononatriumglutamat, Dinatriuminosinat und Guanylat), Pflanzen\u00f6l, Zucker,\u00a0synthetisches H\u00fchneraroma (enth\u00e4lt <b>Ei<\/b>), S\u00e4ureregulatoren und Antioxidans Tocopherol.<\/p>\n<p>Enth\u00e4lt Allergene, siehe fettgedruckte Inhaltsstoffe.<\/p>\n<p>KEINE KONSERVIERUNGSSTOFFE, KEINE SYNTHETISCHEN FARBSTOFFE<\/p>","protected":false},"featured_media":20215844,"comment_status":"open","ping_status":"closed","template":"","meta":{"om_disable_all_campaigns":false,"_monsterinsights_skip_tracking":false,"_monsterinsights_sitenote_active":false,"_monsterinsights_sitenote_note":"","_monsterinsights_sitenote_category":0},"product_brand":[],"product_cat":[80],"product_tag":[288,304,316],"class_list":{"0":"post-20215843","1":"product","2":"type-product","3":"status-publish","4":"has-post-thumbnail","6":"product_cat-gewuerze","7":"product_tag-bumbu","8":"product_tag-indofood","9":"product_tag-racik","11":"first","12":"outofstock","13":"purchasable","14":"product-type-simple"},"aioseo_notices":[],"_links":{"self":[{"href":"https:\/\/javataste.de\/en\/wp-json\/wp\/v2\/product\/20215843","targetHints":{"allow":["GET"]}}],"collection":[{"href":"https:\/\/javataste.de\/en\/wp-json\/wp\/v2\/product"}],"about":[{"href":"https:\/\/javataste.de\/en\/wp-json\/wp\/v2\/types\/product"}],"replies":[{"embeddable":true,"href":"https:\/\/javataste.de\/en\/wp-json\/wp\/v2\/comments?post=20215843"}],"wp:featuredmedia":[{"embeddable":true,"href":"https:\/\/javataste.de\/en\/wp-json\/wp\/v2\/media\/20215844"}],"wp:attachment":[{"href":"https:\/\/javataste.de\/en\/wp-json\/wp\/v2\/media?parent=20215843"}],"wp:term":[{"taxonomy":"product_brand","embeddable":true,"href":"https:\/\/javataste.de\/en\/wp-json\/wp\/v2\/product_brand?post=20215843"},{"taxonomy":"product_cat","embeddable":true,"href":"https:\/\/javataste.de\/en\/wp-json\/wp\/v2\/product_cat?post=20215843"},{"taxonomy":"product_tag","embeddable":true,"href":"https:\/\/javataste.de\/en\/wp-json\/wp\/v2\/product_tag?post=20215843"}],"curies":[{"name":"wp","href":"https:\/\/api.w.org\/{rel}","templated":true}]}}