{"id":20215840,"date":"2023-07-09T12:16:49","date_gmt":"2023-07-09T10:16:49","guid":{"rendered":"https:\/\/javataste.de\/?post_type=product&#038;p=20215840"},"modified":"2026-04-04T16:16:18","modified_gmt":"2026-04-04T14:16:18","slug":"indofood-racik-rawon-50g","status":"publish","type":"product","link":"https:\/\/javataste.de\/en\/product\/indofood-racik-rawon-50g\/","title":{"rendered":"Indofood Racik Rawon 50g"},"content":{"rendered":"<p>Die indonesische Rezeptmischung Nummer 1 ist eine praktische L\u00f6sung f\u00fcr M\u00fctter, um leckere Tagesgerichte auf einfache und praktische Weise zu servieren. Hergestellt aus ausgew\u00e4hlten nat\u00fcrlichen Kr\u00e4utern und Gew\u00fcrzen, die ohne Konservierungsstoffe und Farbstoffe getrocknet wurden.<\/p>\n<p>Rawon ist ein f\u00fcr Ost-Java typisches schwarzes Suppengericht. Diese Suppe hat einen starken, reichen Geschmack und eine schwarze Farbe, die von schwarzen N\u00fcssen\/Keluak (Pangeumedule) stammt. Die Hauptzutat ist Rindfleisch. Es wird mit Reis gegessen.<\/p>","protected":false},"excerpt":{"rendered":"<p>Rawon \u2014 Spicy Beef in Black Nut Soup \u2014\u00a0W\u00fcrziges Rindfleisch in schwarzer Nusssuppe (Kluwak\/Pangium edule) 50g<\/p>\n<p>Zutaten: Kr\u00e4uter und Gew\u00fcrze 46% (enth\u00e4lt Schalotte 18%, Kluwak 8,5%, Knoblauch 5,5%, <b>Kerzennuss<\/b>), Wasser, Salz, Pflanzen\u00f6l, Geschmacksverst\u00e4rker (Mononatriumglutamat, Dinatriuminosinat und Guanylat), Zucker, nat\u00fcrlicher Farbstoff Karamell I, Chili 1,5%, S\u00e4ureregulatoren und synthetisches Rindfleischaroma (enth\u00e4lt <b>Milch<\/b> und <b>Sellerie<\/b>)<\/p>\n<p>Enth\u00e4lt Allergene, siehe fettgedruckte Inhaltsstoffe.<\/p>\n<p>KEINE KONSERVIERUNGSSTOFFE, KEINE SYNTHETISCHEN FARBSTOFFE<\/p>","protected":false},"featured_media":20215841,"comment_status":"open","ping_status":"closed","template":"","meta":{"om_disable_all_campaigns":false,"_monsterinsights_skip_tracking":false,"_monsterinsights_sitenote_active":false,"_monsterinsights_sitenote_note":"","_monsterinsights_sitenote_category":0},"product_brand":[],"product_cat":[80],"product_tag":[288,304,316],"class_list":{"0":"post-20215840","1":"product","2":"type-product","3":"status-publish","4":"has-post-thumbnail","6":"product_cat-gewuerze","7":"product_tag-bumbu","8":"product_tag-indofood","9":"product_tag-racik","11":"first","12":"instock","13":"purchasable","14":"product-type-simple"},"aioseo_notices":[],"_links":{"self":[{"href":"https:\/\/javataste.de\/en\/wp-json\/wp\/v2\/product\/20215840","targetHints":{"allow":["GET"]}}],"collection":[{"href":"https:\/\/javataste.de\/en\/wp-json\/wp\/v2\/product"}],"about":[{"href":"https:\/\/javataste.de\/en\/wp-json\/wp\/v2\/types\/product"}],"replies":[{"embeddable":true,"href":"https:\/\/javataste.de\/en\/wp-json\/wp\/v2\/comments?post=20215840"}],"wp:featuredmedia":[{"embeddable":true,"href":"https:\/\/javataste.de\/en\/wp-json\/wp\/v2\/media\/20215841"}],"wp:attachment":[{"href":"https:\/\/javataste.de\/en\/wp-json\/wp\/v2\/media?parent=20215840"}],"wp:term":[{"taxonomy":"product_brand","embeddable":true,"href":"https:\/\/javataste.de\/en\/wp-json\/wp\/v2\/product_brand?post=20215840"},{"taxonomy":"product_cat","embeddable":true,"href":"https:\/\/javataste.de\/en\/wp-json\/wp\/v2\/product_cat?post=20215840"},{"taxonomy":"product_tag","embeddable":true,"href":"https:\/\/javataste.de\/en\/wp-json\/wp\/v2\/product_tag?post=20215840"}],"curies":[{"name":"wp","href":"https:\/\/api.w.org\/{rel}","templated":true}]}}