{"id":20215837,"date":"2023-07-09T08:04:49","date_gmt":"2023-07-09T06:04:49","guid":{"rendered":"https:\/\/javataste.de\/?post_type=product&#038;p=20215837"},"modified":"2026-04-21T19:16:34","modified_gmt":"2026-04-21T17:16:34","slug":"indofood-racik-rendang","status":"publish","type":"product","link":"https:\/\/javataste.de\/en\/product\/indofood-racik-rendang\/","title":{"rendered":"Indofood Racik Rendang"},"content":{"rendered":"<p>Die indonesische Rezeptmischung Nummer 1 ist eine praktische L\u00f6sung f\u00fcr M\u00fctter, um leckere Tagesgerichte auf einfache und praktische Weise zu servieren. Hergestellt aus ausgew\u00e4hlten nat\u00fcrlichen Kr\u00e4utern und Gew\u00fcrzen, die ohne Konservierungsstoffe und Farbstoffe getrocknet wurden.<\/p>\n<p>Rendang ist ein sehr beliebtes, wohlschmeckendes Fleischgericht in Indonesien. Urspr\u00fcnglich stammt es aus Sumatra und wurde zu besonderen Anl\u00e4ssen zu Ehren von G\u00e4sten serviert. Im Jahr 2011 wurde es von CNN zum Gericht Nummer eins der 50 k\u00f6stlichsten Lebensmittel der Welt gek\u00fcrt. Es wird langsam in Kokosmilch und kr\u00e4ftigen Gew\u00fcrzen gekocht, bis die Sauce eine dicke Konsistenz erh\u00e4lt.<\/p>","protected":false},"excerpt":{"rendered":"<p>Rendang \u2014 Beef in Rich Coconut and Spices \u2014 Rindfleisch in reichhaltiger Kokosnuss und Gew\u00fcrzen 50g<\/p>\n<p>Zutaten: Kr\u00e4uter und Gew\u00fcrze 34% (enth\u00e4lt Schalotte 10%, Galgant 3%, Knoblauch 2,5%, <b>Kerzennuss<\/b>), Kokosmilch, Wasser, Salz, Chili 10%, Zucker, Pflanzen\u00f6l, Geschmacksverst\u00e4rker (Mononatriumglutamat, Dinatriuminosinat und Guanylat), S\u00e4ureregulatoren, nat\u00fcrlicher Farbstoff Karamell I.<\/p>\n<p>Enth\u00e4lt Allergene, siehe fettgedruckte Inhaltsstoffe.<\/p>\n<p>KEINE KONSERVIERUNGSSTOFFE, KEINE SYNTHETISCHEN FARBSTOFFE<\/p>","protected":false},"featured_media":20215838,"comment_status":"open","ping_status":"closed","template":"","meta":{"om_disable_all_campaigns":false,"_monsterinsights_skip_tracking":false,"_monsterinsights_sitenote_active":false,"_monsterinsights_sitenote_note":"","_monsterinsights_sitenote_category":0},"product_brand":[],"product_cat":[80],"product_tag":[288,304,316],"class_list":{"0":"post-20215837","1":"product","2":"type-product","3":"status-publish","4":"has-post-thumbnail","6":"product_cat-gewuerze","7":"product_tag-bumbu","8":"product_tag-indofood","9":"product_tag-racik","11":"first","12":"outofstock","13":"purchasable","14":"product-type-simple"},"aioseo_notices":[],"_links":{"self":[{"href":"https:\/\/javataste.de\/en\/wp-json\/wp\/v2\/product\/20215837","targetHints":{"allow":["GET"]}}],"collection":[{"href":"https:\/\/javataste.de\/en\/wp-json\/wp\/v2\/product"}],"about":[{"href":"https:\/\/javataste.de\/en\/wp-json\/wp\/v2\/types\/product"}],"replies":[{"embeddable":true,"href":"https:\/\/javataste.de\/en\/wp-json\/wp\/v2\/comments?post=20215837"}],"wp:featuredmedia":[{"embeddable":true,"href":"https:\/\/javataste.de\/en\/wp-json\/wp\/v2\/media\/20215838"}],"wp:attachment":[{"href":"https:\/\/javataste.de\/en\/wp-json\/wp\/v2\/media?parent=20215837"}],"wp:term":[{"taxonomy":"product_brand","embeddable":true,"href":"https:\/\/javataste.de\/en\/wp-json\/wp\/v2\/product_brand?post=20215837"},{"taxonomy":"product_cat","embeddable":true,"href":"https:\/\/javataste.de\/en\/wp-json\/wp\/v2\/product_cat?post=20215837"},{"taxonomy":"product_tag","embeddable":true,"href":"https:\/\/javataste.de\/en\/wp-json\/wp\/v2\/product_tag?post=20215837"}],"curies":[{"name":"wp","href":"https:\/\/api.w.org\/{rel}","templated":true}]}}