{"id":20215834,"date":"2023-07-08T18:17:27","date_gmt":"2023-07-08T16:17:27","guid":{"rendered":"https:\/\/javataste.de\/?post_type=product&#038;p=20215834"},"modified":"2026-04-13T09:26:56","modified_gmt":"2026-04-13T07:26:56","slug":"bamboe-gule-gulai-35g","status":"publish","type":"product","link":"https:\/\/javataste.de\/en\/product\/bamboe-gule-gulai-35g\/","title":{"rendered":"BAMBOE Gule \u2014 Gulai 35g"},"content":{"rendered":"<p>Gule\/Gulai ist ein lokales indonesisches Currygericht. Es hat eine gelbliche Farbe und kann je nach Region Indonesiens als d\u00fcnnere Suppe oder mit dickerer Konsistenz zubereitet werden. Die Hauptzutaten sind Hammelfleisch, Rind- oder Gefl\u00fcgelfleisch, Meeresfr\u00fcchte und Gem\u00fcse. Es ist bei Indonesiern besonders w\u00e4hrend der muslimischen Neujahrsfeiertage sehr beliebt.<\/p>\n<p>Gulai-Zutaten bestehen aus reichhaltigen Gew\u00fcrzen wie Schalotte, Knoblauch, Kurkuma, Koriander, Galgant, Muskatnuss, Ingwer, Chili, Kreuzk\u00fcmmel, Zitronengras, Nelke und Zimt.<\/p>","protected":false},"excerpt":{"rendered":"<p style=\"text-align: center;\">Gule \u2014 Indonesian Gulai Curry Soup \u2014 indonesische Gulai-Currysuppe 35g<\/p>\n<p>Zutaten: Schalotten (44%), Salz, Pflanzen\u00f6l (10,9%), Knoblauch (7%), Kurkuma (7,2%), Koriander, <b>Muskatnuss*<\/b>, Kreuzk\u00fcmmel und wei\u00dfer Pfeffer.<\/p>\n<p>*kann Allergene enthalten<\/p>","protected":false},"featured_media":20215835,"comment_status":"open","ping_status":"closed","template":"","meta":{"om_disable_all_campaigns":false,"_monsterinsights_skip_tracking":false,"_monsterinsights_sitenote_active":false,"_monsterinsights_sitenote_note":"","_monsterinsights_sitenote_category":0},"product_brand":[],"product_cat":[80],"product_tag":[117],"class_list":{"0":"post-20215834","1":"product","2":"type-product","3":"status-publish","4":"has-post-thumbnail","6":"product_cat-gewuerze","7":"product_tag-bamboe","9":"first","10":"instock","11":"purchasable","12":"product-type-simple"},"aioseo_notices":[],"_links":{"self":[{"href":"https:\/\/javataste.de\/en\/wp-json\/wp\/v2\/product\/20215834","targetHints":{"allow":["GET"]}}],"collection":[{"href":"https:\/\/javataste.de\/en\/wp-json\/wp\/v2\/product"}],"about":[{"href":"https:\/\/javataste.de\/en\/wp-json\/wp\/v2\/types\/product"}],"replies":[{"embeddable":true,"href":"https:\/\/javataste.de\/en\/wp-json\/wp\/v2\/comments?post=20215834"}],"wp:featuredmedia":[{"embeddable":true,"href":"https:\/\/javataste.de\/en\/wp-json\/wp\/v2\/media\/20215835"}],"wp:attachment":[{"href":"https:\/\/javataste.de\/en\/wp-json\/wp\/v2\/media?parent=20215834"}],"wp:term":[{"taxonomy":"product_brand","embeddable":true,"href":"https:\/\/javataste.de\/en\/wp-json\/wp\/v2\/product_brand?post=20215834"},{"taxonomy":"product_cat","embeddable":true,"href":"https:\/\/javataste.de\/en\/wp-json\/wp\/v2\/product_cat?post=20215834"},{"taxonomy":"product_tag","embeddable":true,"href":"https:\/\/javataste.de\/en\/wp-json\/wp\/v2\/product_tag?post=20215834"}],"curies":[{"name":"wp","href":"https:\/\/api.w.org\/{rel}","templated":true}]}}