{"id":20215832,"date":"2023-07-08T17:30:13","date_gmt":"2023-07-08T15:30:13","guid":{"rendered":"https:\/\/javataste.de\/?post_type=product&#038;p=20215832"},"modified":"2026-02-26T11:47:04","modified_gmt":"2026-02-26T10:47:04","slug":"kobe-boncabe-max-end-level-50-3g","status":"publish","type":"product","link":"https:\/\/javataste.de\/en\/product\/kobe-boncabe-max-end-level-50-3g\/","title":{"rendered":"Kobe BonCabe Max End Level 50 3g"},"content":{"rendered":"<p>NEU! BonCabe Level 50 Max End!<\/p>\n<p>Maximieren Sie bis zum Ende! Suchen Sie nach einer Herausforderung und m\u00f6chten Sie das MAXIMAL w\u00fcrzige Gef\u00fchl sp\u00fcren? Es ist wirklich gut, das hei\u00dft, Sie m\u00fcssen BonCabe Stufe 50 Max End ausprobieren.<\/p>\n<p>BonCabe Niveau 50 Max End mit MAXIMAL w\u00fcrzigem Geschmack, perfekt f\u00fcr Liebhaber von Gew\u00fcrzen auf h\u00f6chstem Niveau. BonCabe Stufe 50 Max End, die gleichm\u00e4\u00dfige Sch\u00e4rfe sorgt daf\u00fcr, dass Ihr Essabenteuer bis zum Ende maximiert wird. Streuen Sie einfach ein wenig dar\u00fcber und Sie werden sofort ein au\u00dfergew\u00f6hnlich w\u00fcrziges Gef\u00fchl im Mund versp\u00fcren. Es ist wirklich extrem scharf, aber man sp\u00fcrt immer noch den Genuss, es zu essen. Denn BonCabe wird aus ausgew\u00e4hlten Qualit\u00e4ts-Chilis mit besonderen Gew\u00fcrzen hergestellt und ist somit perfekt f\u00fcr Scharf-Liebhaber.<\/p>\n<p>Also, worauf wartest Du? Kommst Du, probierst Du es aus und erlebst Du das h\u00f6chste Sch\u00e4rfegef\u00fchl von BonCabe Stufe 50 Max End, das bis zum Ende maximiert!<\/p>","protected":false},"excerpt":{"rendered":"<p>Bon Cabe Maximalendstufe 50<br \/>\nBereit zum Verzehr!<br \/>\npraktisch zur Reise.<\/p>\n<p>Streuen Sie nur eine kleine Menge dar\u00fcber, denn BonCabe Stufe 50 Max End ist sehr, sehr scharf!<\/p>\n<p><b>Zutaten:<\/b> getrocknete Chili (75%), Salz, Puderzucker, Geschmacksverst\u00e4rker (Mononatrium Glutamat, Dinatrium 5\u2018-Inosinat, Dinatrium 5\u2018-Guanilat), Pflanzen\u00f6l,\u00a0gebratene Schalotten.<\/p>\n<p><b>Allergeninformationen:<\/b> kann enthalten: Gluten, Krebstiere, Fisch und Weichtiere.<\/p>","protected":false},"featured_media":20215831,"comment_status":"closed","ping_status":"closed","template":"","meta":{"om_disable_all_campaigns":false,"_monsterinsights_skip_tracking":false,"_monsterinsights_sitenote_active":false,"_monsterinsights_sitenote_note":"","_monsterinsights_sitenote_category":0},"product_brand":[],"product_cat":[80],"product_tag":[156,274],"class_list":{"0":"post-20215832","1":"product","2":"type-product","3":"status-publish","4":"has-post-thumbnail","6":"product_cat-gewuerze","7":"product_tag-bon-cabe","8":"product_tag-scharf","10":"first","11":"instock","12":"purchasable","13":"product-type-simple"},"aioseo_notices":[],"_links":{"self":[{"href":"https:\/\/javataste.de\/en\/wp-json\/wp\/v2\/product\/20215832","targetHints":{"allow":["GET"]}}],"collection":[{"href":"https:\/\/javataste.de\/en\/wp-json\/wp\/v2\/product"}],"about":[{"href":"https:\/\/javataste.de\/en\/wp-json\/wp\/v2\/types\/product"}],"replies":[{"embeddable":true,"href":"https:\/\/javataste.de\/en\/wp-json\/wp\/v2\/comments?post=20215832"}],"wp:featuredmedia":[{"embeddable":true,"href":"https:\/\/javataste.de\/en\/wp-json\/wp\/v2\/media\/20215831"}],"wp:attachment":[{"href":"https:\/\/javataste.de\/en\/wp-json\/wp\/v2\/media?parent=20215832"}],"wp:term":[{"taxonomy":"product_brand","embeddable":true,"href":"https:\/\/javataste.de\/en\/wp-json\/wp\/v2\/product_brand?post=20215832"},{"taxonomy":"product_cat","embeddable":true,"href":"https:\/\/javataste.de\/en\/wp-json\/wp\/v2\/product_cat?post=20215832"},{"taxonomy":"product_tag","embeddable":true,"href":"https:\/\/javataste.de\/en\/wp-json\/wp\/v2\/product_tag?post=20215832"}],"curies":[{"name":"wp","href":"https:\/\/api.w.org\/{rel}","templated":true}]}}