{"id":20215819,"date":"2023-07-08T12:03:14","date_gmt":"2023-07-08T10:03:14","guid":{"rendered":"https:\/\/javataste.de\/?post_type=product&#038;p=20215819"},"modified":"2026-04-21T19:16:35","modified_gmt":"2026-04-21T17:16:35","slug":"kobe-boncabe-rasa-ikan-roa-roa-fisch-level-15-12x45g","status":"publish","type":"product","link":"https:\/\/javataste.de\/en\/product\/kobe-boncabe-rasa-ikan-roa-roa-fisch-level-15-12x45g\/","title":{"rendered":"Kobe BonCabe Rasa Ikan Roa (Roa-Fisch) Level 15 12&#215;4,5g"},"content":{"rendered":"<p>Erleben Sie als Erster den wahnsinnig w\u00fcrzigen Genuss von BonCabe Level 15 kombiniert mit dem herzhaften und unverwechselbaren Gef\u00fchl von ger\u00e4uchertem Roa-Fisch. Hergestellt aus echtem ger\u00e4uchertem Roa-Fisch, kombiniert mit echten Chilis bester Qualit\u00e4t, die nach h\u00f6chsten Standards verarbeitet werden, sowie den charakteristischen Sambal-Gew\u00fcrzen von BonCabe. Diese neue Geschmacksrichtung wird mit Sicherheit Ihr Favorit.<\/p>","protected":false},"excerpt":{"rendered":"<p>Bon Cabe Level 15 Rasa Ikan Roa von Kobe ist eine w\u00fcrzige Kr\u00e4utermischung aus ausgew\u00e4hlten getrockneten Paprika.<\/p>","protected":false},"featured_media":20215820,"comment_status":"closed","ping_status":"closed","template":"","meta":{"om_disable_all_campaigns":false,"_monsterinsights_skip_tracking":false,"_monsterinsights_sitenote_active":false,"_monsterinsights_sitenote_note":"","_monsterinsights_sitenote_category":0},"product_brand":[],"product_cat":[80],"product_tag":[156,274],"class_list":{"0":"post-20215819","1":"product","2":"type-product","3":"status-publish","4":"has-post-thumbnail","6":"product_cat-gewuerze","7":"product_tag-bon-cabe","8":"product_tag-scharf","10":"first","11":"outofstock","12":"purchasable","13":"product-type-simple"},"aioseo_notices":[],"_links":{"self":[{"href":"https:\/\/javataste.de\/en\/wp-json\/wp\/v2\/product\/20215819","targetHints":{"allow":["GET"]}}],"collection":[{"href":"https:\/\/javataste.de\/en\/wp-json\/wp\/v2\/product"}],"about":[{"href":"https:\/\/javataste.de\/en\/wp-json\/wp\/v2\/types\/product"}],"replies":[{"embeddable":true,"href":"https:\/\/javataste.de\/en\/wp-json\/wp\/v2\/comments?post=20215819"}],"wp:featuredmedia":[{"embeddable":true,"href":"https:\/\/javataste.de\/en\/wp-json\/wp\/v2\/media\/20215820"}],"wp:attachment":[{"href":"https:\/\/javataste.de\/en\/wp-json\/wp\/v2\/media?parent=20215819"}],"wp:term":[{"taxonomy":"product_brand","embeddable":true,"href":"https:\/\/javataste.de\/en\/wp-json\/wp\/v2\/product_brand?post=20215819"},{"taxonomy":"product_cat","embeddable":true,"href":"https:\/\/javataste.de\/en\/wp-json\/wp\/v2\/product_cat?post=20215819"},{"taxonomy":"product_tag","embeddable":true,"href":"https:\/\/javataste.de\/en\/wp-json\/wp\/v2\/product_tag?post=20215819"}],"curies":[{"name":"wp","href":"https:\/\/api.w.org\/{rel}","templated":true}]}}