{"id":20215814,"date":"2023-07-08T11:04:14","date_gmt":"2023-07-08T09:04:14","guid":{"rendered":"https:\/\/javataste.de\/?post_type=product&#038;p=20215814"},"modified":"2025-01-27T10:40:44","modified_gmt":"2025-01-27T09:40:44","slug":"torabika-kopi-jahe-susu-kaffee-mit-ingwer-10x20g","status":"publish","type":"product","link":"https:\/\/javataste.de\/en\/product\/torabika-kopi-jahe-susu-kaffee-mit-ingwer-10x20g\/","title":{"rendered":"Torabika Kopi Jahe Susu \u2014 Kaffee mit Ingwer 10x20g"},"content":{"rendered":"<p>Torabika <u>Milch-Ingwer<\/u> ist eine besondere Kombination aus einem hervorragenden <i>Robusta<\/i>-Kaffee, Vollmilch und Ingwer. Torabika Jahe verleiht Ihnen beim Kaffeegenuss ein einzigartiges warmes Gef\u00fchl.<\/p>","protected":false},"excerpt":{"rendered":"<p>Kaffee mit Ingwer (ohne Bodensatz)<\/p>\n<p>Zutaten: Zucker, Gem\u00fcsewei\u00dfer, Pulverkaffee (6%), synthetischer Geschmack, Ingwerpulver (2,5%), Palmzucker, pulverisierter Malzextrakt, Magermilchpulver und k\u00fcnstlicher S\u00fc\u00dfstoff Asesulfam-K (0,18%).<\/p>","protected":false},"featured_media":20215815,"comment_status":"open","ping_status":"closed","template":"","meta":{"om_disable_all_campaigns":false,"_monsterinsights_skip_tracking":false,"_monsterinsights_sitenote_active":false,"_monsterinsights_sitenote_note":"","_monsterinsights_sitenote_category":0},"product_brand":[],"product_cat":[75],"product_tag":[267,315,314],"class_list":{"0":"post-20215814","1":"product","2":"type-product","3":"status-publish","4":"has-post-thumbnail","6":"product_cat-getraenke","7":"product_tag-ingwer","8":"product_tag-kaffee","9":"product_tag-torabika","11":"first","12":"outofstock","13":"purchasable","14":"product-type-simple"},"aioseo_notices":[],"_links":{"self":[{"href":"https:\/\/javataste.de\/en\/wp-json\/wp\/v2\/product\/20215814","targetHints":{"allow":["GET"]}}],"collection":[{"href":"https:\/\/javataste.de\/en\/wp-json\/wp\/v2\/product"}],"about":[{"href":"https:\/\/javataste.de\/en\/wp-json\/wp\/v2\/types\/product"}],"replies":[{"embeddable":true,"href":"https:\/\/javataste.de\/en\/wp-json\/wp\/v2\/comments?post=20215814"}],"wp:featuredmedia":[{"embeddable":true,"href":"https:\/\/javataste.de\/en\/wp-json\/wp\/v2\/media\/20215815"}],"wp:attachment":[{"href":"https:\/\/javataste.de\/en\/wp-json\/wp\/v2\/media?parent=20215814"}],"wp:term":[{"taxonomy":"product_brand","embeddable":true,"href":"https:\/\/javataste.de\/en\/wp-json\/wp\/v2\/product_brand?post=20215814"},{"taxonomy":"product_cat","embeddable":true,"href":"https:\/\/javataste.de\/en\/wp-json\/wp\/v2\/product_cat?post=20215814"},{"taxonomy":"product_tag","embeddable":true,"href":"https:\/\/javataste.de\/en\/wp-json\/wp\/v2\/product_tag?post=20215814"}],"curies":[{"name":"wp","href":"https:\/\/api.w.org\/{rel}","templated":true}]}}