{"id":20215807,"date":"2023-07-08T07:31:26","date_gmt":"2023-07-08T05:31:26","guid":{"rendered":"https:\/\/javataste.de\/?post_type=product&#038;p=20215807"},"modified":"2025-01-27T10:41:06","modified_gmt":"2025-01-27T09:41:06","slug":"torabika-kopi-susu-kaffeemilch-mit-vollcreme-10x31g","status":"publish","type":"product","link":"https:\/\/javataste.de\/en\/product\/torabika-kopi-susu-kaffeemilch-mit-vollcreme-10x31g\/","title":{"rendered":"Torabika Kopi Susu \u2014 Kaffeemilch mit Vollcreme 10x31g"},"content":{"rendered":"<p><i><b>Tora Susu<\/b><\/i> mit einer Mischung aus Arabica- und Robusta-Kaffeemit Zuckerzusatz und angereichert mit Vollmilch. Genie\u00dfen Sie den gleichm\u00e4\u00dfigen Kaffee und die k\u00f6stliche Vollmilch in jeder Portion der <i>Tora<\/i>-Milch f\u00fcr Ihren Alltag.<\/p>","protected":false},"excerpt":{"rendered":"<p>Zutaten: Zucker, milchfreier Milchschaum, Kaffeepulver (15,9%), Dextrose, Vollmilchpulver (2,7%) und synthetisches Aroma.<br \/>\nAllergeninformationen: <b>enth\u00e4lt Milch<\/b>.<\/p>","protected":false},"featured_media":20215808,"comment_status":"open","ping_status":"closed","template":"","meta":{"om_disable_all_campaigns":false,"_monsterinsights_skip_tracking":false,"_monsterinsights_sitenote_active":false,"_monsterinsights_sitenote_note":"","_monsterinsights_sitenote_category":0},"product_brand":[],"product_cat":[75],"product_tag":[315,314],"class_list":{"0":"post-20215807","1":"product","2":"type-product","3":"status-publish","4":"has-post-thumbnail","6":"product_cat-getraenke","7":"product_tag-kaffee","8":"product_tag-torabika","10":"first","11":"outofstock","12":"purchasable","13":"product-type-simple"},"aioseo_notices":[],"_links":{"self":[{"href":"https:\/\/javataste.de\/en\/wp-json\/wp\/v2\/product\/20215807","targetHints":{"allow":["GET"]}}],"collection":[{"href":"https:\/\/javataste.de\/en\/wp-json\/wp\/v2\/product"}],"about":[{"href":"https:\/\/javataste.de\/en\/wp-json\/wp\/v2\/types\/product"}],"replies":[{"embeddable":true,"href":"https:\/\/javataste.de\/en\/wp-json\/wp\/v2\/comments?post=20215807"}],"wp:featuredmedia":[{"embeddable":true,"href":"https:\/\/javataste.de\/en\/wp-json\/wp\/v2\/media\/20215808"}],"wp:attachment":[{"href":"https:\/\/javataste.de\/en\/wp-json\/wp\/v2\/media?parent=20215807"}],"wp:term":[{"taxonomy":"product_brand","embeddable":true,"href":"https:\/\/javataste.de\/en\/wp-json\/wp\/v2\/product_brand?post=20215807"},{"taxonomy":"product_cat","embeddable":true,"href":"https:\/\/javataste.de\/en\/wp-json\/wp\/v2\/product_cat?post=20215807"},{"taxonomy":"product_tag","embeddable":true,"href":"https:\/\/javataste.de\/en\/wp-json\/wp\/v2\/product_tag?post=20215807"}],"curies":[{"name":"wp","href":"https:\/\/api.w.org\/{rel}","templated":true}]}}