{"id":20215800,"date":"2023-07-08T06:30:17","date_gmt":"2023-07-08T04:30:17","guid":{"rendered":"https:\/\/javataste.de\/?post_type=product&#038;p=20215800"},"modified":"2026-04-21T19:57:56","modified_gmt":"2026-04-21T17:57:56","slug":"finna-sambal-uleg-terasi-10x18g","status":"publish","type":"product","link":"https:\/\/javataste.de\/en\/product\/finna-sambal-uleg-terasi-10x18g\/","title":{"rendered":"FINNA Sambal Uleg Terasi 10x18g"},"content":{"rendered":"<p>FINNA pr\u00e4sentiert hausgemachtes Sambal Terasi, zubereitet aus ausgew\u00e4hlten frischen Chilis, kombiniert mit hochwertiger Garnelenpaste und Gew\u00fcrzen, um Mahlzeiten mit der Familie noch angenehmer zu machen.<\/p>\n<p>Kann als Beilage zu verschiedenen Speisen verwendet werden, z. B. Chilisauce f\u00fcr Brath\u00e4hnchen, Grundzutaten f\u00fcr Balado, <i>Penyetan<\/i>, Grundzutaten f\u00fcr gebratenen Reis, <i>Cah Kangkung<\/i>, Grundzutaten zum Kochen und so weiter.<\/p>","protected":false},"excerpt":{"rendered":"<p>Zutaten : Chili, Zucker, Pflanzen\u00f6l, Garnelenpaste, Wasser, Salz, Geschmacksverst\u00e4rker Mononatriumglutamat, modifizierte St\u00e4rke, Konservierungsmittel Kaliumsorbat.<\/p>","protected":false},"featured_media":20215801,"comment_status":"open","ping_status":"closed","template":"","meta":{"om_disable_all_campaigns":false,"_monsterinsights_skip_tracking":false,"_monsterinsights_sitenote_active":false,"_monsterinsights_sitenote_note":"","_monsterinsights_sitenote_category":0},"product_brand":[],"product_cat":[256,79,88],"product_tag":[126,312,274],"class_list":{"0":"post-20215800","1":"product","2":"type-product","3":"status-publish","4":"has-post-thumbnail","6":"product_cat-chilisauce","7":"product_cat-lebensmittel","8":"product_cat-angebote","9":"product_tag-finna","10":"product_tag-sambal","11":"product_tag-scharf","13":"first","14":"outofstock","15":"sale","16":"purchasable","17":"product-type-simple"},"aioseo_notices":[],"_links":{"self":[{"href":"https:\/\/javataste.de\/en\/wp-json\/wp\/v2\/product\/20215800","targetHints":{"allow":["GET"]}}],"collection":[{"href":"https:\/\/javataste.de\/en\/wp-json\/wp\/v2\/product"}],"about":[{"href":"https:\/\/javataste.de\/en\/wp-json\/wp\/v2\/types\/product"}],"replies":[{"embeddable":true,"href":"https:\/\/javataste.de\/en\/wp-json\/wp\/v2\/comments?post=20215800"}],"wp:featuredmedia":[{"embeddable":true,"href":"https:\/\/javataste.de\/en\/wp-json\/wp\/v2\/media\/20215801"}],"wp:attachment":[{"href":"https:\/\/javataste.de\/en\/wp-json\/wp\/v2\/media?parent=20215800"}],"wp:term":[{"taxonomy":"product_brand","embeddable":true,"href":"https:\/\/javataste.de\/en\/wp-json\/wp\/v2\/product_brand?post=20215800"},{"taxonomy":"product_cat","embeddable":true,"href":"https:\/\/javataste.de\/en\/wp-json\/wp\/v2\/product_cat?post=20215800"},{"taxonomy":"product_tag","embeddable":true,"href":"https:\/\/javataste.de\/en\/wp-json\/wp\/v2\/product_tag?post=20215800"}],"curies":[{"name":"wp","href":"https:\/\/api.w.org\/{rel}","templated":true}]}}