{"id":20215796,"date":"2023-07-08T05:45:36","date_gmt":"2023-07-08T03:45:36","guid":{"rendered":"https:\/\/javataste.de\/?post_type=product&#038;p=20215796"},"modified":"2026-04-03T11:29:09","modified_gmt":"2026-04-03T09:29:09","slug":"finna-sambal-uleg-ijo-10x18g","status":"publish","type":"product","link":"https:\/\/javataste.de\/en\/product\/finna-sambal-uleg-ijo-10x18g\/","title":{"rendered":"FINNA Sambal Uleg Ijo 10x18g [MHD 03\/2026]"},"content":{"rendered":"<p>FINNA pr\u00e4sentiert hausgemachtes Sambal Ijo, das aus ausgew\u00e4hlten gr\u00fcnen Chilis verarbeitet und mit hochwertigen Gew\u00fcrzen kombiniert wird, um Mahlzeiten mit der Familie noch angenehmer zu machen.<\/p>\n<p>Es kann als Beilage zu verschiedenen Speisen wie Chilisauce f\u00fcr Padang-Reis, gebratenem Fisch, Grundzutaten zum Kochen usw. verwendet werden<\/p>","protected":false},"excerpt":{"rendered":"<p>Zutaten : Gr\u00fcne Chilis, gr\u00fcne Tomaten, Zucker, Pflanzen\u00f6l, Garnelenpaste, Wasser, Salz, Geschmacksverst\u00e4rker Mononatrium-L-Glutamat, Konservierungsmittel Kaliumsorbat.<\/p>","protected":false},"featured_media":20215797,"comment_status":"open","ping_status":"closed","template":"","meta":{"om_disable_all_campaigns":false,"_monsterinsights_skip_tracking":false,"_monsterinsights_sitenote_active":false,"_monsterinsights_sitenote_note":"","_monsterinsights_sitenote_category":0},"product_brand":[],"product_cat":[256,79,88],"product_tag":[126,312,274],"class_list":{"0":"post-20215796","1":"product","2":"type-product","3":"status-publish","4":"has-post-thumbnail","6":"product_cat-chilisauce","7":"product_cat-lebensmittel","8":"product_cat-angebote","9":"product_tag-finna","10":"product_tag-sambal","11":"product_tag-scharf","13":"first","14":"instock","15":"sale","16":"sold-individually","17":"purchasable","18":"product-type-simple"},"aioseo_notices":[],"_links":{"self":[{"href":"https:\/\/javataste.de\/en\/wp-json\/wp\/v2\/product\/20215796","targetHints":{"allow":["GET"]}}],"collection":[{"href":"https:\/\/javataste.de\/en\/wp-json\/wp\/v2\/product"}],"about":[{"href":"https:\/\/javataste.de\/en\/wp-json\/wp\/v2\/types\/product"}],"replies":[{"embeddable":true,"href":"https:\/\/javataste.de\/en\/wp-json\/wp\/v2\/comments?post=20215796"}],"wp:featuredmedia":[{"embeddable":true,"href":"https:\/\/javataste.de\/en\/wp-json\/wp\/v2\/media\/20215797"}],"wp:attachment":[{"href":"https:\/\/javataste.de\/en\/wp-json\/wp\/v2\/media?parent=20215796"}],"wp:term":[{"taxonomy":"product_brand","embeddable":true,"href":"https:\/\/javataste.de\/en\/wp-json\/wp\/v2\/product_brand?post=20215796"},{"taxonomy":"product_cat","embeddable":true,"href":"https:\/\/javataste.de\/en\/wp-json\/wp\/v2\/product_cat?post=20215796"},{"taxonomy":"product_tag","embeddable":true,"href":"https:\/\/javataste.de\/en\/wp-json\/wp\/v2\/product_tag?post=20215796"}],"curies":[{"name":"wp","href":"https:\/\/api.w.org\/{rel}","templated":true}]}}