{"id":20215794,"date":"2023-07-08T05:34:36","date_gmt":"2023-07-08T03:34:36","guid":{"rendered":"https:\/\/javataste.de\/?post_type=product&#038;p=20215794"},"modified":"2024-08-15T08:47:05","modified_gmt":"2024-08-15T06:47:05","slug":"adem-sari-7g","status":"publish","type":"product","link":"https:\/\/javataste.de\/en\/product\/adem-sari-7g\/","title":{"rendered":"Adem Sari 7g"},"content":{"rendered":"<p><b>Was ist das?<br \/>\n<\/b><u>Adem Sari<\/u> ist ein hei\u00dfes Getr\u00e4nk mit Limette, Zitrone, hohem Vitamin-C-Gehalt, Kr\u00e4utern und prickelndem Gef\u00fchl zur Vorbeugung und Linderung von Sodbrennen und seinen Symptomen wie Halsschmerzen, Krebsgeschw\u00fcren, rissigen Lippen, trockenem Hals und Mundgeruch sowie f\u00fcr einen gesunden und erfrischenden K\u00f6rper.<\/p>\n<p><b>Hinweise:<\/b><\/p>\n<ul>\n<li>Zur Linderung von Hitzesymptomen wie Halsschmerzen, Krebsgeschw\u00fcren, rissigen Lippen, trockenem Hals und Mundgeruch ggf. Obstipation,<\/li>\n<li>zur Steigerung der Ausdauer, Gesundheit und Erfrischung des K\u00f6rpers\u00a0und<\/li>\n<li>zur Linderung von Grippesymptomen und starkem Niesen.<\/li>\n<\/ul>","protected":false},"excerpt":{"rendered":"<p>Adem Sari ist ein erfrischendes Konzentrat mit Citrus Aurantifolia-Extrakt und Alyxia stellata ret. Cortex, Cinamommum burmanni BI-Cortex-Extrakte und Vitamin C,<br \/>\ndie zur Linderung von Hitzegef\u00fchl, Halsschmerzen, Krebsgeschw\u00fcren, schmerzenden Lippen und Verstopfung n\u00fctzlich sind.<\/p>","protected":false},"featured_media":20215795,"comment_status":"open","ping_status":"closed","template":"","meta":{"om_disable_all_campaigns":false,"_monsterinsights_skip_tracking":false,"_monsterinsights_sitenote_active":false,"_monsterinsights_sitenote_note":"","_monsterinsights_sitenote_category":0},"product_brand":[],"product_cat":[153,75],"product_tag":[311,262,296],"class_list":{"0":"post-20215794","1":"product","2":"type-product","3":"status-publish","4":"has-post-thumbnail","6":"product_cat-sonstiges","7":"product_cat-getraenke","8":"product_tag-adem-sari","9":"product_tag-jamu","10":"product_tag-schmerzlinderung","12":"first","13":"outofstock","14":"purchasable","15":"product-type-simple"},"aioseo_notices":[],"_links":{"self":[{"href":"https:\/\/javataste.de\/en\/wp-json\/wp\/v2\/product\/20215794","targetHints":{"allow":["GET"]}}],"collection":[{"href":"https:\/\/javataste.de\/en\/wp-json\/wp\/v2\/product"}],"about":[{"href":"https:\/\/javataste.de\/en\/wp-json\/wp\/v2\/types\/product"}],"replies":[{"embeddable":true,"href":"https:\/\/javataste.de\/en\/wp-json\/wp\/v2\/comments?post=20215794"}],"wp:featuredmedia":[{"embeddable":true,"href":"https:\/\/javataste.de\/en\/wp-json\/wp\/v2\/media\/20215795"}],"wp:attachment":[{"href":"https:\/\/javataste.de\/en\/wp-json\/wp\/v2\/media?parent=20215794"}],"wp:term":[{"taxonomy":"product_brand","embeddable":true,"href":"https:\/\/javataste.de\/en\/wp-json\/wp\/v2\/product_brand?post=20215794"},{"taxonomy":"product_cat","embeddable":true,"href":"https:\/\/javataste.de\/en\/wp-json\/wp\/v2\/product_cat?post=20215794"},{"taxonomy":"product_tag","embeddable":true,"href":"https:\/\/javataste.de\/en\/wp-json\/wp\/v2\/product_tag?post=20215794"}],"curies":[{"name":"wp","href":"https:\/\/api.w.org\/{rel}","templated":true}]}}