{"id":20215789,"date":"2023-07-07T19:55:04","date_gmt":"2023-07-07T17:55:04","guid":{"rendered":"https:\/\/javataste.de\/?post_type=product&#038;p=20215789"},"modified":"2026-04-10T08:23:39","modified_gmt":"2026-04-10T06:23:39","slug":"tong-tji-jasmine-thee-5x80g","status":"publish","type":"product","link":"https:\/\/javataste.de\/en\/product\/tong-tji-jasmine-thee-5x80g\/","title":{"rendered":"TONG TJI Jasmine Thee 5x80g"},"content":{"rendered":"<p>Tong Tji Jasmintee (<i>Teh Melati<\/i>) ist ein beliebter Tee mit einem duftenden Jasminaroma und einem besonderen Geschmack, der perfekt f\u00fcr Premium-Teeliebhaber ist. Jasmintee, hergestellt aus einer Mischung ausgew\u00e4hlter Teebl\u00e4tter mit echten Jasminbl\u00fcten. Sein unverwechselbarer Geschmack und das subtile Jasminaroma machen Jasmine Tea Tong Tji zu einem erstklassigen Produkt von Tong Tji, das wahre Teekenner zufriedenstellen kann.<\/p>","protected":false},"excerpt":{"rendered":"<p>Tong Tji Super Jasmine Tee (lose) 5x80g<\/p>","protected":false},"featured_media":20215790,"comment_status":"open","ping_status":"closed","template":"","meta":{"om_disable_all_campaigns":false,"_monsterinsights_skip_tracking":false,"_monsterinsights_sitenote_active":false,"_monsterinsights_sitenote_note":"","_monsterinsights_sitenote_category":0},"product_brand":[],"product_cat":[75],"product_tag":[285,284,184],"class_list":{"0":"post-20215789","1":"product","2":"type-product","3":"status-publish","4":"has-post-thumbnail","6":"product_cat-getraenke","7":"product_tag-jasmintee","8":"product_tag-teh","9":"product_tag-tong-tji","11":"first","12":"outofstock","13":"sold-individually","14":"purchasable","15":"product-type-simple"},"aioseo_notices":[],"_links":{"self":[{"href":"https:\/\/javataste.de\/en\/wp-json\/wp\/v2\/product\/20215789","targetHints":{"allow":["GET"]}}],"collection":[{"href":"https:\/\/javataste.de\/en\/wp-json\/wp\/v2\/product"}],"about":[{"href":"https:\/\/javataste.de\/en\/wp-json\/wp\/v2\/types\/product"}],"replies":[{"embeddable":true,"href":"https:\/\/javataste.de\/en\/wp-json\/wp\/v2\/comments?post=20215789"}],"wp:featuredmedia":[{"embeddable":true,"href":"https:\/\/javataste.de\/en\/wp-json\/wp\/v2\/media\/20215790"}],"wp:attachment":[{"href":"https:\/\/javataste.de\/en\/wp-json\/wp\/v2\/media?parent=20215789"}],"wp:term":[{"taxonomy":"product_brand","embeddable":true,"href":"https:\/\/javataste.de\/en\/wp-json\/wp\/v2\/product_brand?post=20215789"},{"taxonomy":"product_cat","embeddable":true,"href":"https:\/\/javataste.de\/en\/wp-json\/wp\/v2\/product_cat?post=20215789"},{"taxonomy":"product_tag","embeddable":true,"href":"https:\/\/javataste.de\/en\/wp-json\/wp\/v2\/product_tag?post=20215789"}],"curies":[{"name":"wp","href":"https:\/\/api.w.org\/{rel}","templated":true}]}}