{"id":20215785,"date":"2023-07-07T19:04:20","date_gmt":"2023-07-07T17:04:20","guid":{"rendered":"https:\/\/javataste.de\/?post_type=product&#038;p=20215785"},"modified":"2026-04-21T19:57:57","modified_gmt":"2026-04-21T17:57:57","slug":"bamboe-nasi-kuning-50g","status":"publish","type":"product","link":"https:\/\/javataste.de\/en\/product\/bamboe-nasi-kuning-50g\/","title":{"rendered":"BAMBOE Nasi Kuning 50g"},"content":{"rendered":"<p>Nasi Kuning ist indonesischer gelber Duftreis. Es ist eine der kulinarischen Ikonen Indonesiens und ein beliebtes Festessen, das normalerweise bei besonderen Anl\u00e4ssen serviert wird. Der Reis wird in Form eines Kegels namens \u201e<i>Tumpeng<\/i>\u201c serviert, der einen Berg aus Gold und damit Gl\u00fcck und Dankbarkeit symbolisiert. Dieses Nasi Kuning wird normalerweise mit verschiedenen Beilagen wie zerkleinertem Omelett, gebratenem H\u00fchnchen, <i>Sambal Goring Ati, Balado<\/i>, Kartoffelpuffer, <i>Tempe<\/i> und Erdnusspfanne serviert.<\/p>","protected":false},"excerpt":{"rendered":"<p>Nasi Kuning \u2014 Indonesian Yellow Fragrant Rice \u2014 indonesischer gelber Duftreis &#8211; 50g<\/p>\n<p>Zutaten: Schalotten (31%), Knoblauch (28%), Kurkuma (11%), Salz (9%), Pflanzen\u00f6l (8%), Zitronengrass (6%), Limettenbl\u00e4tter (4%) und Lorbeerbl\u00e4tter (3%).<\/p>","protected":false},"featured_media":20215786,"comment_status":"open","ping_status":"closed","template":"","meta":{"om_disable_all_campaigns":false,"_monsterinsights_skip_tracking":false,"_monsterinsights_sitenote_active":false,"_monsterinsights_sitenote_note":"","_monsterinsights_sitenote_category":0},"product_brand":[],"product_cat":[80],"product_tag":[117],"class_list":{"0":"post-20215785","1":"product","2":"type-product","3":"status-publish","4":"has-post-thumbnail","6":"product_cat-gewuerze","7":"product_tag-bamboe","9":"first","10":"outofstock","11":"purchasable","12":"product-type-simple"},"aioseo_notices":[],"_links":{"self":[{"href":"https:\/\/javataste.de\/en\/wp-json\/wp\/v2\/product\/20215785","targetHints":{"allow":["GET"]}}],"collection":[{"href":"https:\/\/javataste.de\/en\/wp-json\/wp\/v2\/product"}],"about":[{"href":"https:\/\/javataste.de\/en\/wp-json\/wp\/v2\/types\/product"}],"replies":[{"embeddable":true,"href":"https:\/\/javataste.de\/en\/wp-json\/wp\/v2\/comments?post=20215785"}],"wp:featuredmedia":[{"embeddable":true,"href":"https:\/\/javataste.de\/en\/wp-json\/wp\/v2\/media\/20215786"}],"wp:attachment":[{"href":"https:\/\/javataste.de\/en\/wp-json\/wp\/v2\/media?parent=20215785"}],"wp:term":[{"taxonomy":"product_brand","embeddable":true,"href":"https:\/\/javataste.de\/en\/wp-json\/wp\/v2\/product_brand?post=20215785"},{"taxonomy":"product_cat","embeddable":true,"href":"https:\/\/javataste.de\/en\/wp-json\/wp\/v2\/product_cat?post=20215785"},{"taxonomy":"product_tag","embeddable":true,"href":"https:\/\/javataste.de\/en\/wp-json\/wp\/v2\/product_tag?post=20215785"}],"curies":[{"name":"wp","href":"https:\/\/api.w.org\/{rel}","templated":true}]}}