{"id":20215783,"date":"2023-07-07T18:43:14","date_gmt":"2023-07-07T16:43:14","guid":{"rendered":"https:\/\/javataste.de\/?post_type=product&#038;p=20215783"},"modified":"2026-04-21T19:57:57","modified_gmt":"2026-04-21T17:57:57","slug":"bamboe-krengsengan","status":"publish","type":"product","link":"https:\/\/javataste.de\/en\/product\/bamboe-krengsengan\/","title":{"rendered":"BAMBOE Krengsengan"},"content":{"rendered":"<p>Krengsengan ist ein Gericht aus Hammel- oder Rindfleisch, gew\u00fcrzt mit sautierten Zwiebeln, Knoblauch, Koriander, Pfeffer, Muskatnuas und s\u00fc\u00dfer Sojasauce. Diese typische Fleischgericht ist vor allem in Ost- und Zentral-Java bekannt.<\/p>","protected":false},"excerpt":{"rendered":"<p>Krengsengan \u2014 Javanese Beef Stew \u2014 javanischer Rindfleischeintopf 60g<\/p>\n<p>Zutaten: Schalotten (24,5%), Knoblauch (15,7%), Chili (12,8%), s\u00fc\u00dfe <b>Sojasauce*<\/b>, Pflanzen\u00f6l, Zucker, Salz, schwarzer Pfeffer, wei\u00dfer Pfeffer und S\u00e4ureregulator.<\/p>\n<p>*kann Allergene enthalten<\/p>","protected":false},"featured_media":20215784,"comment_status":"open","ping_status":"closed","template":"","meta":{"om_disable_all_campaigns":false,"_monsterinsights_skip_tracking":false,"_monsterinsights_sitenote_active":false,"_monsterinsights_sitenote_note":"","_monsterinsights_sitenote_category":0},"product_brand":[],"product_cat":[80],"product_tag":[117],"class_list":{"0":"post-20215783","1":"product","2":"type-product","3":"status-publish","4":"has-post-thumbnail","6":"product_cat-gewuerze","7":"product_tag-bamboe","9":"first","10":"outofstock","11":"purchasable","12":"product-type-simple"},"aioseo_notices":[],"_links":{"self":[{"href":"https:\/\/javataste.de\/en\/wp-json\/wp\/v2\/product\/20215783","targetHints":{"allow":["GET"]}}],"collection":[{"href":"https:\/\/javataste.de\/en\/wp-json\/wp\/v2\/product"}],"about":[{"href":"https:\/\/javataste.de\/en\/wp-json\/wp\/v2\/types\/product"}],"replies":[{"embeddable":true,"href":"https:\/\/javataste.de\/en\/wp-json\/wp\/v2\/comments?post=20215783"}],"wp:featuredmedia":[{"embeddable":true,"href":"https:\/\/javataste.de\/en\/wp-json\/wp\/v2\/media\/20215784"}],"wp:attachment":[{"href":"https:\/\/javataste.de\/en\/wp-json\/wp\/v2\/media?parent=20215783"}],"wp:term":[{"taxonomy":"product_brand","embeddable":true,"href":"https:\/\/javataste.de\/en\/wp-json\/wp\/v2\/product_brand?post=20215783"},{"taxonomy":"product_cat","embeddable":true,"href":"https:\/\/javataste.de\/en\/wp-json\/wp\/v2\/product_cat?post=20215783"},{"taxonomy":"product_tag","embeddable":true,"href":"https:\/\/javataste.de\/en\/wp-json\/wp\/v2\/product_tag?post=20215783"}],"curies":[{"name":"wp","href":"https:\/\/api.w.org\/{rel}","templated":true}]}}