{"id":20215780,"date":"2023-07-07T18:19:49","date_gmt":"2023-07-07T16:19:49","guid":{"rendered":"https:\/\/javataste.de\/?post_type=product&#038;p=20215780"},"modified":"2026-04-21T19:57:57","modified_gmt":"2026-04-21T17:57:57","slug":"bamboe-nasi-uduk","status":"publish","type":"product","link":"https:\/\/javataste.de\/en\/product\/bamboe-nasi-uduk\/","title":{"rendered":"BAMBOE Nasi Uduk"},"content":{"rendered":"<p>Nasi Uduk ist ein in Kokosmilch gekochter ged\u00e4mpfter Reis nach der indonesischen <i>Betawi<\/i>-Art. Es hat einen cremigen und herzhaften Geschmack. Nasi Uduk wird normalerweise mit dem gebratenen H\u00fchnchen, Crackern auch <i>Kerupuk<\/i> genannt und Sambal serviert.<\/p>","protected":false},"excerpt":{"rendered":"<p>Nasi Uduk \u2014 Savory Coconut Rice \u2014\u00a0herzhafter Kokosreis &#8211; 50g<\/p>\n<p>Zutaten: Schalotten (24,1%), Knoblauch (15,5%), Pflanzen\u00f6l, Salz, Zitronengrass (11,2%), Galgant (10,8%), Limettenbl\u00e4tter (6,5%) und Lorbeerbl\u00e4tter (4%).<\/p>","protected":false},"featured_media":20215781,"comment_status":"open","ping_status":"closed","template":"","meta":{"om_disable_all_campaigns":false,"_monsterinsights_skip_tracking":false,"_monsterinsights_sitenote_active":false,"_monsterinsights_sitenote_note":"","_monsterinsights_sitenote_category":0},"product_brand":[],"product_cat":[80,88],"product_tag":[117],"class_list":{"0":"post-20215780","1":"product","2":"type-product","3":"status-publish","4":"has-post-thumbnail","6":"product_cat-gewuerze","7":"product_cat-angebote","8":"product_tag-bamboe","10":"first","11":"outofstock","12":"sale","13":"purchasable","14":"product-type-simple"},"aioseo_notices":[],"_links":{"self":[{"href":"https:\/\/javataste.de\/en\/wp-json\/wp\/v2\/product\/20215780","targetHints":{"allow":["GET"]}}],"collection":[{"href":"https:\/\/javataste.de\/en\/wp-json\/wp\/v2\/product"}],"about":[{"href":"https:\/\/javataste.de\/en\/wp-json\/wp\/v2\/types\/product"}],"replies":[{"embeddable":true,"href":"https:\/\/javataste.de\/en\/wp-json\/wp\/v2\/comments?post=20215780"}],"wp:featuredmedia":[{"embeddable":true,"href":"https:\/\/javataste.de\/en\/wp-json\/wp\/v2\/media\/20215781"}],"wp:attachment":[{"href":"https:\/\/javataste.de\/en\/wp-json\/wp\/v2\/media?parent=20215780"}],"wp:term":[{"taxonomy":"product_brand","embeddable":true,"href":"https:\/\/javataste.de\/en\/wp-json\/wp\/v2\/product_brand?post=20215780"},{"taxonomy":"product_cat","embeddable":true,"href":"https:\/\/javataste.de\/en\/wp-json\/wp\/v2\/product_cat?post=20215780"},{"taxonomy":"product_tag","embeddable":true,"href":"https:\/\/javataste.de\/en\/wp-json\/wp\/v2\/product_tag?post=20215780"}],"curies":[{"name":"wp","href":"https:\/\/api.w.org\/{rel}","templated":true}]}}