{"id":20215778,"date":"2023-07-07T17:41:50","date_gmt":"2023-07-07T15:41:50","guid":{"rendered":"https:\/\/javataste.de\/?post_type=product&#038;p=20215778"},"modified":"2024-05-17T10:38:55","modified_gmt":"2024-05-17T08:38:55","slug":"sasa-santan-bubuk-coconut-cream-powder-kokosnusscremepulver-20g","status":"publish","type":"product","link":"https:\/\/javataste.de\/en\/product\/sasa-santan-bubuk-coconut-cream-powder-kokosnusscremepulver-20g\/","title":{"rendered":"Sasa Santan Bubuk Coconut Cream Powder \u2014 Kokosnusscremepulver 20g"},"content":{"rendered":"<p>SASA Kokoscremepulver wird aus dem ausgesuchten reifen Kokosnussfleisch hergestellt. Zu Granulat verarbeitet, um seinen urspr\u00fcnglichen Geschmack und sein urspr\u00fcngliches Aroma zu bewahren. Es ist praktisch, hat eine l\u00e4ngere Haltbarkeit und kann jederzeit verwendet werden, wobei der urspr\u00fcngliche Geschmack, das Aroma und die F\u00fclle erhalten bleiben.<\/p>","protected":false},"excerpt":{"rendered":"<p>Zutaten: Kokosmilch\/Kokoscremepulver (90%), Maltodextrin und Antibackmittel-Siliziumdioxid.<\/p>","protected":false},"featured_media":20215779,"comment_status":"open","ping_status":"closed","template":"","meta":{"om_disable_all_campaigns":false,"_monsterinsights_skip_tracking":false,"_monsterinsights_sitenote_active":false,"_monsterinsights_sitenote_note":"","_monsterinsights_sitenote_category":0},"product_brand":[],"product_cat":[79,15],"product_tag":[310,309,308],"class_list":{"0":"post-20215778","1":"product","2":"type-product","3":"status-publish","4":"has-post-thumbnail","6":"product_cat-lebensmittel","7":"product_cat-zutaten","8":"product_tag-kokosmilch","9":"product_tag-santan","10":"product_tag-sasa","12":"first","13":"outofstock","14":"purchasable","15":"product-type-simple"},"aioseo_notices":[],"_links":{"self":[{"href":"https:\/\/javataste.de\/en\/wp-json\/wp\/v2\/product\/20215778","targetHints":{"allow":["GET"]}}],"collection":[{"href":"https:\/\/javataste.de\/en\/wp-json\/wp\/v2\/product"}],"about":[{"href":"https:\/\/javataste.de\/en\/wp-json\/wp\/v2\/types\/product"}],"replies":[{"embeddable":true,"href":"https:\/\/javataste.de\/en\/wp-json\/wp\/v2\/comments?post=20215778"}],"wp:featuredmedia":[{"embeddable":true,"href":"https:\/\/javataste.de\/en\/wp-json\/wp\/v2\/media\/20215779"}],"wp:attachment":[{"href":"https:\/\/javataste.de\/en\/wp-json\/wp\/v2\/media?parent=20215778"}],"wp:term":[{"taxonomy":"product_brand","embeddable":true,"href":"https:\/\/javataste.de\/en\/wp-json\/wp\/v2\/product_brand?post=20215778"},{"taxonomy":"product_cat","embeddable":true,"href":"https:\/\/javataste.de\/en\/wp-json\/wp\/v2\/product_cat?post=20215778"},{"taxonomy":"product_tag","embeddable":true,"href":"https:\/\/javataste.de\/en\/wp-json\/wp\/v2\/product_tag?post=20215778"}],"curies":[{"name":"wp","href":"https:\/\/api.w.org\/{rel}","templated":true}]}}