{"id":20215774,"date":"2023-07-05T18:00:48","date_gmt":"2023-07-05T16:00:48","guid":{"rendered":"https:\/\/javataste.de\/?post_type=product&#038;p=20215774"},"modified":"2026-04-21T19:16:39","modified_gmt":"2026-04-21T17:16:39","slug":"indofood-bumbu-kentang-goreng-barbecuegewuerze-fuer-pommes","status":"publish","type":"product","link":"https:\/\/javataste.de\/en\/product\/indofood-bumbu-kentang-goreng-barbecuegewuerze-fuer-pommes\/","title":{"rendered":"Indofood Bumbu Kentang Goreng \u2014 Barbecuegew\u00fcrze f\u00fcr Pommes"},"content":{"rendered":"<p>Zubereitung (1 Portion): 100g Pommes Frites zubereiten. Ca. 1 Teel\u00f6ffel davon hinzuf\u00fcgen und gut vermischen.<\/p>","protected":false},"excerpt":{"rendered":"<p>Zutaten: Zucker, <em>Dextrin<\/em>, synthetischer Barbecuegeschmack (enth\u00e4lt antioxidative Ascorbins\u00e4ure, Geschmacksverst\u00e4rker, Dinatriuminosinat und Guanylat), Salz, Geschmacksverst\u00e4rker (<em>Monatriumglutamat<\/em>), Gew\u00fcrze (enth\u00e4lt nat\u00fcrlichen Farbstoff Karamell I, Geschmacksverst\u00e4rker Dinatriuminosinat und Guanylat, <strong>Sojabohnen, Milch, Gluten, Ei, Sellerie<\/strong>) und Gew\u00fcrze, nat\u00fcrliches Aroma, Antibackmittel.<\/p>\n<p>Enth\u00e4lt <strong>Allergen<\/strong>, siehe fettgedruckte Zutatenliste.<\/p>\n<p>Kann Erdn\u00fcsse, Fisch, Krebstiere, (Baum-)N\u00fcsse, Sesam, Senf sp\u00fcren.<\/p>","protected":false},"featured_media":20215775,"comment_status":"open","ping_status":"closed","template":"","meta":{"om_disable_all_campaigns":false,"_monsterinsights_skip_tracking":false,"_monsterinsights_sitenote_active":false,"_monsterinsights_sitenote_note":"","_monsterinsights_sitenote_category":0},"product_brand":[],"product_cat":[80],"product_tag":[288,304,303],"class_list":{"0":"post-20215774","1":"product","2":"type-product","3":"status-publish","4":"has-post-thumbnail","6":"product_cat-gewuerze","7":"product_tag-bumbu","8":"product_tag-indofood","9":"product_tag-pommes","11":"first","12":"outofstock","13":"purchasable","14":"product-type-simple"},"aioseo_notices":[],"_links":{"self":[{"href":"https:\/\/javataste.de\/en\/wp-json\/wp\/v2\/product\/20215774","targetHints":{"allow":["GET"]}}],"collection":[{"href":"https:\/\/javataste.de\/en\/wp-json\/wp\/v2\/product"}],"about":[{"href":"https:\/\/javataste.de\/en\/wp-json\/wp\/v2\/types\/product"}],"replies":[{"embeddable":true,"href":"https:\/\/javataste.de\/en\/wp-json\/wp\/v2\/comments?post=20215774"}],"wp:featuredmedia":[{"embeddable":true,"href":"https:\/\/javataste.de\/en\/wp-json\/wp\/v2\/media\/20215775"}],"wp:attachment":[{"href":"https:\/\/javataste.de\/en\/wp-json\/wp\/v2\/media?parent=20215774"}],"wp:term":[{"taxonomy":"product_brand","embeddable":true,"href":"https:\/\/javataste.de\/en\/wp-json\/wp\/v2\/product_brand?post=20215774"},{"taxonomy":"product_cat","embeddable":true,"href":"https:\/\/javataste.de\/en\/wp-json\/wp\/v2\/product_cat?post=20215774"},{"taxonomy":"product_tag","embeddable":true,"href":"https:\/\/javataste.de\/en\/wp-json\/wp\/v2\/product_tag?post=20215774"}],"curies":[{"name":"wp","href":"https:\/\/api.w.org\/{rel}","templated":true}]}}