{"id":20215745,"date":"2023-07-02T07:47:01","date_gmt":"2023-07-02T05:47:01","guid":{"rendered":"https:\/\/javataste.de\/?post_type=product&#038;p=20215745"},"modified":"2025-01-27T10:44:54","modified_gmt":"2025-01-27T09:44:54","slug":"sariwangi-teh-melati-indonesischer-jasmintee-25x2g","status":"publish","type":"product","link":"https:\/\/javataste.de\/en\/product\/sariwangi-teh-melati-indonesischer-jasmintee-25x2g\/","title":{"rendered":"SariWangi Teh Melati \u2014 indonesischer Jasmintee 25x2g"},"content":{"rendered":"<p>Sariwangi ist eine indonesische Teemarke, die derzeit im Besitz von Unilever ist. Der Markenname bedeutet w\u00f6rtlich \u201eduftende Essenz\u201c auf Indonesisch.<\/p>\n<p>Sariwangi war die erste in Indonesien vorhandene Teemarke seit 1973, die aus ausgew\u00e4hlten Teebl\u00e4ttern verarbeitet und in Beuteln verpackt wurde, im Gegensatz zu den traditionelleren losen Portionen, beh\u00e4lt die Frische von Geschmack und Aroma.<\/p>","protected":false},"excerpt":{"rendered":"<p>Zutaten: Jasmintee<\/p>\n<p>mit indonesischen frischen Aroma und Geschmack.<\/p>","protected":false},"featured_media":20215746,"comment_status":"open","ping_status":"closed","template":"","meta":{"om_disable_all_campaigns":false,"_monsterinsights_skip_tracking":false,"_monsterinsights_sitenote_active":false,"_monsterinsights_sitenote_note":"","_monsterinsights_sitenote_category":0},"product_brand":[],"product_cat":[75],"product_tag":[285,282,284],"class_list":{"0":"post-20215745","1":"product","2":"type-product","3":"status-publish","4":"has-post-thumbnail","6":"product_cat-getraenke","7":"product_tag-jasmintee","8":"product_tag-sariwangi","9":"product_tag-teh","11":"first","12":"outofstock","13":"purchasable","14":"product-type-simple"},"aioseo_notices":[],"_links":{"self":[{"href":"https:\/\/javataste.de\/en\/wp-json\/wp\/v2\/product\/20215745","targetHints":{"allow":["GET"]}}],"collection":[{"href":"https:\/\/javataste.de\/en\/wp-json\/wp\/v2\/product"}],"about":[{"href":"https:\/\/javataste.de\/en\/wp-json\/wp\/v2\/types\/product"}],"replies":[{"embeddable":true,"href":"https:\/\/javataste.de\/en\/wp-json\/wp\/v2\/comments?post=20215745"}],"wp:featuredmedia":[{"embeddable":true,"href":"https:\/\/javataste.de\/en\/wp-json\/wp\/v2\/media\/20215746"}],"wp:attachment":[{"href":"https:\/\/javataste.de\/en\/wp-json\/wp\/v2\/media?parent=20215745"}],"wp:term":[{"taxonomy":"product_brand","embeddable":true,"href":"https:\/\/javataste.de\/en\/wp-json\/wp\/v2\/product_brand?post=20215745"},{"taxonomy":"product_cat","embeddable":true,"href":"https:\/\/javataste.de\/en\/wp-json\/wp\/v2\/product_cat?post=20215745"},{"taxonomy":"product_tag","embeddable":true,"href":"https:\/\/javataste.de\/en\/wp-json\/wp\/v2\/product_tag?post=20215745"}],"curies":[{"name":"wp","href":"https:\/\/api.w.org\/{rel}","templated":true}]}}