{"id":20215720,"date":"2023-05-24T21:30:52","date_gmt":"2023-05-24T19:30:52","guid":{"rendered":"https:\/\/javataste.de\/?post_type=product&#038;p=20215720"},"modified":"2026-04-21T19:16:41","modified_gmt":"2026-04-21T17:16:41","slug":"ginger-tea-teh-jahe-wangi-8x25g","status":"publish","type":"product","link":"https:\/\/javataste.de\/en\/product\/ginger-tea-teh-jahe-wangi-8x25g\/","title":{"rendered":"Ginger Tea &#8211; Teh Jahe Wangi 8x25g"},"content":{"rendered":"<p>Seit 1951 bietet Kepala Djenggot Tee aus ausgesuchten und hochwertigen Teebl\u00e4ttern an. Dieser Tee ist das Ergebnis des Prozesses von jahrhundertealten Teeb\u00e4umen, die Teesamen enthalten. Mit einer Kombination aus Ingwer mit einem duftenden und gesunden Aroma, wenn er warm inhaliert wird, n\u00e4hrt er den K\u00f6rper und macht den K\u00f6rper frischer. Geeignet zum Einweichen im Winter.<\/p>","protected":false},"excerpt":{"rendered":"<p>Mit einer Kombination aus Ingwer mit einem duftenden und gesunden Aroma, wenn er warm inhaliert wird, n\u00e4hrt er den K\u00f6rper und macht den K\u00f6rper frischer. Geeignet zum Einweichen im Winter.<\/p>","protected":false},"featured_media":20215721,"comment_status":"open","ping_status":"closed","template":"","meta":{"om_disable_all_campaigns":false,"_monsterinsights_skip_tracking":false,"_monsterinsights_sitenote_active":false,"_monsterinsights_sitenote_note":"","_monsterinsights_sitenote_category":0},"product_brand":[],"product_cat":[75],"product_tag":[265,267,268],"class_list":{"0":"post-20215720","1":"product","2":"type-product","3":"status-publish","4":"has-post-thumbnail","6":"product_cat-getraenke","7":"product_tag-ginger","8":"product_tag-ingwer","9":"product_tag-jahe","11":"first","12":"outofstock","13":"shipping-taxable","14":"purchasable","15":"product-type-simple"},"aioseo_notices":[],"_links":{"self":[{"href":"https:\/\/javataste.de\/en\/wp-json\/wp\/v2\/product\/20215720","targetHints":{"allow":["GET"]}}],"collection":[{"href":"https:\/\/javataste.de\/en\/wp-json\/wp\/v2\/product"}],"about":[{"href":"https:\/\/javataste.de\/en\/wp-json\/wp\/v2\/types\/product"}],"replies":[{"embeddable":true,"href":"https:\/\/javataste.de\/en\/wp-json\/wp\/v2\/comments?post=20215720"}],"wp:featuredmedia":[{"embeddable":true,"href":"https:\/\/javataste.de\/en\/wp-json\/wp\/v2\/media\/20215721"}],"wp:attachment":[{"href":"https:\/\/javataste.de\/en\/wp-json\/wp\/v2\/media?parent=20215720"}],"wp:term":[{"taxonomy":"product_brand","embeddable":true,"href":"https:\/\/javataste.de\/en\/wp-json\/wp\/v2\/product_brand?post=20215720"},{"taxonomy":"product_cat","embeddable":true,"href":"https:\/\/javataste.de\/en\/wp-json\/wp\/v2\/product_cat?post=20215720"},{"taxonomy":"product_tag","embeddable":true,"href":"https:\/\/javataste.de\/en\/wp-json\/wp\/v2\/product_tag?post=20215720"}],"curies":[{"name":"wp","href":"https:\/\/api.w.org\/{rel}","templated":true}]}}