{"id":20215718,"date":"2023-05-24T21:12:43","date_gmt":"2023-05-24T19:12:43","guid":{"rendered":"https:\/\/javataste.de\/?post_type=product&#038;p=20215718"},"modified":"2026-04-21T19:16:41","modified_gmt":"2026-04-21T17:16:41","slug":"intra-serbat-wangi-20x215g-430-g","status":"publish","type":"product","link":"https:\/\/javataste.de\/en\/product\/intra-serbat-wangi-20x215g-430-g\/","title":{"rendered":"Intra Serbat Wangi 20&#215;21,5g (430 g)"},"content":{"rendered":"<p>Indonesische traditionelle Kr\u00e4uter-Instant-Hei\u00dfgetr\u00e4nke. Intra Serbat Wangi ist ein einzigartiges Getr\u00e4nk, das eine Mischung aus nat\u00fcrlichen Gew\u00fcrzen aus Ingwer, Chili, Pfeffer, Nelken, Zimt, Rohr- und Palmzucker verwendet. Diese spezielle Mischung verleiht Intra Serbat Wangi seinen w\u00fcrzigen, s\u00fc\u00dfen und w\u00fcrzigen Geschmack. Servieren Sie es hei\u00df, um Ihren K\u00f6rper zu w\u00e4rmen und zu beleben.<\/p>","protected":false},"excerpt":{"rendered":"<p>Indonesische traditionelle Kr\u00e4uter-Instant-Hei\u00dfgetr\u00e4nke<\/p>","protected":false},"featured_media":20215719,"comment_status":"open","ping_status":"closed","template":"","meta":{"om_disable_all_campaigns":false,"_monsterinsights_skip_tracking":false,"_monsterinsights_sitenote_active":false,"_monsterinsights_sitenote_note":"","_monsterinsights_sitenote_category":0},"product_brand":[],"product_cat":[75],"product_tag":[265,267,266],"class_list":{"0":"post-20215718","1":"product","2":"type-product","3":"status-publish","4":"has-post-thumbnail","6":"product_cat-getraenke","7":"product_tag-ginger","8":"product_tag-ingwer","9":"product_tag-wedang","11":"first","12":"outofstock","13":"shipping-taxable","14":"purchasable","15":"product-type-simple"},"aioseo_notices":[],"_links":{"self":[{"href":"https:\/\/javataste.de\/en\/wp-json\/wp\/v2\/product\/20215718","targetHints":{"allow":["GET"]}}],"collection":[{"href":"https:\/\/javataste.de\/en\/wp-json\/wp\/v2\/product"}],"about":[{"href":"https:\/\/javataste.de\/en\/wp-json\/wp\/v2\/types\/product"}],"replies":[{"embeddable":true,"href":"https:\/\/javataste.de\/en\/wp-json\/wp\/v2\/comments?post=20215718"}],"wp:featuredmedia":[{"embeddable":true,"href":"https:\/\/javataste.de\/en\/wp-json\/wp\/v2\/media\/20215719"}],"wp:attachment":[{"href":"https:\/\/javataste.de\/en\/wp-json\/wp\/v2\/media?parent=20215718"}],"wp:term":[{"taxonomy":"product_brand","embeddable":true,"href":"https:\/\/javataste.de\/en\/wp-json\/wp\/v2\/product_brand?post=20215718"},{"taxonomy":"product_cat","embeddable":true,"href":"https:\/\/javataste.de\/en\/wp-json\/wp\/v2\/product_cat?post=20215718"},{"taxonomy":"product_tag","embeddable":true,"href":"https:\/\/javataste.de\/en\/wp-json\/wp\/v2\/product_tag?post=20215718"}],"curies":[{"name":"wp","href":"https:\/\/api.w.org\/{rel}","templated":true}]}}