{"id":20215716,"date":"2023-05-24T20:41:31","date_gmt":"2023-05-24T18:41:31","guid":{"rendered":"https:\/\/javataste.de\/?post_type=product&#038;p=20215716"},"modified":"2026-04-21T19:16:42","modified_gmt":"2026-04-21T17:16:42","slug":"jamu-sari-temulawak-85-madu-lemon-10x20g","status":"publish","type":"product","link":"https:\/\/javataste.de\/en\/product\/jamu-sari-temulawak-85-madu-lemon-10x20g\/","title":{"rendered":"Jamu Sari Temulawak 85 Madu Lemon 10x20g"},"content":{"rendered":"<p>Temulawak oder Kurkuma wurde von unseren Vorfahren lange Zeit als Heilpflanze verwendet, die auch als traditionelle Kr\u00e4utermedizin bezeichnet wird, wo ihre Eigenschaften und Verwendungen von der breiten \u00d6ffentlichkeit weithin anerkannt wurden und oft zur Erhaltung der Gesundheit und zur Erfrischung des K\u00f6rpers verwendet werden.<br \/>\nSari Temulawak 85 ist ein Extrakt aus Kurkuma in Instantform, einfach zu bedienen und praktisch, nehmen Sie es immer mit, wenn Sie unterwegs sind. Mit der neuesten Geschmacksvariante l\u00e4sst H\u00f6nig+Zitronen dieses gesunde Men\u00fc s\u00fc\u00df-sauer schmecken, was erfrischend ist.<\/p>\n<p>&nbsp;<\/p>","protected":false},"excerpt":{"rendered":"<p>Sari Temulawak 85 ist ein Extrakt aus Kurkuma in Instantform, einfach zu bedienen und praktisch, nehmen Sie es immer mit, wenn Sie unterwegs sind. Mit der neuesten Geschmacksvariante l\u00e4sst H\u00f6nig+Zitronen dieses gesunde Men\u00fc s\u00fc\u00df-sauer schmecken, was erfrischend ist.<\/p>","protected":false},"featured_media":20215717,"comment_status":"open","ping_status":"closed","template":"","meta":{"om_disable_all_campaigns":false,"_monsterinsights_skip_tracking":false,"_monsterinsights_sitenote_active":false,"_monsterinsights_sitenote_note":"","_monsterinsights_sitenote_category":0},"product_brand":[],"product_cat":[153,75],"product_tag":[262,263],"class_list":{"0":"post-20215716","1":"product","2":"type-product","3":"status-publish","4":"has-post-thumbnail","6":"product_cat-sonstiges","7":"product_cat-getraenke","8":"product_tag-jamu","9":"product_tag-temulawak","11":"first","12":"outofstock","13":"purchasable","14":"product-type-simple"},"aioseo_notices":[],"_links":{"self":[{"href":"https:\/\/javataste.de\/en\/wp-json\/wp\/v2\/product\/20215716","targetHints":{"allow":["GET"]}}],"collection":[{"href":"https:\/\/javataste.de\/en\/wp-json\/wp\/v2\/product"}],"about":[{"href":"https:\/\/javataste.de\/en\/wp-json\/wp\/v2\/types\/product"}],"replies":[{"embeddable":true,"href":"https:\/\/javataste.de\/en\/wp-json\/wp\/v2\/comments?post=20215716"}],"wp:featuredmedia":[{"embeddable":true,"href":"https:\/\/javataste.de\/en\/wp-json\/wp\/v2\/media\/20215717"}],"wp:attachment":[{"href":"https:\/\/javataste.de\/en\/wp-json\/wp\/v2\/media?parent=20215716"}],"wp:term":[{"taxonomy":"product_brand","embeddable":true,"href":"https:\/\/javataste.de\/en\/wp-json\/wp\/v2\/product_brand?post=20215716"},{"taxonomy":"product_cat","embeddable":true,"href":"https:\/\/javataste.de\/en\/wp-json\/wp\/v2\/product_cat?post=20215716"},{"taxonomy":"product_tag","embeddable":true,"href":"https:\/\/javataste.de\/en\/wp-json\/wp\/v2\/product_tag?post=20215716"}],"curies":[{"name":"wp","href":"https:\/\/api.w.org\/{rel}","templated":true}]}}