{"id":20215712,"date":"2023-05-24T20:38:09","date_gmt":"2023-05-24T18:38:09","guid":{"rendered":"https:\/\/javataste.de\/?post_type=product&#038;p=20215712"},"modified":"2026-03-21T12:43:23","modified_gmt":"2026-03-21T11:43:23","slug":"intra-ginger-drink-jahe-wangi-360g","status":"publish","type":"product","link":"https:\/\/javataste.de\/en\/product\/intra-ginger-drink-jahe-wangi-360g\/","title":{"rendered":"Intra Ginger Drink (Jahe Wangi) 360g"},"content":{"rendered":"<p>Intra Ginger Drink ist ein traditionelles indonesisches Getr\u00e4nk. Intra Ginger Drink besteht aus frischem Ingwer und reinem Rohrzucker und hat einen warmen und beruhigenden Geschmack, der mit einem Hauch von S\u00fc\u00dfe ausgeglichen ist. Verpackt in Einzelportionspackungen k\u00f6nnen Sie den reichen Geschmack und das anregende Aroma von Ingwer nach Belieben genie\u00dfen. W\u00e4rmet den K\u00f6rper, belebt und erfrischt. Produkt aus Indonesien.<\/p>","protected":false},"excerpt":{"rendered":"<p>Intra Ginger Drink ist ein traditionelles indonesisches Getr\u00e4nk<\/p>\n<p>Zutaten: Rohrzucker, Ingwer, Salz<\/p>","protected":false},"featured_media":20216037,"comment_status":"open","ping_status":"closed","template":"","meta":{"om_disable_all_campaigns":false,"_monsterinsights_skip_tracking":false,"_monsterinsights_sitenote_active":false,"_monsterinsights_sitenote_note":"","_monsterinsights_sitenote_category":0},"product_brand":[],"product_cat":[75],"product_tag":[76,265],"class_list":{"0":"post-20215712","1":"product","2":"type-product","3":"status-publish","4":"has-post-thumbnail","6":"product_cat-getraenke","7":"product_tag-drinks","8":"product_tag-ginger","10":"first","11":"instock","12":"shipping-taxable","13":"purchasable","14":"product-type-simple"},"aioseo_notices":[],"_links":{"self":[{"href":"https:\/\/javataste.de\/en\/wp-json\/wp\/v2\/product\/20215712","targetHints":{"allow":["GET"]}}],"collection":[{"href":"https:\/\/javataste.de\/en\/wp-json\/wp\/v2\/product"}],"about":[{"href":"https:\/\/javataste.de\/en\/wp-json\/wp\/v2\/types\/product"}],"replies":[{"embeddable":true,"href":"https:\/\/javataste.de\/en\/wp-json\/wp\/v2\/comments?post=20215712"}],"wp:featuredmedia":[{"embeddable":true,"href":"https:\/\/javataste.de\/en\/wp-json\/wp\/v2\/media\/20216037"}],"wp:attachment":[{"href":"https:\/\/javataste.de\/en\/wp-json\/wp\/v2\/media?parent=20215712"}],"wp:term":[{"taxonomy":"product_brand","embeddable":true,"href":"https:\/\/javataste.de\/en\/wp-json\/wp\/v2\/product_brand?post=20215712"},{"taxonomy":"product_cat","embeddable":true,"href":"https:\/\/javataste.de\/en\/wp-json\/wp\/v2\/product_cat?post=20215712"},{"taxonomy":"product_tag","embeddable":true,"href":"https:\/\/javataste.de\/en\/wp-json\/wp\/v2\/product_tag?post=20215712"}],"curies":[{"name":"wp","href":"https:\/\/api.w.org\/{rel}","templated":true}]}}