{"id":20215710,"date":"2023-05-24T20:26:29","date_gmt":"2023-05-24T18:26:29","guid":{"rendered":"https:\/\/javataste.de\/?post_type=product&#038;p=20215710"},"modified":"2026-04-21T19:57:58","modified_gmt":"2026-04-21T17:57:58","slug":"tic-tac-mix-90g","status":"publish","type":"product","link":"https:\/\/javataste.de\/en\/product\/tic-tac-mix-90g\/","title":{"rendered":"Tic Tac Mix 90g"},"content":{"rendered":"<p>Salzige Snacks aus feinstem Weizenmehl, speziell formuliert mit einer einzigartigen Gew\u00fcrzmischung. Tic Tac Mix ist eine Snackmischung mit neun verschiedenen Geschmacksrichtungen, darunter vier Geschmacksrichtungen von Tic Tac, zwei Geschmacksrichtungen von Linsen und drei Geschmacksrichtungen von Maissnacks. Die Kombination verschiedener Aromen und Texturen schafft ein einzigartiges und k\u00f6stliches Geschmackserlebnis. Die B\u00e4llchen sind knusprig und ohne Erdnussf\u00fcllung.<\/p>","protected":false},"excerpt":{"rendered":"<p>Salzige Snacks aus feinstem Weizenmehl, speziell formuliert mit einer einzigartigen Gew\u00fcrzmischung.<\/p>","protected":false},"featured_media":20215711,"comment_status":"open","ping_status":"closed","template":"","meta":{"om_disable_all_campaigns":false,"_monsterinsights_skip_tracking":false,"_monsterinsights_sitenote_active":false,"_monsterinsights_sitenote_note":"","_monsterinsights_sitenote_category":0},"product_brand":[],"product_cat":[81,88],"product_tag":[157,264],"class_list":{"0":"post-20215710","1":"product","2":"type-product","3":"status-publish","4":"has-post-thumbnail","6":"product_cat-snacks","7":"product_cat-angebote","8":"product_tag-dua-kelinci","9":"product_tag-tic-tac","11":"first","12":"outofstock","13":"sale","14":"shipping-taxable","15":"purchasable","16":"product-type-simple"},"aioseo_notices":[],"_links":{"self":[{"href":"https:\/\/javataste.de\/en\/wp-json\/wp\/v2\/product\/20215710","targetHints":{"allow":["GET"]}}],"collection":[{"href":"https:\/\/javataste.de\/en\/wp-json\/wp\/v2\/product"}],"about":[{"href":"https:\/\/javataste.de\/en\/wp-json\/wp\/v2\/types\/product"}],"replies":[{"embeddable":true,"href":"https:\/\/javataste.de\/en\/wp-json\/wp\/v2\/comments?post=20215710"}],"wp:featuredmedia":[{"embeddable":true,"href":"https:\/\/javataste.de\/en\/wp-json\/wp\/v2\/media\/20215711"}],"wp:attachment":[{"href":"https:\/\/javataste.de\/en\/wp-json\/wp\/v2\/media?parent=20215710"}],"wp:term":[{"taxonomy":"product_brand","embeddable":true,"href":"https:\/\/javataste.de\/en\/wp-json\/wp\/v2\/product_brand?post=20215710"},{"taxonomy":"product_cat","embeddable":true,"href":"https:\/\/javataste.de\/en\/wp-json\/wp\/v2\/product_cat?post=20215710"},{"taxonomy":"product_tag","embeddable":true,"href":"https:\/\/javataste.de\/en\/wp-json\/wp\/v2\/product_tag?post=20215710"}],"curies":[{"name":"wp","href":"https:\/\/api.w.org\/{rel}","templated":true}]}}