{"id":20215688,"date":"2023-05-01T13:15:41","date_gmt":"2023-05-01T11:15:41","guid":{"rendered":"https:\/\/javataste.de\/?post_type=product&#038;p=20215688"},"modified":"2025-01-27T10:50:05","modified_gmt":"2025-01-27T09:50:05","slug":"munik-bumbu-soto-ayam-70g","status":"publish","type":"product","link":"https:\/\/javataste.de\/en\/product\/munik-bumbu-soto-ayam-70g\/","title":{"rendered":"MUNIK Bumbu Soto Ayam 70g"},"content":{"rendered":"<p>Beschreibung:<\/p>\n<p>Gew\u00fcrzpaste f\u00fcr Soto Ayam (gelbliche H\u00fchnersuppe). Soto Ayam ist ein typisch indonesisches Essen in Form einer Art H\u00fchnersuppe mit einer gelblichen Suppe. Diese gelbe Farbe wird durch Kurkuma verursacht, das als Gew\u00fcrz verwendet wird. Zu den verwendeten Zutaten geh\u00f6ren neben H\u00fchnchen auch gekochte Eier, Kartoffelscheiben, Selleriebl\u00e4tter und R\u00f6stzwiebeln. Manchmal wird Soto auch mit Reiskuchen oder wei\u00dfem Reis serviert. Dar\u00fcber hinaus wird Soto Ayam auch oft mit Chilisauce, Crackern und Koya (einer Mischung aus zerkleinerten Crackern mit Knoblauch) serviert.<\/p>\n<div><\/div>","protected":false},"excerpt":{"rendered":"<p>Gew\u00fcrzpaste f\u00fcr Soto Ayam (gelbliche H\u00fchnersuppe)<\/p>","protected":false},"featured_media":20215690,"comment_status":"open","ping_status":"closed","template":"","meta":{"om_disable_all_campaigns":false,"_monsterinsights_skip_tracking":false,"_monsterinsights_sitenote_active":false,"_monsterinsights_sitenote_note":"","_monsterinsights_sitenote_category":0},"product_brand":[],"product_cat":[80,88],"product_tag":[288,192,294],"class_list":{"0":"post-20215688","1":"product","2":"type-product","3":"status-publish","4":"has-post-thumbnail","6":"product_cat-gewuerze","7":"product_cat-angebote","8":"product_tag-bumbu","9":"product_tag-munik","10":"product_tag-soto","12":"first","13":"outofstock","14":"sale","15":"purchasable","16":"product-type-simple"},"aioseo_notices":[],"_links":{"self":[{"href":"https:\/\/javataste.de\/en\/wp-json\/wp\/v2\/product\/20215688","targetHints":{"allow":["GET"]}}],"collection":[{"href":"https:\/\/javataste.de\/en\/wp-json\/wp\/v2\/product"}],"about":[{"href":"https:\/\/javataste.de\/en\/wp-json\/wp\/v2\/types\/product"}],"replies":[{"embeddable":true,"href":"https:\/\/javataste.de\/en\/wp-json\/wp\/v2\/comments?post=20215688"}],"wp:featuredmedia":[{"embeddable":true,"href":"https:\/\/javataste.de\/en\/wp-json\/wp\/v2\/media\/20215690"}],"wp:attachment":[{"href":"https:\/\/javataste.de\/en\/wp-json\/wp\/v2\/media?parent=20215688"}],"wp:term":[{"taxonomy":"product_brand","embeddable":true,"href":"https:\/\/javataste.de\/en\/wp-json\/wp\/v2\/product_brand?post=20215688"},{"taxonomy":"product_cat","embeddable":true,"href":"https:\/\/javataste.de\/en\/wp-json\/wp\/v2\/product_cat?post=20215688"},{"taxonomy":"product_tag","embeddable":true,"href":"https:\/\/javataste.de\/en\/wp-json\/wp\/v2\/product_tag?post=20215688"}],"curies":[{"name":"wp","href":"https:\/\/api.w.org\/{rel}","templated":true}]}}